{"id":26416,"date":"2025-05-20T13:25:10","date_gmt":"2025-05-20T13:25:10","guid":{"rendered":"https:\/\/vtpower.es\/?page_id=26416"},"modified":"2026-03-31T09:18:13","modified_gmt":"2026-03-31T09:18:13","slug":"lucas-oil","status":"publish","type":"page","link":"https:\/\/vtpower.es\/en\/vtglobal\/lucas-oil\/","title":{"rendered":"Lucas Oil"},"content":{"rendered":"<div data-elementor-type=\"wp-page\" data-elementor-id=\"26416\" class=\"elementor elementor-26416\" data-elementor-post-type=\"page\">\n\t\t\t\t\t\t<section class=\"elementor-section elementor-top-section elementor-element elementor-element-d59a779 elementor-section-full_width elementor-section-height-default elementor-section-height-default\" data-id=\"d59a779\" data-element_type=\"section\" data-e-type=\"section\">\n\t\t\t\t\t\t<div class=\"elementor-container elementor-column-gap-default\">\n\t\t\t\t\t<div class=\"elementor-column elementor-col-100 elementor-top-column elementor-element elementor-element-a2e900f\" data-id=\"a2e900f\" data-element_type=\"column\" data-e-type=\"column\">\n\t\t\t<div class=\"elementor-widget-wrap elementor-element-populated\">\n\t\t\t\t\t\t<div class=\"elementor-element elementor-element-9b010bd elementor-widget elementor-widget-image\" data-id=\"9b010bd\" data-element_type=\"widget\" data-e-type=\"widget\" data-widget_type=\"image.default\">\n\t\t\t\t<div class=\"elementor-widget-container\">\n\t\t\t\t\t\t\t\t\t\t\t\t\t\t\t<img decoding=\"async\" src=\"https:\/\/vtpower.es\/wp-content\/uploads\/2025\/06\/Diseno-sin-titulo-4.png\" title=\"Untitled design (4)\" alt=\"Untitled design (4)\" loading=\"lazy\" \/>\t\t\t\t\t\t\t\t\t\t\t\t\t\t\t<\/div>\n\t\t\t\t<\/div>\n\t\t\t\t\t<\/div>\n\t\t<\/div>\n\t\t\t\t\t<\/div>\n\t\t<\/section>\n\t\t\t\t<section class=\"elementor-section elementor-top-section elementor-element elementor-element-a26987c elementor-section-boxed elementor-section-height-default elementor-section-height-default\" data-id=\"a26987c\" data-element_type=\"section\" data-e-type=\"section\" data-settings=\"{&quot;background_background&quot;:&quot;classic&quot;}\">\n\t\t\t\t\t\t<div class=\"elementor-container elementor-column-gap-default\">\n\t\t\t\t\t<div class=\"elementor-column elementor-col-100 elementor-top-column elementor-element elementor-element-dbeb7fb\" data-id=\"dbeb7fb\" data-element_type=\"column\" data-e-type=\"column\">\n\t\t\t<div class=\"elementor-widget-wrap elementor-element-populated\">\n\t\t\t\t\t\t<div class=\"elementor-element elementor-element-8ec887e elementor-widget elementor-widget-heading\" data-id=\"8ec887e\" data-element_type=\"widget\" data-e-type=\"widget\" data-widget_type=\"heading.default\">\n\t\t\t\t<div class=\"elementor-widget-container\">\n\t\t\t\t\t<h2 class=\"elementor-heading-title elementor-size-default\">Resources:<\/h2>\t\t\t\t<\/div>\n\t\t\t\t<\/div>\n\t\t\t\t\t<\/div>\n\t\t<\/div>\n\t\t\t\t\t<\/div>\n\t\t<\/section>\n\t\t\t\t<section class=\"elementor-section elementor-top-section elementor-element elementor-element-5aaad39 elementor-section-boxed elementor-section-height-default elementor-section-height-default\" data-id=\"5aaad39\" data-element_type=\"section\" data-e-type=\"section\">\n\t\t\t\t\t\t<div class=\"elementor-container elementor-column-gap-default\">\n\t\t\t\t\t<div class=\"elementor-column elementor-col-100 elementor-top-column elementor-element elementor-element-f02f3e2\" data-id=\"f02f3e2\" data-element_type=\"column\" data-e-type=\"column\">\n\t\t\t<div class=\"elementor-widget-wrap elementor-element-populated\">\n\t\t\t\t\t\t<div class=\"elementor-element elementor-element-dc4ef52 elementor-widget elementor-widget-spacer\" data-id=\"dc4ef52\" data-element_type=\"widget\" data-e-type=\"widget\" data-widget_type=\"spacer.default\">\n\t\t\t\t<div class=\"elementor-widget-container\">\n\t\t\t\t\t\t\t<div class=\"elementor-spacer\">\n\t\t\t<div class=\"elementor-spacer-inner\"><\/div>\n\t\t<\/div>\n\t\t\t\t\t\t<\/div>\n\t\t\t\t<\/div>\n\t\t\t\t<div class=\"elementor-element elementor-element-22cdfd6 elementor-widget elementor-widget-heading\" data-id=\"22cdfd6\" data-element_type=\"widget\" data-e-type=\"widget\" data-widget_type=\"heading.default\">\n\t\t\t\t<div class=\"elementor-widget-container\">\n\t\t\t\t\t<h2 class=\"elementor-heading-title elementor-size-default\"><b>Catalogs:<\/b><\/h2>\t\t\t\t<\/div>\n\t\t\t\t<\/div>\n\t\t\t\t\t<\/div>\n\t\t<\/div>\n\t\t\t\t\t<\/div>\n\t\t<\/section>\n\t\t\t\t<section class=\"elementor-section elementor-top-section elementor-element elementor-element-4384c8c3 elementor-section-boxed elementor-section-height-default elementor-section-height-default\" data-id=\"4384c8c3\" data-element_type=\"section\" data-e-type=\"section\">\n\t\t\t\t\t\t<div class=\"elementor-container elementor-column-gap-default\">\n\t\t\t\t\t<div class=\"elementor-column elementor-col-100 elementor-top-column elementor-element elementor-element-431741dc\" data-id=\"431741dc\" data-element_type=\"column\" data-e-type=\"column\">\n\t\t\t<div class=\"elementor-widget-wrap elementor-element-populated\">\n\t\t\t\t\t\t<div class=\"elementor-element elementor-element-34a73c5d elementor-widget elementor-widget-text-editor\" data-id=\"34a73c5d\" data-element_type=\"widget\" data-e-type=\"widget\" data-widget_type=\"text-editor.default\">\n\t\t\t\t<div class=\"elementor-widget-container\">\n\t\t\t\t\t\t\t\t\t<figure class=\"wp-block-table is-style-stripes\"><h3 style=\"color: #c93f5e;\"><strong>Europe<\/strong><\/h3><table style=\"table-layout: auto; width: 100%; border-collapse: collapse;\"><thead><tr><th style=\"border: 0.5px solid #ccc; background-color: #c93f5e; color: white; width: 20%;\">Language<\/th><th style=\"border: 0.5px solid #ccc; background-color: #c93f5e; color: white; width: 80%;\">\u00a0<\/th><\/tr><\/thead><tbody><tr><td style=\"border: 0.5px solid #ccc; background-color: #c93f5e; color: white; text-align: center;\"><strong>EN<\/strong><\/td><td style=\"border: 0.5px solid #ccc; text-align: center; vertical-align: middle;\"><a style=\"color: #ff7f00;\" href=\"https:\/\/vtpower.es\/wp-content\/uploads\/2025\/09\/LUCAS-OIL-VT-ADDITIVES-AND-ENGINE-OILS-CATALOG-EUROPE-ENG.pdf\" target=\"_blank\" rel=\"noreferrer noopener\"><br \/><img decoding=\"async\" style=\"width: 40px; height: 40px; display: block; margin: auto;\" src=\"https:\/\/s.w.org\/images\/core\/emoji\/16.0.1\/svg\/1f4d6.svg\" alt=\"\ud83d\udcd6\" \/><br \/><\/a><\/td><\/tr><tr><td style=\"border: 0.5px solid #ccc; background-color: #c93f5e; color: white; text-align: center;\"><strong>FR<\/strong><\/td><td style=\"border: 0.5px solid #ccc; text-align: center; vertical-align: middle;\"><a style=\"color: #ff7f00;\" href=\"https:\/\/vtpower.es\/wp-content\/uploads\/2025\/09\/CATALOGUE-LUCAS-OIL-VT-ADDITIFS-ET-HUILES-MOTEUR-FRA-.pdf\" target=\"_blank\" rel=\"noreferrer noopener\"><br \/><img decoding=\"async\" style=\"width: 40px; height: 40px; display: block; margin: auto;\" src=\"https:\/\/s.w.org\/images\/core\/emoji\/16.0.1\/svg\/1f4d6.svg\" alt=\"\ud83d\udcd6\" \/><br \/><\/a><\/td><\/tr><\/tbody><\/table><h3 style=\"color: #c93f5e;\"><strong>South America<\/strong><\/h3><table style=\"table-layout: auto; width: 100%; border-collapse: collapse;\"><thead><tr><th style=\"border: 0.5px solid #ccc; background-color: #c93f5e; color: white; width: 20%;\">Language<\/th><th style=\"border: 0.5px solid #ccc; background-color: #c93f5e; color: white; width: 80%;\">\u00a0<\/th><\/tr><\/thead><tbody><tr><td style=\"border: 0.5px solid #ccc; background-color: #c93f5e; color: white; text-align: center;\"><strong>EN<\/strong><\/td><td style=\"border: 0.5px solid #ccc; text-align: center; vertical-align: middle;\"><a style=\"color: #ff7f00;\" href=\"https:\/\/vtpower.es\/wp-content\/uploads\/2026\/03\/Catalogo-LATAM-LUCAS_OIL-ESP_80dpi_70.pdf\" target=\"_blank\" rel=\"noreferrer noopener\"><br \/><img decoding=\"async\" style=\"width: 40px; height: 40px; display: block; margin: auto;\" src=\"https:\/\/s.w.org\/images\/core\/emoji\/16.0.1\/svg\/1f4d6.svg\" alt=\"\ud83d\udcd6\" \/><br \/><\/a><\/td><\/tr><tr><td style=\"border: 0.5px solid #ccc; background-color: #c93f5e; color: white; text-align: center;\"><strong>PT<\/strong><\/td><td style=\"border: 0.5px solid #ccc; text-align: center; vertical-align: middle;\"><a style=\"color: #ff7f00;\" href=\"https:\/\/vtpower.es\/wp-content\/uploads\/2026\/03\/Catalogo-LATAM-LUCAS_OIL-POR.pdf\" target=\"_blank\" rel=\"noreferrer noopener\"><br \/><img decoding=\"async\" style=\"width: 40px; height: 40px; display: block; margin: auto;\" src=\"https:\/\/s.w.org\/images\/core\/emoji\/16.0.1\/svg\/1f4d6.svg\" alt=\"\ud83d\udcd6\" \/><br \/><\/a><\/td><\/tr><\/tbody><\/table><\/figure>\t\t\t\t\t\t\t\t<\/div>\n\t\t\t\t<\/div>\n\t\t\t\t\t<\/div>\n\t\t<\/div>\n\t\t\t\t\t<\/div>\n\t\t<\/section>\n\t\t\t\t<section class=\"elementor-section elementor-top-section elementor-element elementor-element-871c891 elementor-section-boxed elementor-section-height-default elementor-section-height-default\" data-id=\"871c891\" data-element_type=\"section\" data-e-type=\"section\">\n\t\t\t\t\t\t<div class=\"elementor-container elementor-column-gap-default\">\n\t\t\t\t\t<div class=\"elementor-column elementor-col-100 elementor-top-column elementor-element elementor-element-c0f487e\" data-id=\"c0f487e\" data-element_type=\"column\" data-e-type=\"column\">\n\t\t\t<div class=\"elementor-widget-wrap elementor-element-populated\">\n\t\t\t\t\t\t<div class=\"elementor-element elementor-element-e3cdd74 elementor-widget elementor-widget-spacer\" data-id=\"e3cdd74\" data-element_type=\"widget\" data-e-type=\"widget\" data-widget_type=\"spacer.default\">\n\t\t\t\t<div class=\"elementor-widget-container\">\n\t\t\t\t\t\t\t<div class=\"elementor-spacer\">\n\t\t\t<div class=\"elementor-spacer-inner\"><\/div>\n\t\t<\/div>\n\t\t\t\t\t\t<\/div>\n\t\t\t\t<\/div>\n\t\t\t\t\t<\/div>\n\t\t<\/div>\n\t\t\t\t\t<\/div>\n\t\t<\/section>\n\t\t\t\t<section class=\"elementor-section elementor-top-section elementor-element elementor-element-db2a5dc elementor-section-boxed elementor-section-height-default elementor-section-height-default\" data-id=\"db2a5dc\" data-element_type=\"section\" data-e-type=\"section\">\n\t\t\t\t\t\t<div class=\"elementor-container elementor-column-gap-default\">\n\t\t\t\t\t<div class=\"elementor-column elementor-col-100 elementor-top-column elementor-element elementor-element-5d86830\" data-id=\"5d86830\" data-element_type=\"column\" data-e-type=\"column\">\n\t\t\t<div class=\"elementor-widget-wrap elementor-element-populated\">\n\t\t\t\t\t\t<div class=\"elementor-element elementor-element-7b5701f elementor-widget elementor-widget-heading\" data-id=\"7b5701f\" data-element_type=\"widget\" data-e-type=\"widget\" data-widget_type=\"heading.default\">\n\t\t\t\t<div class=\"elementor-widget-container\">\n\t\t\t\t\t<h2 class=\"elementor-heading-title elementor-size-default\"><b>Website:<\/b><\/h2>\t\t\t\t<\/div>\n\t\t\t\t<\/div>\n\t\t\t\t<div class=\"elementor-element elementor-element-4c69491 elementor-widget elementor-widget-button\" data-id=\"4c69491\" data-element_type=\"widget\" data-e-type=\"widget\" data-widget_type=\"button.default\">\n\t\t\t\t<div class=\"elementor-widget-container\">\n\t\t\t\t\t\t\t\t\t<div class=\"elementor-button-wrapper\">\n\t\t\t\t\t<a class=\"elementor-button elementor-button-link elementor-size-sm elementor-animation-grow\" href=\"https:\/\/lucasoil.co.uk\/\" target=\"_blank\" rel=\"noopener\">\n\t\t\t\t\t\t<span class=\"elementor-button-content-wrapper\">\n\t\t\t\t\t\t<span class=\"elementor-button-icon\">\n\t\t\t\t<svg xmlns=\"http:\/\/www.w3.org\/2000\/svg\" id=\"b385ca18-4b85-46d4-bb4b-571c73a19812\" data-name=\"b922a425-e5e0-4ef1-881c-5748460fd139\" viewbox=\"0 0 30.125 18.1738\"><title>arrow-icon-size3<\/title><path d=\"M29.75,9.3948,21.5281,1.1735a.8479.8479,0,0,0-.601-.261L20.9124.9119a.8526.8526,0,0,0-.5956.2409.8642.8642,0,0,0-.0027,1.23l6.7618,6.7611H.7316a.8566.8566,0,1,0,0,1.7131H27.0759l-6.7591,6.7591a.8576.8576,0,0,0-.0214,1.2113.8462.8462,0,0,0,.61.2583.8949.8949,0,0,0,.621-.2556l8.2233-8.224A.8587.8587,0,0,0,29.75,9.3948Z\" transform=\"translate(0.125 -0.9119)\"><\/path><\/svg>\t\t\t<\/span>\n\t\t\t\t\t\t\t\t\t<span class=\"elementor-button-text\">Access the website here:<\/span>\n\t\t\t\t\t<\/span>\n\t\t\t\t\t<\/a>\n\t\t\t\t<\/div>\n\t\t\t\t\t\t\t\t<\/div>\n\t\t\t\t<\/div>\n\t\t\t\t\t<\/div>\n\t\t<\/div>\n\t\t\t\t\t<\/div>\n\t\t<\/section>\n\t\t\t\t<section class=\"elementor-section elementor-top-section elementor-element elementor-element-ca353ba elementor-section-boxed elementor-section-height-default elementor-section-height-default\" data-id=\"ca353ba\" data-element_type=\"section\" data-e-type=\"section\">\n\t\t\t\t\t\t<div class=\"elementor-container elementor-column-gap-default\">\n\t\t\t\t\t<div class=\"elementor-column elementor-col-100 elementor-top-column elementor-element elementor-element-9bd42de\" data-id=\"9bd42de\" data-element_type=\"column\" data-e-type=\"column\">\n\t\t\t<div class=\"elementor-widget-wrap elementor-element-populated\">\n\t\t\t\t\t\t<div class=\"elementor-element elementor-element-116bc08 elementor-widget elementor-widget-spacer\" data-id=\"116bc08\" data-element_type=\"widget\" data-e-type=\"widget\" data-widget_type=\"spacer.default\">\n\t\t\t\t<div class=\"elementor-widget-container\">\n\t\t\t\t\t\t\t<div class=\"elementor-spacer\">\n\t\t\t<div class=\"elementor-spacer-inner\"><\/div>\n\t\t<\/div>\n\t\t\t\t\t\t<\/div>\n\t\t\t\t<\/div>\n\t\t\t\t\t<\/div>\n\t\t<\/div>\n\t\t\t\t\t<\/div>\n\t\t<\/section>\n\t\t\t\t<section class=\"elementor-section elementor-top-section elementor-element elementor-element-a7f1091 elementor-section-boxed elementor-section-height-default elementor-section-height-default\" data-id=\"a7f1091\" data-element_type=\"section\" data-e-type=\"section\">\n\t\t\t\t\t\t<div class=\"elementor-container elementor-column-gap-default\">\n\t\t\t\t\t<div class=\"elementor-column elementor-col-100 elementor-top-column elementor-element elementor-element-e2fb940\" data-id=\"e2fb940\" data-element_type=\"column\" data-e-type=\"column\">\n\t\t\t<div class=\"elementor-widget-wrap elementor-element-populated\">\n\t\t\t\t\t\t<div class=\"elementor-element elementor-element-d6c7332 elementor-widget elementor-widget-heading\" data-id=\"d6c7332\" data-element_type=\"widget\" data-e-type=\"widget\" data-widget_type=\"heading.default\">\n\t\t\t\t<div class=\"elementor-widget-container\">\n\t\t\t\t\t<h2 class=\"elementor-heading-title elementor-size-default\"><b>Social networks:<\/b><\/h2>\t\t\t\t<\/div>\n\t\t\t\t<\/div>\n\t\t\t\t\t<\/div>\n\t\t<\/div>\n\t\t\t\t\t<\/div>\n\t\t<\/section>\n\t\t\t\t<section class=\"elementor-section elementor-top-section elementor-element elementor-element-8fadf71 elementor-section-boxed elementor-section-height-default elementor-section-height-default\" data-id=\"8fadf71\" data-element_type=\"section\" data-e-type=\"section\">\n\t\t\t\t\t\t<div class=\"elementor-container elementor-column-gap-default\">\n\t\t\t\t\t<div class=\"elementor-column elementor-col-100 elementor-top-column elementor-element elementor-element-48737e4\" data-id=\"48737e4\" data-element_type=\"column\" data-e-type=\"column\">\n\t\t\t<div class=\"elementor-widget-wrap elementor-element-populated\">\n\t\t\t\t\t\t<div class=\"elementor-element elementor-element-b068f6e elementor-widget elementor-widget-text-editor\" data-id=\"b068f6e\" data-element_type=\"widget\" data-e-type=\"widget\" data-widget_type=\"text-editor.default\">\n\t\t\t\t<div class=\"elementor-widget-container\">\n\t\t\t\t\t\t\t\t\t<figure class=\"wp-block-table is-style-stripes\">\n<h4 style=\"color:#c93f5e;\"><table style=\"color: rgb(0, 0, 0); font-family: Poppins, sans-serif; font-size: 17px; table-layout: fixed;\"><thead><tr style=\"background-color:#c93f5e; color:white; height:60px;\"><th style=\"border:0.5px solid #ccc; width:50%;\">Social Network<\/th><th style=\"border:0.5px solid #ccc; width:50%;\">Link<\/th><\/tr><\/thead><tbody><tr style=\"height:60px;\"><td style=\"border: 0.5px solid rgb(204, 204, 204); background-image: initial; background-position: initial; background-size: initial; background-repeat: initial; background-attachment: initial; background-origin: initial; background-clip: initial; color: rgb(201, 63, 94); font-weight: bold;\"><img decoding=\"async\" draggable=\"false\" role=\"img\" class=\"emoji\" alt=\"\ud83d\udcf8\" src=\"https:\/\/s.w.org\/images\/core\/emoji\/16.0.1\/svg\/1f4f8.svg\"> Instagram<br><small>Spain<\/small>\n<\/td><td style=\"border: 0.5px solid rgb(204, 204, 204);\"><a href=\"https:\/\/www.instagram.com\/lucasoilspain\/\" target=\"_blank\" rel=\"noreferrer noopener\"><br><img decoding=\"async\" style=\"width:20px;height:20px;display:block;margin:auto;\" src=\"https:\/\/cdn-icons-png.flaticon.com\/512\/2111\/2111463.png\" alt=\"Instagram Spain\"><br><\/a>\n<\/td><\/tr><tr style=\"height:60px;\"><td style=\"border: 0.5px solid rgb(204, 204, 204); background-image: initial; background-position: initial; background-size: initial; background-repeat: initial; background-attachment: initial; background-origin: initial; background-clip: initial; color: rgb(201, 63, 94); font-weight: bold;\"><img decoding=\"async\" draggable=\"false\" role=\"img\" class=\"emoji\" alt=\"\ud83d\udcf8\" src=\"https:\/\/s.w.org\/images\/core\/emoji\/16.0.1\/svg\/1f4f8.svg\"> Instagram<br><small>Portugal<\/small>\n<\/td><td style=\"border: 0.5px solid rgb(204, 204, 204);\"><a href=\"https:\/\/www.instagram.com\/lucasoilportugal\/\" target=\"_blank\" rel=\"noreferrer noopener\"><br><img decoding=\"async\" style=\"width:20px;height:20px;display:block;margin:auto;\" src=\"https:\/\/cdn-icons-png.flaticon.com\/512\/2111\/2111463.png\" alt=\"Instagram Portugal\"><br><\/a>\n<\/td><\/tr><tr style=\"height:60px;\"><td style=\"border: 0.5px solid rgb(204, 204, 204); background-image: initial; background-position: initial; background-size: initial; background-repeat: initial; background-attachment: initial; background-origin: initial; background-clip: initial; color: rgb(201, 63, 94); font-weight: bold;\"><img decoding=\"async\" draggable=\"false\" role=\"img\" class=\"emoji\" alt=\"\ud83d\udcf8\" src=\"https:\/\/s.w.org\/images\/core\/emoji\/16.0.1\/svg\/1f4f8.svg\"> Instagram<br><small>Brazil<\/small>\n<\/td><td style=\"border: 0.5px solid rgb(204, 204, 204);\"><a href=\"https:\/\/www.instagram.com\/lucasoil_brasil\/?hl=es\" target=\"_blank\" rel=\"noreferrer noopener\"><br><img decoding=\"async\" style=\"width:20px;height:20px;display:block;margin:auto;\" src=\"https:\/\/cdn-icons-png.flaticon.com\/512\/2111\/2111463.png\" alt=\"Instagram Brazil\"><br><\/a>\n<\/td><\/tr><tr style=\"height:60px;\"><td style=\"border: 0.5px solid rgb(204, 204, 204); background-image: initial; background-position: initial; background-size: initial; background-repeat: initial; background-attachment: initial; background-origin: initial; background-clip: initial; color: rgb(201, 63, 94); font-weight: bold;\"><img decoding=\"async\" draggable=\"false\" role=\"img\" class=\"emoji\" alt=\"\ud83d\udcf8\" src=\"https:\/\/s.w.org\/images\/core\/emoji\/16.0.1\/svg\/1f4f8.svg\"> Instagram<br><small>UK<\/small>\n<\/td><td style=\"border: 0.5px solid rgb(204, 204, 204);\"><a href=\"https:\/\/www.instagram.com\/lucasoil_uk\/?hl=es\" target=\"_blank\" rel=\"noreferrer noopener\"><br><img decoding=\"async\" style=\"width:20px;height:20px;display:block;margin:auto;\" src=\"https:\/\/cdn-icons-png.flaticon.com\/512\/2111\/2111463.png\" alt=\"Instagram UK\"><br><\/a>\n<\/td><\/tr><tr style=\"height:60px;\"><td style=\"border: 0.5px solid rgb(204, 204, 204); background-image: initial; background-position: initial; background-size: initial; background-repeat: initial; background-attachment: initial; background-origin: initial; background-clip: initial; color: rgb(201, 63, 94); font-weight: bold;\"><img decoding=\"async\" draggable=\"false\" role=\"img\" class=\"emoji\" alt=\"\ud83d\udcf8\" src=\"https:\/\/s.w.org\/images\/core\/emoji\/16.0.1\/svg\/1f4f8.svg\"> Instagram<br><small>General<\/small>\n<\/td><td style=\"border: 0.5px solid rgb(204, 204, 204);\"><a href=\"https:\/\/www.linkedin.com\/company\/lucasoil\/\" target=\"_blank\" rel=\"noreferrer noopener\"><br><img decoding=\"async\" style=\"width:20px;height:20px;display:block;margin:auto;\" src=\"https:\/\/cdn-icons-png.flaticon.com\/512\/2111\/2111463.png\" alt=\"Instagram General\"><br><\/a>\n<\/td><\/tr><tr style=\"height:60px;\"><td style=\"border: 0.5px solid rgb(204, 204, 204); background-image: initial; background-position: initial; background-size: initial; background-repeat: initial; background-attachment: initial; background-origin: initial; background-clip: initial; color: rgb(201, 63, 94); font-weight: bold;\"><img decoding=\"async\" draggable=\"false\" role=\"img\" class=\"emoji\" alt=\"\ud83d\udd17\" src=\"https:\/\/s.w.org\/images\/core\/emoji\/16.0.1\/svg\/1f517.svg\"> LinkedIn<br><small>General<\/small>\n<\/td><td style=\"border: 0.5px solid rgb(204, 204, 204);\"><a href=\"https:\/\/www.linkedin.com\/company\/lucasoil\/\" target=\"_blank\" rel=\"noreferrer noopener\"><br><img decoding=\"async\" style=\"width:20px;height:20px;display:block;margin:auto;\" src=\"https:\/\/cdn-icons-png.flaticon.com\/512\/174\/174857.png\" alt=\"LinkedIn General\"><br><\/a><\/td><\/tr><\/tbody><\/table><\/h4>\n<\/figure>\t\t\t\t\t\t\t\t<\/div>\n\t\t\t\t<\/div>\n\t\t\t\t\t<\/div>\n\t\t<\/div>\n\t\t\t\t\t<\/div>\n\t\t<\/section>\n\t\t\t\t<section class=\"elementor-section elementor-top-section elementor-element elementor-element-4fc87b0 elementor-section-boxed elementor-section-height-default elementor-section-height-default\" data-id=\"4fc87b0\" data-element_type=\"section\" data-e-type=\"section\">\n\t\t\t\t\t\t<div class=\"elementor-container elementor-column-gap-default\">\n\t\t\t\t\t<div class=\"elementor-column elementor-col-100 elementor-top-column elementor-element elementor-element-59e9b11\" data-id=\"59e9b11\" data-element_type=\"column\" data-e-type=\"column\">\n\t\t\t<div class=\"elementor-widget-wrap elementor-element-populated\">\n\t\t\t\t\t\t<div class=\"elementor-element elementor-element-272ea06 elementor-widget elementor-widget-spacer\" data-id=\"272ea06\" data-element_type=\"widget\" data-e-type=\"widget\" data-widget_type=\"spacer.default\">\n\t\t\t\t<div class=\"elementor-widget-container\">\n\t\t\t\t\t\t\t<div class=\"elementor-spacer\">\n\t\t\t<div class=\"elementor-spacer-inner\"><\/div>\n\t\t<\/div>\n\t\t\t\t\t\t<\/div>\n\t\t\t\t<\/div>\n\t\t\t\t\t<\/div>\n\t\t<\/div>\n\t\t\t\t\t<\/div>\n\t\t<\/section>\n\t\t\t\t<section class=\"elementor-section elementor-top-section elementor-element elementor-element-b70dbac elementor-section-boxed elementor-section-height-default elementor-section-height-default\" data-id=\"b70dbac\" data-element_type=\"section\" data-e-type=\"section\">\n\t\t\t\t\t\t<div class=\"elementor-container elementor-column-gap-default\">\n\t\t\t\t\t<div class=\"elementor-column elementor-col-100 elementor-top-column elementor-element elementor-element-6aad388\" data-id=\"6aad388\" data-element_type=\"column\" data-e-type=\"column\">\n\t\t\t<div class=\"elementor-widget-wrap elementor-element-populated\">\n\t\t\t\t\t\t<div class=\"elementor-element elementor-element-7886954 elementor-widget elementor-widget-heading\" data-id=\"7886954\" data-element_type=\"widget\" data-e-type=\"widget\" data-widget_type=\"heading.default\">\n\t\t\t\t<div class=\"elementor-widget-container\">\n\t\t\t\t\t<h3 class=\"elementor-heading-title elementor-size-default\">Meet <b>more <\/b>about <b>LUCAS OIL<\/b><\/h3>\t\t\t\t<\/div>\n\t\t\t\t<\/div>\n\t\t\t\t\t<\/div>\n\t\t<\/div>\n\t\t\t\t\t<\/div>\n\t\t<\/section>\n\t\t\t\t<section class=\"elementor-section elementor-top-section elementor-element elementor-element-9c88bd0 elementor-section-boxed elementor-section-height-default elementor-section-height-default\" data-id=\"9c88bd0\" data-element_type=\"section\" data-e-type=\"section\">\n\t\t\t\t\t\t<div class=\"elementor-container elementor-column-gap-default\">\n\t\t\t\t\t<div class=\"elementor-column elementor-col-100 elementor-top-column elementor-element elementor-element-2c78059\" data-id=\"2c78059\" data-element_type=\"column\" data-e-type=\"column\">\n\t\t\t<div class=\"elementor-widget-wrap elementor-element-populated\">\n\t\t\t\t\t\t<div class=\"elementor-element elementor-element-c3e20b7 elementor-widget elementor-widget-video\" data-id=\"c3e20b7\" data-element_type=\"widget\" data-e-type=\"widget\" data-settings=\"{&quot;youtube_url&quot;:&quot;https:\\\/\\\/www.youtube.com\\\/watch?v=caLgG28PF5Q&amp;t=43s&quot;,&quot;loop&quot;:&quot;yes&quot;,&quot;video_type&quot;:&quot;youtube&quot;,&quot;controls&quot;:&quot;yes&quot;}\" data-widget_type=\"video.default\">\n\t\t\t\t<div class=\"elementor-widget-container\">\n\t\t\t\t\t\t\t<div class=\"elementor-wrapper elementor-open-inline\">\n\t\t\t<div class=\"elementor-video\"><\/div>\t\t<\/div>\n\t\t\t\t\t\t<\/div>\n\t\t\t\t<\/div>\n\t\t\t\t\t<\/div>\n\t\t<\/div>\n\t\t\t\t\t<\/div>\n\t\t<\/section>\n\t\t\t\t<section class=\"elementor-section elementor-top-section elementor-element elementor-element-c400cf0 elementor-section-boxed elementor-section-height-default elementor-section-height-default\" data-id=\"c400cf0\" data-element_type=\"section\" data-e-type=\"section\">\n\t\t\t\t\t\t<div class=\"elementor-container elementor-column-gap-default\">\n\t\t\t\t\t<div class=\"elementor-column elementor-col-100 elementor-top-column elementor-element elementor-element-2f1662d\" data-id=\"2f1662d\" data-element_type=\"column\" data-e-type=\"column\">\n\t\t\t<div class=\"elementor-widget-wrap elementor-element-populated\">\n\t\t\t\t\t\t<div class=\"elementor-element elementor-element-de53e78 elementor-widget elementor-widget-spacer\" data-id=\"de53e78\" data-element_type=\"widget\" data-e-type=\"widget\" data-widget_type=\"spacer.default\">\n\t\t\t\t<div class=\"elementor-widget-container\">\n\t\t\t\t\t\t\t<div class=\"elementor-spacer\">\n\t\t\t<div class=\"elementor-spacer-inner\"><\/div>\n\t\t<\/div>\n\t\t\t\t\t\t<\/div>\n\t\t\t\t<\/div>\n\t\t\t\t\t<\/div>\n\t\t<\/div>\n\t\t\t\t\t<\/div>\n\t\t<\/section>\n\t\t\t\t<\/div>","protected":false},"excerpt":{"rendered":"<p>Recursos: Cat\u00e1logos: Europa Idioma \u00a0 EN FR Sudam\u00e9rica Idioma \u00a0 ES PT P\u00e1gina web: arrow-icon-size3 Accede a la web aqu\u00ed: Redes sociales: Red Social Enlace InstagramEspa\u00f1a InstagramPortugal InstagramBrasil InstagramUK InstagramGeneral [&hellip;]<\/p>\n","protected":false},"author":1,"featured_media":0,"parent":4621,"menu_order":0,"comment_status":"closed","ping_status":"closed","template":"","meta":{"footnotes":""},"class_list":["post-26416","page","type-page","status-publish","hentry"],"_links":{"self":[{"href":"https:\/\/vtpower.es\/en\/wp-json\/wp\/v2\/pages\/26416","targetHints":{"allow":["GET"]}}],"collection":[{"href":"https:\/\/vtpower.es\/en\/wp-json\/wp\/v2\/pages"}],"about":[{"href":"https:\/\/vtpower.es\/en\/wp-json\/wp\/v2\/types\/page"}],"author":[{"embeddable":true,"href":"https:\/\/vtpower.es\/en\/wp-json\/wp\/v2\/users\/1"}],"replies":[{"embeddable":true,"href":"https:\/\/vtpower.es\/en\/wp-json\/wp\/v2\/comments?post=26416"}],"version-history":[{"count":81,"href":"https:\/\/vtpower.es\/en\/wp-json\/wp\/v2\/pages\/26416\/revisions"}],"predecessor-version":[{"id":29382,"href":"https:\/\/vtpower.es\/en\/wp-json\/wp\/v2\/pages\/26416\/revisions\/29382"}],"up":[{"embeddable":true,"href":"https:\/\/vtpower.es\/en\/wp-json\/wp\/v2\/pages\/4621"}],"wp:attachment":[{"href":"https:\/\/vtpower.es\/en\/wp-json\/wp\/v2\/media?parent=26416"}],"curies":[{"name":"wp","href":"https:\/\/api.w.org\/{rel}","templated":true}]}}