{"id":26426,"date":"2025-05-20T13:21:11","date_gmt":"2025-05-20T13:21:11","guid":{"rendered":"https:\/\/vtpower.es\/?page_id=26426"},"modified":"2025-10-06T09:30:15","modified_gmt":"2025-10-06T09:30:15","slug":"exide","status":"publish","type":"page","link":"https:\/\/vtpower.es\/en\/vtglobal\/exide\/","title":{"rendered":"Exide"},"content":{"rendered":"<div data-elementor-type=\"wp-page\" data-elementor-id=\"26426\" class=\"elementor elementor-26426\" data-elementor-post-type=\"page\">\n\t\t\t\t\t\t<section class=\"elementor-section elementor-top-section elementor-element elementor-element-e8b5861 elementor-section-full_width elementor-section-height-default elementor-section-height-default\" data-id=\"e8b5861\" data-element_type=\"section\" data-e-type=\"section\">\n\t\t\t\t\t\t<div class=\"elementor-container elementor-column-gap-default\">\n\t\t\t\t\t<div class=\"elementor-column elementor-col-100 elementor-top-column elementor-element elementor-element-7f95217\" data-id=\"7f95217\" data-element_type=\"column\" data-e-type=\"column\">\n\t\t\t<div class=\"elementor-widget-wrap elementor-element-populated\">\n\t\t\t\t\t\t<div class=\"elementor-element elementor-element-e24332e elementor-widget elementor-widget-image\" data-id=\"e24332e\" data-element_type=\"widget\" data-e-type=\"widget\" data-widget_type=\"image.default\">\n\t\t\t\t<div class=\"elementor-widget-container\">\n\t\t\t\t\t\t\t\t\t\t\t\t\t\t\t<img decoding=\"async\" src=\"https:\/\/vtpower.es\/wp-content\/uploads\/2025\/06\/Diseno-sin-titulo-5.png\" title=\"Untitled design (5)\" alt=\"Untitled design (5)\" loading=\"lazy\" \/>\t\t\t\t\t\t\t\t\t\t\t\t\t\t\t<\/div>\n\t\t\t\t<\/div>\n\t\t\t\t\t<\/div>\n\t\t<\/div>\n\t\t\t\t\t<\/div>\n\t\t<\/section>\n\t\t\t\t<section class=\"elementor-section elementor-top-section elementor-element elementor-element-6405135 elementor-section-boxed elementor-section-height-default elementor-section-height-default\" data-id=\"6405135\" data-element_type=\"section\" data-e-type=\"section\" data-settings=\"{&quot;background_background&quot;:&quot;classic&quot;}\">\n\t\t\t\t\t\t<div class=\"elementor-container elementor-column-gap-default\">\n\t\t\t\t\t<div class=\"elementor-column elementor-col-100 elementor-top-column elementor-element elementor-element-07e2f39\" data-id=\"07e2f39\" data-element_type=\"column\" data-e-type=\"column\">\n\t\t\t<div class=\"elementor-widget-wrap elementor-element-populated\">\n\t\t\t\t\t\t<div class=\"elementor-element elementor-element-6056b60 elementor-widget elementor-widget-heading\" data-id=\"6056b60\" data-element_type=\"widget\" data-e-type=\"widget\" data-widget_type=\"heading.default\">\n\t\t\t\t<div class=\"elementor-widget-container\">\n\t\t\t\t\t<h2 class=\"elementor-heading-title elementor-size-default\">Resources:<\/h2>\t\t\t\t<\/div>\n\t\t\t\t<\/div>\n\t\t\t\t\t<\/div>\n\t\t<\/div>\n\t\t\t\t\t<\/div>\n\t\t<\/section>\n\t\t\t\t<section class=\"elementor-section elementor-top-section elementor-element elementor-element-65c8d28 elementor-section-boxed elementor-section-height-default elementor-section-height-default\" data-id=\"65c8d28\" data-element_type=\"section\" data-e-type=\"section\">\n\t\t\t\t\t\t<div class=\"elementor-container elementor-column-gap-default\">\n\t\t\t\t\t<div class=\"elementor-column elementor-col-100 elementor-top-column elementor-element elementor-element-94bd4d8\" data-id=\"94bd4d8\" data-element_type=\"column\" data-e-type=\"column\">\n\t\t\t<div class=\"elementor-widget-wrap elementor-element-populated\">\n\t\t\t\t\t\t<div class=\"elementor-element elementor-element-7102b3e elementor-widget elementor-widget-spacer\" data-id=\"7102b3e\" data-element_type=\"widget\" data-e-type=\"widget\" data-widget_type=\"spacer.default\">\n\t\t\t\t<div class=\"elementor-widget-container\">\n\t\t\t\t\t\t\t<div class=\"elementor-spacer\">\n\t\t\t<div class=\"elementor-spacer-inner\"><\/div>\n\t\t<\/div>\n\t\t\t\t\t\t<\/div>\n\t\t\t\t<\/div>\n\t\t\t\t\t<\/div>\n\t\t<\/div>\n\t\t\t\t\t<\/div>\n\t\t<\/section>\n\t\t\t\t<section class=\"elementor-section elementor-top-section elementor-element elementor-element-a6b84ea elementor-section-boxed elementor-section-height-default elementor-section-height-default\" data-id=\"a6b84ea\" data-element_type=\"section\" data-e-type=\"section\">\n\t\t\t\t\t\t<div class=\"elementor-container elementor-column-gap-default\">\n\t\t\t\t\t<div class=\"elementor-column elementor-col-100 elementor-top-column elementor-element elementor-element-38ad529\" data-id=\"38ad529\" data-element_type=\"column\" data-e-type=\"column\">\n\t\t\t<div class=\"elementor-widget-wrap elementor-element-populated\">\n\t\t\t\t\t\t<div class=\"elementor-element elementor-element-6686b43 elementor-widget elementor-widget-heading\" data-id=\"6686b43\" data-element_type=\"widget\" data-e-type=\"widget\" data-widget_type=\"heading.default\">\n\t\t\t\t<div class=\"elementor-widget-container\">\n\t\t\t\t\t<h2 class=\"elementor-heading-title elementor-size-default\"><b>Catalogs:<\/b><\/h2>\t\t\t\t<\/div>\n\t\t\t\t<\/div>\n\t\t\t\t\t<\/div>\n\t\t<\/div>\n\t\t\t\t\t<\/div>\n\t\t<\/section>\n\t\t\t\t<section class=\"elementor-section elementor-top-section elementor-element elementor-element-74c2bb2a elementor-section-boxed elementor-section-height-default elementor-section-height-default\" data-id=\"74c2bb2a\" data-element_type=\"section\" data-e-type=\"section\">\n\t\t\t\t\t\t<div class=\"elementor-container elementor-column-gap-default\">\n\t\t\t\t\t<div class=\"elementor-column elementor-col-100 elementor-top-column elementor-element elementor-element-2d76b0c9\" data-id=\"2d76b0c9\" data-element_type=\"column\" data-e-type=\"column\">\n\t\t\t<div class=\"elementor-widget-wrap elementor-element-populated\">\n\t\t\t\t\t\t<div class=\"elementor-element elementor-element-46e21061 elementor-widget elementor-widget-text-editor\" data-id=\"46e21061\" data-element_type=\"widget\" data-e-type=\"widget\" data-widget_type=\"text-editor.default\">\n\t\t\t\t<div class=\"elementor-widget-container\">\n\t\t\t\t\t\t\t\t\t<figure class=\"wp-block-table is-style-stripes\"><table style=\"table-layout: auto; width: 100%; border-collapse: collapse; text-align: center;\"><thead><tr><th style=\"border: 0.5px solid #ccc; background-color: #6bb6d1; color: white; width: 15%;\">Language<\/th><th style=\"border: 0.5px solid #ccc; background-color: #6bb6d1; color: white; width: 21%;\">Exide<\/th><th style=\"border: 0.5px solid #ccc; background-color: #6bb6d1; color: white; width: 21%;\">Tudor<\/th><th style=\"border: 0.5px solid #ccc; background-color: #6bb6d1; color: white; width: 21%;\">Fulmen<\/th><th style=\"border: 0.5px solid #ccc; background-color: #6bb6d1; color: white; width: 22%;\">Deta<\/th><\/tr><\/thead><tbody><!-- ENGLISH --><tr><td style=\"border: 0.5px solid #ccc; background-color: #6bb6d1; color: white; text-align: center;\"><strong>EN<\/strong><\/td><td style=\"border: 0.5px solid #ccc; padding: 10px;\"><a href=\"https:\/\/vtpower.es\/wp-content\/uploads\/2025\/04\/CATALOGO-EXIDE.pdf\" target=\"_blank\" rel=\"noreferrer noopener\"><br \/><img decoding=\"async\" style=\"width: 50px; height: 50px; display: block; margin: auto;\" src=\"https:\/\/s.w.org\/images\/core\/emoji\/16.0.1\/svg\/1f4d6.svg\" alt=\"\ud83d\udcd6\" \/><br \/><\/a><\/td><td style=\"border: 0.5px solid #ccc; padding: 10px;\"><a href=\"https:\/\/vtpower.es\/wp-content\/uploads\/2025\/04\/CATALOGO-TUDOR.pdf\" target=\"_blank\" rel=\"noreferrer noopener\"><br \/><img decoding=\"async\" style=\"width: 50px; height: 50px; display: block; margin: auto;\" src=\"https:\/\/s.w.org\/images\/core\/emoji\/16.0.1\/svg\/1f4d6.svg\" alt=\"\ud83d\udcd6\" \/><br \/><\/a><\/td><td style=\"border: 0.5px solid #ccc; padding: 10px;\"><a href=\"https:\/\/vtpower.es\/wp-content\/uploads\/2025\/04\/CATALOGO-FULMEN.pdf\" target=\"_blank\" rel=\"noreferrer noopener\"><br \/><img decoding=\"async\" style=\"width: 50px; height: 50px; display: block; margin: auto;\" src=\"https:\/\/s.w.org\/images\/core\/emoji\/16.0.1\/svg\/1f4d6.svg\" alt=\"\ud83d\udcd6\" \/><br \/><\/a><\/td><td style=\"border: 0.5px solid #ccc;\">-<\/td><\/tr><!-- SPANISH --><tr><td style=\"border: 0.5px solid #ccc; background-color: #6bb6d1; color: white; text-align: center;\"><strong>EN<\/strong><\/td><td style=\"border: 0.5px solid #ccc;\">-<\/td><td style=\"border: 0.5px solid #ccc;\">-<\/td><td style=\"border: 0.5px solid #ccc;\">-<\/td><td style=\"border: 0.5px solid #ccc; padding: 10px;\"><a href=\"https:\/\/vtpower.es\/wp-content\/uploads\/2025\/04\/CATALOGO-DETA.pdf\" target=\"_blank\" rel=\"noreferrer noopener\"><br \/><img decoding=\"async\" style=\"width: 50px; height: 50px; display: block; margin: auto;\" src=\"https:\/\/s.w.org\/images\/core\/emoji\/16.0.1\/svg\/1f4d6.svg\" alt=\"\ud83d\udcd6\" \/><br \/><\/a><\/td><\/tr><\/tbody><\/table><\/figure>\t\t\t\t\t\t\t\t<\/div>\n\t\t\t\t<\/div>\n\t\t\t\t\t<\/div>\n\t\t<\/div>\n\t\t\t\t\t<\/div>\n\t\t<\/section>\n\t\t\t\t<section class=\"elementor-section elementor-top-section elementor-element elementor-element-8c17fd8 elementor-section-boxed elementor-section-height-default elementor-section-height-default\" data-id=\"8c17fd8\" data-element_type=\"section\" data-e-type=\"section\">\n\t\t\t\t\t\t<div class=\"elementor-container elementor-column-gap-default\">\n\t\t\t\t\t<div class=\"elementor-column elementor-col-100 elementor-top-column elementor-element elementor-element-fcd0bb6\" data-id=\"fcd0bb6\" data-element_type=\"column\" data-e-type=\"column\">\n\t\t\t<div class=\"elementor-widget-wrap elementor-element-populated\">\n\t\t\t\t\t\t<div class=\"elementor-element elementor-element-594e4c5 elementor-widget elementor-widget-spacer\" data-id=\"594e4c5\" data-element_type=\"widget\" data-e-type=\"widget\" data-widget_type=\"spacer.default\">\n\t\t\t\t<div class=\"elementor-widget-container\">\n\t\t\t\t\t\t\t<div class=\"elementor-spacer\">\n\t\t\t<div class=\"elementor-spacer-inner\"><\/div>\n\t\t<\/div>\n\t\t\t\t\t\t<\/div>\n\t\t\t\t<\/div>\n\t\t\t\t\t<\/div>\n\t\t<\/div>\n\t\t\t\t\t<\/div>\n\t\t<\/section>\n\t\t\t\t<section class=\"elementor-section elementor-top-section elementor-element elementor-element-02a4806 elementor-section-boxed elementor-section-height-default elementor-section-height-default\" data-id=\"02a4806\" data-element_type=\"section\" data-e-type=\"section\">\n\t\t\t\t\t\t<div class=\"elementor-container elementor-column-gap-default\">\n\t\t\t\t\t<div class=\"elementor-column elementor-col-100 elementor-top-column elementor-element elementor-element-1b01320\" data-id=\"1b01320\" data-element_type=\"column\" data-e-type=\"column\">\n\t\t\t<div class=\"elementor-widget-wrap elementor-element-populated\">\n\t\t\t\t\t\t<div class=\"elementor-element elementor-element-05af9c3 elementor-widget elementor-widget-heading\" data-id=\"05af9c3\" data-element_type=\"widget\" data-e-type=\"widget\" data-widget_type=\"heading.default\">\n\t\t\t\t<div class=\"elementor-widget-container\">\n\t\t\t\t\t<h2 class=\"elementor-heading-title elementor-size-default\"><b>Corporate Presentation:<\/b><\/h2>\t\t\t\t<\/div>\n\t\t\t\t<\/div>\n\t\t\t\t\t<\/div>\n\t\t<\/div>\n\t\t\t\t\t<\/div>\n\t\t<\/section>\n\t\t\t\t<section class=\"elementor-section elementor-top-section elementor-element elementor-element-322afa4 elementor-section-boxed elementor-section-height-default elementor-section-height-default\" data-id=\"322afa4\" data-element_type=\"section\" data-e-type=\"section\">\n\t\t\t\t\t\t<div class=\"elementor-container elementor-column-gap-default\">\n\t\t\t\t\t<div class=\"elementor-column elementor-col-100 elementor-top-column elementor-element elementor-element-e6262b6\" data-id=\"e6262b6\" data-element_type=\"column\" data-e-type=\"column\">\n\t\t\t<div class=\"elementor-widget-wrap elementor-element-populated\">\n\t\t\t\t\t\t<div class=\"elementor-element elementor-element-7a16f23 elementor-widget elementor-widget-text-editor\" data-id=\"7a16f23\" data-element_type=\"widget\" data-e-type=\"widget\" data-widget_type=\"text-editor.default\">\n\t\t\t\t<div class=\"elementor-widget-container\">\n\t\t\t\t\t\t\t\t\t<figure class=\"wp-block-table is-style-stripes\"><table style=\"color: #000000; font-family: Poppins, sans-serif; font-size: 17px; table-layout: fixed;\"><thead><tr style=\"background-color: #6bb6d1; color: white; height: 60px;\"><th style=\"border: 0.5px solid #ccc; width: 30%;\">Language<\/th><th style=\"border: 0.5px solid #ccc; width: 70%;\">Presentation<\/th><\/tr><\/thead><tbody><tr style=\"height: 60px;\"><td style=\"border: 0.5px solid #cccccc; background: #f5f5f5; color: #6bb6d1;\"><strong>EN<\/strong><\/td><td style=\"border: 0.5px solid #ccc; vertical-align: middle;\"><a href=\"https:\/\/vtpower.es\/wp-content\/uploads\/2025\/09\/PRESENTACION-VTGLOBAL-ESP.pdf\" target=\"_blank\" rel=\"noreferrer noopener\"><br \/><img decoding=\"async\" style=\"width: 40px; height: 40px; display: block; margin: auto;\" src=\"https:\/\/s.w.org\/images\/core\/emoji\/16.0.1\/svg\/1f4bb.svg\" alt=\"\ud83d\udcbb\" \/><br \/><\/a><\/td><\/tr><\/tbody><\/table><\/figure>\t\t\t\t\t\t\t\t<\/div>\n\t\t\t\t<\/div>\n\t\t\t\t\t<\/div>\n\t\t<\/div>\n\t\t\t\t\t<\/div>\n\t\t<\/section>\n\t\t\t\t<section class=\"elementor-section elementor-top-section elementor-element elementor-element-08bdd3f elementor-section-boxed elementor-section-height-default elementor-section-height-default\" data-id=\"08bdd3f\" data-element_type=\"section\" data-e-type=\"section\">\n\t\t\t\t\t\t<div class=\"elementor-container elementor-column-gap-default\">\n\t\t\t\t\t<div class=\"elementor-column elementor-col-100 elementor-top-column elementor-element elementor-element-e789f57\" data-id=\"e789f57\" data-element_type=\"column\" data-e-type=\"column\">\n\t\t\t<div class=\"elementor-widget-wrap elementor-element-populated\">\n\t\t\t\t\t\t<div class=\"elementor-element elementor-element-c050442 elementor-widget elementor-widget-spacer\" data-id=\"c050442\" data-element_type=\"widget\" data-e-type=\"widget\" data-widget_type=\"spacer.default\">\n\t\t\t\t<div class=\"elementor-widget-container\">\n\t\t\t\t\t\t\t<div class=\"elementor-spacer\">\n\t\t\t<div class=\"elementor-spacer-inner\"><\/div>\n\t\t<\/div>\n\t\t\t\t\t\t<\/div>\n\t\t\t\t<\/div>\n\t\t\t\t<div class=\"elementor-element elementor-element-ac4d028 elementor-widget elementor-widget-heading\" data-id=\"ac4d028\" data-element_type=\"widget\" data-e-type=\"widget\" data-widget_type=\"heading.default\">\n\t\t\t\t<div class=\"elementor-widget-container\">\n\t\t\t\t\t<h2 class=\"elementor-heading-title elementor-size-default\"><b>Website:<\/b><\/h2>\t\t\t\t<\/div>\n\t\t\t\t<\/div>\n\t\t\t\t<div class=\"elementor-element elementor-element-07afd55 elementor-widget elementor-widget-button\" data-id=\"07afd55\" data-element_type=\"widget\" data-e-type=\"widget\" data-widget_type=\"button.default\">\n\t\t\t\t<div class=\"elementor-widget-container\">\n\t\t\t\t\t\t\t\t\t<div class=\"elementor-button-wrapper\">\n\t\t\t\t\t<a class=\"elementor-button elementor-button-link elementor-size-sm elementor-animation-grow\" href=\"https:\/\/www.exidegroup.com\/es\/es\" target=\"_blank\" rel=\"noopener\">\n\t\t\t\t\t\t<span class=\"elementor-button-content-wrapper\">\n\t\t\t\t\t\t<span class=\"elementor-button-icon\">\n\t\t\t\t<svg xmlns=\"http:\/\/www.w3.org\/2000\/svg\" id=\"b385ca18-4b85-46d4-bb4b-571c73a19812\" data-name=\"b922a425-e5e0-4ef1-881c-5748460fd139\" viewbox=\"0 0 30.125 18.1738\"><title>arrow-icon-size3<\/title><path d=\"M29.75,9.3948,21.5281,1.1735a.8479.8479,0,0,0-.601-.261L20.9124.9119a.8526.8526,0,0,0-.5956.2409.8642.8642,0,0,0-.0027,1.23l6.7618,6.7611H.7316a.8566.8566,0,1,0,0,1.7131H27.0759l-6.7591,6.7591a.8576.8576,0,0,0-.0214,1.2113.8462.8462,0,0,0,.61.2583.8949.8949,0,0,0,.621-.2556l8.2233-8.224A.8587.8587,0,0,0,29.75,9.3948Z\" transform=\"translate(0.125 -0.9119)\"><\/path><\/svg>\t\t\t<\/span>\n\t\t\t\t\t\t\t\t\t<span class=\"elementor-button-text\">Access the website here:<\/span>\n\t\t\t\t\t<\/span>\n\t\t\t\t\t<\/a>\n\t\t\t\t<\/div>\n\t\t\t\t\t\t\t\t<\/div>\n\t\t\t\t<\/div>\n\t\t\t\t\t<\/div>\n\t\t<\/div>\n\t\t\t\t\t<\/div>\n\t\t<\/section>\n\t\t\t\t<section class=\"elementor-section elementor-top-section elementor-element elementor-element-a0b97c1 elementor-section-boxed elementor-section-height-default elementor-section-height-default\" data-id=\"a0b97c1\" data-element_type=\"section\" data-e-type=\"section\">\n\t\t\t\t\t\t<div class=\"elementor-container elementor-column-gap-default\">\n\t\t\t\t\t<div class=\"elementor-column elementor-col-100 elementor-top-column elementor-element elementor-element-311ab60\" data-id=\"311ab60\" data-element_type=\"column\" data-e-type=\"column\">\n\t\t\t<div class=\"elementor-widget-wrap elementor-element-populated\">\n\t\t\t\t\t\t<div class=\"elementor-element elementor-element-dce8329 elementor-widget elementor-widget-spacer\" data-id=\"dce8329\" data-element_type=\"widget\" data-e-type=\"widget\" data-widget_type=\"spacer.default\">\n\t\t\t\t<div class=\"elementor-widget-container\">\n\t\t\t\t\t\t\t<div class=\"elementor-spacer\">\n\t\t\t<div class=\"elementor-spacer-inner\"><\/div>\n\t\t<\/div>\n\t\t\t\t\t\t<\/div>\n\t\t\t\t<\/div>\n\t\t\t\t\t<\/div>\n\t\t<\/div>\n\t\t\t\t\t<\/div>\n\t\t<\/section>\n\t\t\t\t<section class=\"elementor-section elementor-top-section elementor-element elementor-element-07543bd elementor-section-boxed elementor-section-height-default elementor-section-height-default\" data-id=\"07543bd\" data-element_type=\"section\" data-e-type=\"section\">\n\t\t\t\t\t\t<div class=\"elementor-container elementor-column-gap-default\">\n\t\t\t\t\t<div class=\"elementor-column elementor-col-100 elementor-top-column elementor-element elementor-element-a99ef2c\" data-id=\"a99ef2c\" data-element_type=\"column\" data-e-type=\"column\">\n\t\t\t<div class=\"elementor-widget-wrap elementor-element-populated\">\n\t\t\t\t\t\t<div class=\"elementor-element elementor-element-3991ef2 elementor-widget elementor-widget-heading\" data-id=\"3991ef2\" data-element_type=\"widget\" data-e-type=\"widget\" data-widget_type=\"heading.default\">\n\t\t\t\t<div class=\"elementor-widget-container\">\n\t\t\t\t\t<h2 class=\"elementor-heading-title elementor-size-default\"><b>Social Networking:<\/b><\/h2>\t\t\t\t<\/div>\n\t\t\t\t<\/div>\n\t\t\t\t\t<\/div>\n\t\t<\/div>\n\t\t\t\t\t<\/div>\n\t\t<\/section>\n\t\t\t\t<section class=\"elementor-section elementor-top-section elementor-element elementor-element-9e82646 elementor-section-boxed elementor-section-height-default elementor-section-height-default\" data-id=\"9e82646\" data-element_type=\"section\" data-e-type=\"section\">\n\t\t\t\t\t\t<div class=\"elementor-container elementor-column-gap-default\">\n\t\t\t\t\t<div class=\"elementor-column elementor-col-100 elementor-top-column elementor-element elementor-element-b9e8fcf\" data-id=\"b9e8fcf\" data-element_type=\"column\" data-e-type=\"column\">\n\t\t\t<div class=\"elementor-widget-wrap elementor-element-populated\">\n\t\t\t\t\t\t<div class=\"elementor-element elementor-element-43fdd0c elementor-widget elementor-widget-text-editor\" data-id=\"43fdd0c\" data-element_type=\"widget\" data-e-type=\"widget\" data-widget_type=\"text-editor.default\">\n\t\t\t\t<div class=\"elementor-widget-container\">\n\t\t\t\t\t\t\t\t\t<figure class=\"wp-block-table is-style-stripes\"><table style=\"color: #000000; font-family: Poppins, sans-serif; font-size: 17px; table-layout: fixed;\"><thead><tr style=\"background-color: #6bb6d1; color: white; height: 60px;\"><th style=\"border: 0.5px solid #ccc; width: 30%;\">Platform<\/th><th style=\"border: 0.5px solid #ccc; width: 70%;\">Link<\/th><\/tr><\/thead><tbody><tr style=\"height: 60px;\"><td style=\"border: 0.5px solid #cccccc; background-color: #f5f5f5; color: #00577c;\"><strong>LinkedIn<\/strong><\/td><td style=\"border: 0.5px solid #cccccc; vertical-align: middle;\"><a href=\"https:\/\/www.linkedin.com\/company\/exidegroup\/posts\/?feedView=all\" target=\"_blank\" rel=\"noreferrer noopener\"><br \/><img decoding=\"async\" style=\"width: 20px; height: 20px; display: block; margin: auto;\" src=\"https:\/\/cdn-icons-png.flaticon.com\/512\/174\/174857.png\" alt=\"LinkedIn\" \/><br \/><\/a><\/td><\/tr><\/tbody><\/table><\/figure>\t\t\t\t\t\t\t\t<\/div>\n\t\t\t\t<\/div>\n\t\t\t\t\t<\/div>\n\t\t<\/div>\n\t\t\t\t\t<\/div>\n\t\t<\/section>\n\t\t\t\t<section class=\"elementor-section elementor-top-section elementor-element elementor-element-20d2684 elementor-section-boxed elementor-section-height-default elementor-section-height-default\" data-id=\"20d2684\" data-element_type=\"section\" data-e-type=\"section\">\n\t\t\t\t\t\t<div class=\"elementor-container elementor-column-gap-default\">\n\t\t\t\t\t<div class=\"elementor-column elementor-col-100 elementor-top-column elementor-element elementor-element-55df7b7\" data-id=\"55df7b7\" data-element_type=\"column\" data-e-type=\"column\">\n\t\t\t<div class=\"elementor-widget-wrap elementor-element-populated\">\n\t\t\t\t\t\t<div class=\"elementor-element elementor-element-c5c099f elementor-widget elementor-widget-spacer\" data-id=\"c5c099f\" data-element_type=\"widget\" data-e-type=\"widget\" data-widget_type=\"spacer.default\">\n\t\t\t\t<div class=\"elementor-widget-container\">\n\t\t\t\t\t\t\t<div class=\"elementor-spacer\">\n\t\t\t<div class=\"elementor-spacer-inner\"><\/div>\n\t\t<\/div>\n\t\t\t\t\t\t<\/div>\n\t\t\t\t<\/div>\n\t\t\t\t\t<\/div>\n\t\t<\/div>\n\t\t\t\t\t<\/div>\n\t\t<\/section>\n\t\t\t\t<\/div>","protected":false},"excerpt":{"rendered":"<p>Recursos: Cat\u00e1logos: Idioma Exide Tudor Fulmen Deta EN \u2014 ES \u2014 \u2014 \u2014 Presentaci\u00f3n Corporativa: Idioma Presentaci\u00f3n ES P\u00e1gina web: arrow-icon-size3 Accede a la web aqu\u00ed: Redes Sociales: Plataforma Enlace [&hellip;]<\/p>\n","protected":false},"author":1,"featured_media":0,"parent":4621,"menu_order":0,"comment_status":"closed","ping_status":"closed","template":"","meta":{"footnotes":""},"class_list":["post-26426","page","type-page","status-publish","hentry"],"_links":{"self":[{"href":"https:\/\/vtpower.es\/en\/wp-json\/wp\/v2\/pages\/26426","targetHints":{"allow":["GET"]}}],"collection":[{"href":"https:\/\/vtpower.es\/en\/wp-json\/wp\/v2\/pages"}],"about":[{"href":"https:\/\/vtpower.es\/en\/wp-json\/wp\/v2\/types\/page"}],"author":[{"embeddable":true,"href":"https:\/\/vtpower.es\/en\/wp-json\/wp\/v2\/users\/1"}],"replies":[{"embeddable":true,"href":"https:\/\/vtpower.es\/en\/wp-json\/wp\/v2\/comments?post=26426"}],"version-history":[{"count":58,"href":"https:\/\/vtpower.es\/en\/wp-json\/wp\/v2\/pages\/26426\/revisions"}],"predecessor-version":[{"id":29132,"href":"https:\/\/vtpower.es\/en\/wp-json\/wp\/v2\/pages\/26426\/revisions\/29132"}],"up":[{"embeddable":true,"href":"https:\/\/vtpower.es\/en\/wp-json\/wp\/v2\/pages\/4621"}],"wp:attachment":[{"href":"https:\/\/vtpower.es\/en\/wp-json\/wp\/v2\/media?parent=26426"}],"curies":[{"name":"wp","href":"https:\/\/api.w.org\/{rel}","templated":true}]}}