{"id":28737,"date":"2025-09-16T10:19:36","date_gmt":"2025-09-16T10:19:36","guid":{"rendered":"https:\/\/vtpower.es\/?page_id=28737"},"modified":"2025-10-06T10:41:24","modified_gmt":"2025-10-06T10:41:24","slug":"esan","status":"publish","type":"page","link":"https:\/\/vtpower.es\/en\/esan\/","title":{"rendered":"ESAN"},"content":{"rendered":"<div data-elementor-type=\"wp-page\" data-elementor-id=\"28737\" class=\"elementor elementor-28737\" data-elementor-post-type=\"page\">\n\t\t\t\t\t\t<section class=\"elementor-section elementor-top-section elementor-element elementor-element-57e4b71 elementor-section-full_width elementor-section-height-default elementor-section-height-default\" data-id=\"57e4b71\" data-element_type=\"section\" data-e-type=\"section\">\n\t\t\t\t\t\t<div class=\"elementor-container elementor-column-gap-default\">\n\t\t\t\t\t<div class=\"elementor-column elementor-col-100 elementor-top-column elementor-element elementor-element-fa62a72\" data-id=\"fa62a72\" data-element_type=\"column\" data-e-type=\"column\">\n\t\t\t<div class=\"elementor-widget-wrap elementor-element-populated\">\n\t\t\t\t\t\t<div class=\"elementor-element elementor-element-01c6075 elementor-widget elementor-widget-image\" data-id=\"01c6075\" data-element_type=\"widget\" data-e-type=\"widget\" data-widget_type=\"image.default\">\n\t\t\t\t<div class=\"elementor-widget-container\">\n\t\t\t\t\t\t\t\t\t\t\t\t\t\t\t<img decoding=\"async\" src=\"https:\/\/vtpower.es\/wp-content\/uploads\/elementor\/thumbs\/Mockup-Logo-ESAN-1-rhqmx0df526q3a88undtrccn2kkui172u6b758cuhy.png\" title=\"ESAN Logo Mockup\" alt=\"ESAN Logo Mockup\" loading=\"lazy\" \/>\t\t\t\t\t\t\t\t\t\t\t\t\t\t\t<\/div>\n\t\t\t\t<\/div>\n\t\t\t\t\t<\/div>\n\t\t<\/div>\n\t\t\t\t\t<\/div>\n\t\t<\/section>\n\t\t\t\t<section class=\"elementor-section elementor-top-section elementor-element elementor-element-9a2f2fa elementor-section-boxed elementor-section-height-default elementor-section-height-default\" data-id=\"9a2f2fa\" data-element_type=\"section\" data-e-type=\"section\" data-settings=\"{&quot;background_background&quot;:&quot;classic&quot;}\">\n\t\t\t\t\t\t<div class=\"elementor-container elementor-column-gap-default\">\n\t\t\t\t\t<div class=\"elementor-column elementor-col-100 elementor-top-column elementor-element elementor-element-1e02978\" data-id=\"1e02978\" data-element_type=\"column\" data-e-type=\"column\">\n\t\t\t<div class=\"elementor-widget-wrap elementor-element-populated\">\n\t\t\t\t\t\t<div class=\"elementor-element elementor-element-b721806 elementor-widget elementor-widget-heading\" data-id=\"b721806\" data-element_type=\"widget\" data-e-type=\"widget\" data-widget_type=\"heading.default\">\n\t\t\t\t<div class=\"elementor-widget-container\">\n\t\t\t\t\t<h2 class=\"elementor-heading-title elementor-size-default\">Resources<\/h2>\t\t\t\t<\/div>\n\t\t\t\t<\/div>\n\t\t\t\t\t<\/div>\n\t\t<\/div>\n\t\t\t\t\t<\/div>\n\t\t<\/section>\n\t\t\t\t<section class=\"elementor-section elementor-top-section elementor-element elementor-element-afff7aa elementor-section-boxed elementor-section-height-default elementor-section-height-default\" data-id=\"afff7aa\" data-element_type=\"section\" data-e-type=\"section\">\n\t\t\t\t\t\t<div class=\"elementor-container elementor-column-gap-default\">\n\t\t\t\t\t<div class=\"elementor-column elementor-col-100 elementor-top-column elementor-element elementor-element-950367c\" data-id=\"950367c\" data-element_type=\"column\" data-e-type=\"column\">\n\t\t\t<div class=\"elementor-widget-wrap elementor-element-populated\">\n\t\t\t\t\t\t<div class=\"elementor-element elementor-element-9bc76b4 elementor-widget elementor-widget-spacer\" data-id=\"9bc76b4\" data-element_type=\"widget\" data-e-type=\"widget\" data-widget_type=\"spacer.default\">\n\t\t\t\t<div class=\"elementor-widget-container\">\n\t\t\t\t\t\t\t<div class=\"elementor-spacer\">\n\t\t\t<div class=\"elementor-spacer-inner\"><\/div>\n\t\t<\/div>\n\t\t\t\t\t\t<\/div>\n\t\t\t\t<\/div>\n\t\t\t\t<div class=\"elementor-element elementor-element-7ad310e elementor-widget elementor-widget-heading\" data-id=\"7ad310e\" data-element_type=\"widget\" data-e-type=\"widget\" data-widget_type=\"heading.default\">\n\t\t\t\t<div class=\"elementor-widget-container\">\n\t\t\t\t\t<h2 class=\"elementor-heading-title elementor-size-default\"><b>Catalogs:<\/b><\/h2>\t\t\t\t<\/div>\n\t\t\t\t<\/div>\n\t\t\t\t\t<\/div>\n\t\t<\/div>\n\t\t\t\t\t<\/div>\n\t\t<\/section>\n\t\t\t\t<section class=\"elementor-section elementor-top-section elementor-element elementor-element-1d2a62b elementor-section-boxed elementor-section-height-default elementor-section-height-default\" data-id=\"1d2a62b\" data-element_type=\"section\" data-e-type=\"section\">\n\t\t\t\t\t\t<div class=\"elementor-container elementor-column-gap-default\">\n\t\t\t\t\t<div class=\"elementor-column elementor-col-100 elementor-top-column elementor-element elementor-element-cdaa621\" data-id=\"cdaa621\" data-element_type=\"column\" data-e-type=\"column\">\n\t\t\t<div class=\"elementor-widget-wrap elementor-element-populated\">\n\t\t\t\t\t\t<div class=\"elementor-element elementor-element-085c8e1 elementor-widget__width-initial elementor-widget elementor-widget-text-editor\" data-id=\"085c8e1\" data-element_type=\"widget\" data-e-type=\"widget\" data-widget_type=\"text-editor.default\">\n\t\t\t\t<div class=\"elementor-widget-container\">\n\t\t\t\t\t\t\t\t\t<p><\/p><figure class=\"wp-block-table is-style-stripes\"><table style=\"table-layout: fixed; width: 100%; border-collapse: collapse; text-align: center;\"><thead><tr><th style=\"border: 0.5px solid #ccc; background-color: #536c9c; color: white; width: 30%; padding: 6px;\">Language<\/th><th style=\"border: 0.5px solid #ccc; background-color: #536c9c; color: white; width: 70%; padding: 6px;\">Global<\/th><\/tr><\/thead><tbody><tr><td style=\"border: 0.5px solid #ccc; background-color: #536c9c; color: white; padding: 6px;\"><strong>EN<\/strong><\/td><td style=\"border: 0.5px solid #ccc; padding: 6px;\"><a href=\"https:\/\/vtpower.es\/wp-content\/uploads\/2025\/07\/Lucas-Catalogue-ver.July_ENG.pdf\" target=\"_blank\" rel=\"noreferrer noopener\"><br \/><img decoding=\"async\" style=\"width: 50px; height: 50px; display: block; margin: auto;\" src=\"https:\/\/s.w.org\/images\/core\/emoji\/16.0.1\/svg\/1f4d6.svg\" alt=\"\ud83d\udcd6\" \/><br \/><\/a><\/td><\/tr><\/tbody><\/table><\/figure>\t\t\t\t\t\t\t\t<\/div>\n\t\t\t\t<\/div>\n\t\t\t\t\t<\/div>\n\t\t<\/div>\n\t\t\t\t\t<\/div>\n\t\t<\/section>\n\t\t\t\t<section class=\"elementor-section elementor-top-section elementor-element elementor-element-bb62992 elementor-section-boxed elementor-section-height-default elementor-section-height-default\" data-id=\"bb62992\" data-element_type=\"section\" data-e-type=\"section\">\n\t\t\t\t\t\t<div class=\"elementor-container elementor-column-gap-default\">\n\t\t\t\t\t<div class=\"elementor-column elementor-col-100 elementor-top-column elementor-element elementor-element-11f8cd9\" data-id=\"11f8cd9\" data-element_type=\"column\" data-e-type=\"column\">\n\t\t\t<div class=\"elementor-widget-wrap elementor-element-populated\">\n\t\t\t\t\t\t<div class=\"elementor-element elementor-element-d9c868e elementor-widget elementor-widget-spacer\" data-id=\"d9c868e\" data-element_type=\"widget\" data-e-type=\"widget\" data-widget_type=\"spacer.default\">\n\t\t\t\t<div class=\"elementor-widget-container\">\n\t\t\t\t\t\t\t<div class=\"elementor-spacer\">\n\t\t\t<div class=\"elementor-spacer-inner\"><\/div>\n\t\t<\/div>\n\t\t\t\t\t\t<\/div>\n\t\t\t\t<\/div>\n\t\t\t\t<div class=\"elementor-element elementor-element-20aabdd elementor-widget elementor-widget-heading\" data-id=\"20aabdd\" data-element_type=\"widget\" data-e-type=\"widget\" data-widget_type=\"heading.default\">\n\t\t\t\t<div class=\"elementor-widget-container\">\n\t\t\t\t\t<h2 class=\"elementor-heading-title elementor-size-default\"><b>Corporate Presentation:<\/b><\/h2>\t\t\t\t<\/div>\n\t\t\t\t<\/div>\n\t\t\t\t\t<\/div>\n\t\t<\/div>\n\t\t\t\t\t<\/div>\n\t\t<\/section>\n\t\t\t\t<section class=\"elementor-section elementor-top-section elementor-element elementor-element-fe5fc6d elementor-section-boxed elementor-section-height-default elementor-section-height-default\" data-id=\"fe5fc6d\" data-element_type=\"section\" data-e-type=\"section\">\n\t\t\t\t\t\t<div class=\"elementor-container elementor-column-gap-default\">\n\t\t\t\t\t<div class=\"elementor-column elementor-col-100 elementor-top-column elementor-element elementor-element-8b90026\" data-id=\"8b90026\" data-element_type=\"column\" data-e-type=\"column\">\n\t\t\t<div class=\"elementor-widget-wrap elementor-element-populated\">\n\t\t\t\t\t\t<div class=\"elementor-element elementor-element-e04c613 elementor-widget elementor-widget-text-editor\" data-id=\"e04c613\" data-element_type=\"widget\" data-e-type=\"widget\" data-widget_type=\"text-editor.default\">\n\t\t\t\t<div class=\"elementor-widget-container\">\n\t\t\t\t\t\t\t\t\t<figure class=\"wp-block-table is-style-stripes\">\n<h4 style=\"color: #536c9c;\"><strong>Presentation<\/strong><\/h4>\n<table style=\"background-color: initial; color: #000000; font-family: Poppins, sans-serif; font-size: 17px; table-layout: fixed; width: 100%; border-collapse: collapse; text-align: center;\">\n<thead>\n<tr style=\"background-color: #536c9c; color: white; height: 60px;\">\n<th style=\"border-width: 0.5px; border-color: #cccccc; width: 30%;\">Language<\/th>\n<th style=\"border-width: 0.5px; border-color: #cccccc; width: 70%;\">Presentation<\/th>\n<\/tr>\n<\/thead>\n<tbody>\n<tr style=\"height: 60px;\">\n<td style=\"border-width: 0.5px; border-color: #cccccc; background: #f5f5f5; color: #536c9c; text-align: center;\"><strong>EN<\/strong><\/td>\n<td style=\"border-width: 0.5px; border-color: #cccccc; vertical-align: middle;\"><a href=\"https:\/\/vtpower.es\/wp-content\/uploads\/2025\/09\/PRESENTATION-VTGLOBAL-ENG.pdf\" target=\"_blank\" rel=\"noreferrer noopener\"><br \/><img decoding=\"async\" style=\"width: 40px; height: 40px; display: block; margin: auto;\" src=\"https:\/\/s.w.org\/images\/core\/emoji\/16.0.1\/svg\/1f4bb.svg\" alt=\"\ud83d\udcbb\" \/>\u00a0<\/a><\/td>\n<\/tr>\n<\/tbody>\n<\/table>\n<\/figure>\t\t\t\t\t\t\t\t<\/div>\n\t\t\t\t<\/div>\n\t\t\t\t\t<\/div>\n\t\t<\/div>\n\t\t\t\t\t<\/div>\n\t\t<\/section>\n\t\t\t\t<section class=\"elementor-section elementor-top-section elementor-element elementor-element-559fe50 elementor-section-boxed elementor-section-height-default elementor-section-height-default\" data-id=\"559fe50\" data-element_type=\"section\" data-e-type=\"section\">\n\t\t\t\t\t\t<div class=\"elementor-container elementor-column-gap-default\">\n\t\t\t\t\t<div class=\"elementor-column elementor-col-100 elementor-top-column elementor-element elementor-element-fc818cb\" data-id=\"fc818cb\" data-element_type=\"column\" data-e-type=\"column\">\n\t\t\t<div class=\"elementor-widget-wrap elementor-element-populated\">\n\t\t\t\t\t\t<div class=\"elementor-element elementor-element-044bc55 elementor-widget elementor-widget-spacer\" data-id=\"044bc55\" data-element_type=\"widget\" data-e-type=\"widget\" data-widget_type=\"spacer.default\">\n\t\t\t\t<div class=\"elementor-widget-container\">\n\t\t\t\t\t\t\t<div class=\"elementor-spacer\">\n\t\t\t<div class=\"elementor-spacer-inner\"><\/div>\n\t\t<\/div>\n\t\t\t\t\t\t<\/div>\n\t\t\t\t<\/div>\n\t\t\t\t<div class=\"elementor-element elementor-element-69afa52 elementor-widget elementor-widget-heading\" data-id=\"69afa52\" data-element_type=\"widget\" data-e-type=\"widget\" data-widget_type=\"heading.default\">\n\t\t\t\t<div class=\"elementor-widget-container\">\n\t\t\t\t\t<h2 class=\"elementor-heading-title elementor-size-default\"><b>Website:<\/b><\/h2>\t\t\t\t<\/div>\n\t\t\t\t<\/div>\n\t\t\t\t<div class=\"elementor-element elementor-element-52087ef elementor-widget elementor-widget-button\" data-id=\"52087ef\" data-element_type=\"widget\" data-e-type=\"widget\" data-widget_type=\"button.default\">\n\t\t\t\t<div class=\"elementor-widget-container\">\n\t\t\t\t\t\t\t\t\t<div class=\"elementor-button-wrapper\">\n\t\t\t\t\t<a class=\"elementor-button elementor-button-link elementor-size-sm elementor-animation-grow\" href=\"https:\/\/www.esanaku.com\/\" target=\"_blank\" rel=\"noopener\">\n\t\t\t\t\t\t<span class=\"elementor-button-content-wrapper\">\n\t\t\t\t\t\t<span class=\"elementor-button-icon\">\n\t\t\t\t<svg xmlns=\"http:\/\/www.w3.org\/2000\/svg\" id=\"b385ca18-4b85-46d4-bb4b-571c73a19812\" data-name=\"b922a425-e5e0-4ef1-881c-5748460fd139\" viewbox=\"0 0 30.125 18.1738\"><title>arrow-icon-size3<\/title><path d=\"M29.75,9.3948,21.5281,1.1735a.8479.8479,0,0,0-.601-.261L20.9124.9119a.8526.8526,0,0,0-.5956.2409.8642.8642,0,0,0-.0027,1.23l6.7618,6.7611H.7316a.8566.8566,0,1,0,0,1.7131H27.0759l-6.7591,6.7591a.8576.8576,0,0,0-.0214,1.2113.8462.8462,0,0,0,.61.2583.8949.8949,0,0,0,.621-.2556l8.2233-8.224A.8587.8587,0,0,0,29.75,9.3948Z\" transform=\"translate(0.125 -0.9119)\"><\/path><\/svg>\t\t\t<\/span>\n\t\t\t\t\t\t\t\t\t<span class=\"elementor-button-text\">Access the website here:<\/span>\n\t\t\t\t\t<\/span>\n\t\t\t\t\t<\/a>\n\t\t\t\t<\/div>\n\t\t\t\t\t\t\t\t<\/div>\n\t\t\t\t<\/div>\n\t\t\t\t\t<\/div>\n\t\t<\/div>\n\t\t\t\t\t<\/div>\n\t\t<\/section>\n\t\t\t\t<section class=\"elementor-section elementor-top-section elementor-element elementor-element-0690c4c elementor-section-boxed elementor-section-height-default elementor-section-height-default\" data-id=\"0690c4c\" data-element_type=\"section\" data-e-type=\"section\">\n\t\t\t\t\t\t<div class=\"elementor-container elementor-column-gap-default\">\n\t\t\t\t\t<div class=\"elementor-column elementor-col-100 elementor-top-column elementor-element elementor-element-586774a\" data-id=\"586774a\" data-element_type=\"column\" data-e-type=\"column\">\n\t\t\t<div class=\"elementor-widget-wrap elementor-element-populated\">\n\t\t\t\t\t\t<div class=\"elementor-element elementor-element-50c3941 elementor-widget elementor-widget-spacer\" data-id=\"50c3941\" data-element_type=\"widget\" data-e-type=\"widget\" data-widget_type=\"spacer.default\">\n\t\t\t\t<div class=\"elementor-widget-container\">\n\t\t\t\t\t\t\t<div class=\"elementor-spacer\">\n\t\t\t<div class=\"elementor-spacer-inner\"><\/div>\n\t\t<\/div>\n\t\t\t\t\t\t<\/div>\n\t\t\t\t<\/div>\n\t\t\t\t<div class=\"elementor-element elementor-element-b3e5b97 elementor-widget elementor-widget-heading\" data-id=\"b3e5b97\" data-element_type=\"widget\" data-e-type=\"widget\" data-widget_type=\"heading.default\">\n\t\t\t\t<div class=\"elementor-widget-container\">\n\t\t\t\t\t<h2 class=\"elementor-heading-title elementor-size-default\"><b>Social networks:<\/b><\/h2>\t\t\t\t<\/div>\n\t\t\t\t<\/div>\n\t\t\t\t\t<\/div>\n\t\t<\/div>\n\t\t\t\t\t<\/div>\n\t\t<\/section>\n\t\t\t\t<section class=\"elementor-section elementor-top-section elementor-element elementor-element-64d9b07 elementor-section-boxed elementor-section-height-default elementor-section-height-default\" data-id=\"64d9b07\" data-element_type=\"section\" data-e-type=\"section\">\n\t\t\t\t\t\t<div class=\"elementor-container elementor-column-gap-default\">\n\t\t\t\t\t<div class=\"elementor-column elementor-col-100 elementor-top-column elementor-element elementor-element-8b34c81\" data-id=\"8b34c81\" data-element_type=\"column\" data-e-type=\"column\">\n\t\t\t<div class=\"elementor-widget-wrap elementor-element-populated\">\n\t\t\t\t\t\t<div class=\"elementor-element elementor-element-6c61ec1 elementor-widget__width-initial elementor-widget elementor-widget-text-editor\" data-id=\"6c61ec1\" data-element_type=\"widget\" data-e-type=\"widget\" data-widget_type=\"text-editor.default\">\n\t\t\t\t<div class=\"elementor-widget-container\">\n\t\t\t\t\t\t\t\t\t<figure class=\"wp-block-table is-style-stripes\">\n<h4 style=\"color: #536c9c;\"><strong>Social Networking<\/strong><\/h4>\n<table style=\"background-color: initial; color: #000000; font-family: Poppins, sans-serif; font-size: 17px; table-layout: fixed; width: 100%; border-collapse: collapse; text-align: center;\">\n<thead>\n<tr style=\"background-color: #536c9c; color: white; height: 60px;\">\n<th style=\"border-width: 0.5px; border-color: #cccccc; width: 40%;\">Social Network<\/th>\n<th style=\"border-width: 0.5px; border-color: #cccccc; width: 60%;\">Link<\/th>\n<\/tr>\n<\/thead>\n<tbody><!-- Instagram - Esan Battery -->\n<tr style=\"height: 60px;\">\n<td style=\"border-width: 0.5px; border-color: #cccccc; background: #ffffff; color: #536c9c; font-weight: bold; vertical-align: middle;\">Instagram<br \/><small>Esan Battery<\/small><\/td>\n<td style=\"border-width: 0.5px; border-color: #cccccc; vertical-align: middle;\"><a href=\"https:\/\/www.instagram.com\/esanbattery\/?hl=es\" target=\"_blank\" rel=\"noreferrer noopener\"> <img decoding=\"async\" style=\"width: 20px; height: 20px; display: block; margin: auto;\" src=\"https:\/\/cdn-icons-png.flaticon.com\/512\/2111\/2111463.png\" alt=\"Instagram\" \/> <\/a><\/td>\n<\/tr>\n<!-- LinkedIn - Esan Ak\u00fc -->\n<tr style=\"height: 60px;\">\n<td style=\"border-width: 0.5px; border-color: #cccccc; background: #ffffff; color: #536c9c; font-weight: bold; vertical-align: middle;\">LinkedIn<br \/><small>Esan Ak\u00fc<\/small><\/td>\n<td style=\"border-width: 0.5px; border-color: #cccccc; vertical-align: middle;\"><a href=\"https:\/\/tr.linkedin.com\/company\/esan-ak%C3%BC\" target=\"_blank\" rel=\"noreferrer noopener\"> <img decoding=\"async\" style=\"width: 20px; height: 20px; display: block; margin: auto;\" src=\"https:\/\/cdn-icons-png.flaticon.com\/512\/174\/174857.png\" alt=\"LinkedIn\" \/> <\/a><\/td>\n<\/tr>\n<\/tbody>\n<\/table>\n<\/figure>\n<p>\u00a0<\/p>\t\t\t\t\t\t\t\t<\/div>\n\t\t\t\t<\/div>\n\t\t\t\t\t<\/div>\n\t\t<\/div>\n\t\t\t\t\t<\/div>\n\t\t<\/section>\n\t\t\t\t<section class=\"elementor-section elementor-top-section elementor-element elementor-element-74ced07 elementor-section-boxed elementor-section-height-default elementor-section-height-default\" data-id=\"74ced07\" data-element_type=\"section\" data-e-type=\"section\">\n\t\t\t\t\t\t<div class=\"elementor-container elementor-column-gap-default\">\n\t\t\t\t\t<div class=\"elementor-column elementor-col-100 elementor-top-column elementor-element elementor-element-c913584\" data-id=\"c913584\" data-element_type=\"column\" data-e-type=\"column\">\n\t\t\t<div class=\"elementor-widget-wrap elementor-element-populated\">\n\t\t\t\t\t\t<div class=\"elementor-element elementor-element-e3cd90b elementor-widget elementor-widget-spacer\" data-id=\"e3cd90b\" data-element_type=\"widget\" data-e-type=\"widget\" data-widget_type=\"spacer.default\">\n\t\t\t\t<div class=\"elementor-widget-container\">\n\t\t\t\t\t\t\t<div class=\"elementor-spacer\">\n\t\t\t<div class=\"elementor-spacer-inner\"><\/div>\n\t\t<\/div>\n\t\t\t\t\t\t<\/div>\n\t\t\t\t<\/div>\n\t\t\t\t<div class=\"elementor-element elementor-element-0d54ae4 elementor-widget elementor-widget-heading\" data-id=\"0d54ae4\" data-element_type=\"widget\" data-e-type=\"widget\" data-widget_type=\"heading.default\">\n\t\t\t\t<div class=\"elementor-widget-container\">\n\t\t\t\t\t<h2 class=\"elementor-heading-title elementor-size-default\">Meet <b>more <\/b>about <b>ESAN AKU:<\/b><\/h2>\t\t\t\t<\/div>\n\t\t\t\t<\/div>\n\t\t\t\t\t<\/div>\n\t\t<\/div>\n\t\t\t\t\t<\/div>\n\t\t<\/section>\n\t\t\t\t<section class=\"elementor-section elementor-top-section elementor-element elementor-element-378c495 elementor-section-boxed elementor-section-height-default elementor-section-height-default\" data-id=\"378c495\" data-element_type=\"section\" data-e-type=\"section\">\n\t\t\t\t\t\t<div class=\"elementor-container elementor-column-gap-default\">\n\t\t\t\t\t<div class=\"elementor-column elementor-col-100 elementor-top-column elementor-element elementor-element-66acc98\" data-id=\"66acc98\" data-element_type=\"column\" data-e-type=\"column\">\n\t\t\t<div class=\"elementor-widget-wrap elementor-element-populated\">\n\t\t\t\t\t\t<div class=\"elementor-element elementor-element-1110082 elementor-widget elementor-widget-video\" data-id=\"1110082\" data-element_type=\"widget\" data-e-type=\"widget\" data-settings=\"{&quot;youtube_url&quot;:&quot;https:\\\/\\\/www.youtube.com\\\/watch?v=Pvsi2ZydGJs&quot;,&quot;autoplay&quot;:&quot;yes&quot;,&quot;play_on_mobile&quot;:&quot;yes&quot;,&quot;loop&quot;:&quot;yes&quot;,&quot;video_type&quot;:&quot;youtube&quot;,&quot;controls&quot;:&quot;yes&quot;}\" data-widget_type=\"video.default\">\n\t\t\t\t<div class=\"elementor-widget-container\">\n\t\t\t\t\t\t\t<div class=\"elementor-wrapper elementor-open-inline\">\n\t\t\t<div class=\"elementor-video\"><\/div>\t\t<\/div>\n\t\t\t\t\t\t<\/div>\n\t\t\t\t<\/div>\n\t\t\t\t\t<\/div>\n\t\t<\/div>\n\t\t\t\t\t<\/div>\n\t\t<\/section>\n\t\t\t\t<section class=\"elementor-section elementor-top-section elementor-element elementor-element-77e9a85 elementor-section-boxed elementor-section-height-default elementor-section-height-default\" data-id=\"77e9a85\" data-element_type=\"section\" data-e-type=\"section\">\n\t\t\t\t\t\t<div class=\"elementor-container elementor-column-gap-default\">\n\t\t\t\t\t<div class=\"elementor-column elementor-col-100 elementor-top-column elementor-element elementor-element-9ee9fcb\" data-id=\"9ee9fcb\" data-element_type=\"column\" data-e-type=\"column\">\n\t\t\t<div class=\"elementor-widget-wrap elementor-element-populated\">\n\t\t\t\t\t\t<div class=\"elementor-element elementor-element-1616364 elementor-widget elementor-widget-spacer\" data-id=\"1616364\" data-element_type=\"widget\" data-e-type=\"widget\" data-widget_type=\"spacer.default\">\n\t\t\t\t<div class=\"elementor-widget-container\">\n\t\t\t\t\t\t\t<div class=\"elementor-spacer\">\n\t\t\t<div class=\"elementor-spacer-inner\"><\/div>\n\t\t<\/div>\n\t\t\t\t\t\t<\/div>\n\t\t\t\t<\/div>\n\t\t\t\t\t<\/div>\n\t\t<\/div>\n\t\t\t\t\t<\/div>\n\t\t<\/section>\n\t\t\t\t<\/div>","protected":false},"excerpt":{"rendered":"<p>Recursos Cat\u00e1logos: Idioma Global EN Presentaci\u00f3n Corporativa: Presentaci\u00f3n Idioma Presentaci\u00f3n EN \u00a0 P\u00e1gina web: arrow-icon-size3 Accede a la web aqu\u00ed: Redes sociales: Redes Sociales Red Social Enlace InstagramEsan Battery LinkedInEsan [&hellip;]<\/p>\n","protected":false},"author":2,"featured_media":0,"parent":0,"menu_order":0,"comment_status":"closed","ping_status":"closed","template":"","meta":{"footnotes":""},"class_list":["post-28737","page","type-page","status-publish","hentry"],"_links":{"self":[{"href":"https:\/\/vtpower.es\/en\/wp-json\/wp\/v2\/pages\/28737","targetHints":{"allow":["GET"]}}],"collection":[{"href":"https:\/\/vtpower.es\/en\/wp-json\/wp\/v2\/pages"}],"about":[{"href":"https:\/\/vtpower.es\/en\/wp-json\/wp\/v2\/types\/page"}],"author":[{"embeddable":true,"href":"https:\/\/vtpower.es\/en\/wp-json\/wp\/v2\/users\/2"}],"replies":[{"embeddable":true,"href":"https:\/\/vtpower.es\/en\/wp-json\/wp\/v2\/comments?post=28737"}],"version-history":[{"count":49,"href":"https:\/\/vtpower.es\/en\/wp-json\/wp\/v2\/pages\/28737\/revisions"}],"predecessor-version":[{"id":29169,"href":"https:\/\/vtpower.es\/en\/wp-json\/wp\/v2\/pages\/28737\/revisions\/29169"}],"wp:attachment":[{"href":"https:\/\/vtpower.es\/en\/wp-json\/wp\/v2\/media?parent=28737"}],"curies":[{"name":"wp","href":"https:\/\/api.w.org\/{rel}","templated":true}]}}