{"id":1587,"date":"2021-04-15T11:55:23","date_gmt":"2021-04-15T11:55:23","guid":{"rendered":"http:\/\/vtpower.es\/?page_id=1587"},"modified":"2025-01-10T13:19:09","modified_gmt":"2025-01-10T13:19:09","slug":"baterias-de-arranque","status":"publish","type":"page","link":"https:\/\/vtpower.es\/fr\/baterias-de-arranque\/","title":{"rendered":"Batteries de d\u00e9marrage"},"content":{"rendered":"<div data-elementor-type=\"wp-page\" data-elementor-id=\"1587\" class=\"elementor elementor-1587\" data-elementor-post-type=\"page\">\n\t\t\t\t\t\t<section class=\"elementor-section elementor-top-section elementor-element elementor-element-0a3bc88 elementor-section-boxed elementor-section-height-default elementor-section-height-default\" data-id=\"0a3bc88\" data-element_type=\"section\" data-e-type=\"section\" data-settings=\"{&quot;background_background&quot;:&quot;classic&quot;}\">\n\t\t\t\t\t\t<div class=\"elementor-container elementor-column-gap-default\">\n\t\t\t\t\t<div class=\"elementor-column elementor-col-100 elementor-top-column elementor-element elementor-element-f698236\" data-id=\"f698236\" data-element_type=\"column\" data-e-type=\"column\">\n\t\t\t<div class=\"elementor-widget-wrap elementor-element-populated\">\n\t\t\t\t\t\t<div class=\"elementor-element elementor-element-b6cd652 elementor-widget elementor-widget-spacer\" data-id=\"b6cd652\" data-element_type=\"widget\" data-e-type=\"widget\" data-widget_type=\"spacer.default\">\n\t\t\t\t<div class=\"elementor-widget-container\">\n\t\t\t\t\t\t\t<div class=\"elementor-spacer\">\n\t\t\t<div class=\"elementor-spacer-inner\"><\/div>\n\t\t<\/div>\n\t\t\t\t\t\t<\/div>\n\t\t\t\t<\/div>\n\t\t\t\t<div class=\"elementor-element elementor-element-5802bdf elementor-widget elementor-widget-heading\" data-id=\"5802bdf\" data-element_type=\"widget\" data-e-type=\"widget\" data-widget_type=\"heading.default\">\n\t\t\t\t<div class=\"elementor-widget-container\">\n\t\t\t\t\t<h2 class=\"elementor-heading-title elementor-size-default\">Batteries de d\u00e9marrage<\/h2>\t\t\t\t<\/div>\n\t\t\t\t<\/div>\n\t\t\t\t<div class=\"elementor-element elementor-element-c01d836 elementor-widget elementor-widget-spacer\" data-id=\"c01d836\" data-element_type=\"widget\" data-e-type=\"widget\" data-widget_type=\"spacer.default\">\n\t\t\t\t<div class=\"elementor-widget-container\">\n\t\t\t\t\t\t\t<div class=\"elementor-spacer\">\n\t\t\t<div class=\"elementor-spacer-inner\"><\/div>\n\t\t<\/div>\n\t\t\t\t\t\t<\/div>\n\t\t\t\t<\/div>\n\t\t\t\t\t<\/div>\n\t\t<\/div>\n\t\t\t\t\t<\/div>\n\t\t<\/section>\n\t\t\t\t<section class=\"elementor-section elementor-top-section elementor-element elementor-element-8e14228 elementor-section-boxed elementor-section-height-default elementor-section-height-default\" data-id=\"8e14228\" data-element_type=\"section\" data-e-type=\"section\">\n\t\t\t\t\t\t<div class=\"elementor-container elementor-column-gap-default\">\n\t\t\t\t\t<div class=\"elementor-column elementor-col-100 elementor-top-column elementor-element elementor-element-ce2c9d4\" data-id=\"ce2c9d4\" data-element_type=\"column\" data-e-type=\"column\">\n\t\t\t<div class=\"elementor-widget-wrap elementor-element-populated\">\n\t\t\t\t\t\t<div class=\"elementor-element elementor-element-c7a4990 elementor-widget elementor-widget-spacer\" data-id=\"c7a4990\" data-element_type=\"widget\" data-e-type=\"widget\" data-widget_type=\"spacer.default\">\n\t\t\t\t<div class=\"elementor-widget-container\">\n\t\t\t\t\t\t\t<div class=\"elementor-spacer\">\n\t\t\t<div class=\"elementor-spacer-inner\"><\/div>\n\t\t<\/div>\n\t\t\t\t\t\t<\/div>\n\t\t\t\t<\/div>\n\t\t\t\t\t<\/div>\n\t\t<\/div>\n\t\t\t\t\t<\/div>\n\t\t<\/section>\n\t\t\t\t<section class=\"elementor-section elementor-top-section elementor-element elementor-element-57684d7 elementor-section-boxed elementor-section-height-default elementor-section-height-default\" data-id=\"57684d7\" data-element_type=\"section\" data-e-type=\"section\">\n\t\t\t\t\t\t<div class=\"elementor-container elementor-column-gap-default\">\n\t\t\t\t\t<div class=\"elementor-column elementor-col-100 elementor-top-column elementor-element elementor-element-fb289e0\" data-id=\"fb289e0\" data-element_type=\"column\" data-e-type=\"column\">\n\t\t\t<div class=\"elementor-widget-wrap elementor-element-populated\">\n\t\t\t\t\t\t<div class=\"elementor-element elementor-element-0baada6 elementor-widget elementor-widget-text-editor\" data-id=\"0baada6\" data-element_type=\"widget\" data-e-type=\"widget\" data-widget_type=\"text-editor.default\">\n\t\t\t\t<div class=\"elementor-widget-container\">\n\t\t\t\t\t\t\t\t\t<p>Les batteries de d\u00e9marrage sont con\u00e7ues pour fournir des intensit\u00e9s de courant \u00e9lev\u00e9es en cas de demande d'\u00e9nergie instantan\u00e9e. Les innovations dans le domaine de l'automobile rendent n\u00e9cessaire l'adaptation des performances \u00e9lectriques aux exigences de plus en plus strictes de la derni\u00e8re g\u00e9n\u00e9ration de v\u00e9hicules.<\/p><p>VT BATTERIES a d\u00e9velopp\u00e9 plusieurs marques (VTPOWER, VTPREMIUM, GIGA VULCAN, entre autres) qui regroupent des familles de produits pour r\u00e9pondre \u00e0 la large demande du parc actuel, avec des applications de d\u00e9part dans tous les segments : Start Stop, EFB, v\u00e9hicule asiatique, v\u00e9hicule industriel, etc.<\/p>\t\t\t\t\t\t\t\t<\/div>\n\t\t\t\t<\/div>\n\t\t\t\t<div class=\"elementor-element elementor-element-c8ceceb elementor-widget elementor-widget-elementskit-testimonial\" data-id=\"c8ceceb\" data-element_type=\"widget\" data-e-type=\"widget\" data-widget_type=\"elementskit-testimonial.default\">\n\t\t\t\t<div class=\"elementor-widget-container\">\n\t\t\t\t\t<div class=\"ekit-wid-con\" ><div class=\"elementskit-testimonial-slider arrow_inside\" data-config=\"{&quot;rtl&quot;:false,&quot;arrows&quot;:false,&quot;dots&quot;:false,&quot;pauseOnHover&quot;:false,&quot;autoplay&quot;:false,&quot;speed&quot;:1000,&quot;slidesPerGroup&quot;:1,&quot;slidesPerView&quot;:3,&quot;loop&quot;:false,&quot;spaceBetween&quot;:15,&quot;breakpoints&quot;:{&quot;320&quot;:{&quot;slidesPerView&quot;:1,&quot;slidesPerGroup&quot;:1,&quot;spaceBetween&quot;:10},&quot;768&quot;:{&quot;slidesPerView&quot;:2,&quot;slidesPerGroup&quot;:1,&quot;spaceBetween&quot;:10},&quot;1024&quot;:{&quot;slidesPerView&quot;:&quot;3&quot;,&quot;slidesPerGroup&quot;:1,&quot;spaceBetween&quot;:15}}}\">\n\t<div class=\"ekit-main-swiper swiper\">\n\t\t<div class=\"swiper-wrapper\">\n\t\t\t\t\t\t<div class=\"swiper-slide\">\n\t\t\t\t<div class=\"swiper-slide-inner\">\n\t\t\t\t\t<div class=\"elementskit-testimonial-inner\" >\n\t\t\t\t\t\t<div class=\"elementskit-single-testimonial-slider  ekit_testimonial_style_2\">\n\t\t\t\t\t\t\t<div class=\"elementskit-commentor-content\">\n\t\t\t\t\t\t\t\t\t\t\t\t\t\t\t\t\t<div class=\"elementskit-client_logo\">\n\t\t\t\t\t\t\t\t\t\t\t\t\t\t\t\t\t\t\t\t<img fetchpriority=\"high\" decoding=\"async\" width=\"778\" height=\"518\" src=\"https:\/\/vtpower.es\/wp-content\/uploads\/2021\/05\/coche-mini.jpg\" class=\"elementskit-testimonial-client-logo\" alt=\"\" srcset=\"https:\/\/vtpower.es\/wp-content\/uploads\/2021\/05\/coche-mini.jpg 778w, https:\/\/vtpower.es\/wp-content\/uploads\/2021\/05\/coche-mini-300x200.jpg 300w, https:\/\/vtpower.es\/wp-content\/uploads\/2021\/05\/coche-mini-768x511.jpg 768w, https:\/\/vtpower.es\/wp-content\/uploads\/2021\/05\/coche-mini-16x12.jpg 16w, https:\/\/vtpower.es\/wp-content\/uploads\/2021\/05\/coche-mini-600x399.jpg 600w, https:\/\/vtpower.es\/wp-content\/uploads\/2021\/05\/coche-mini-64x43.jpg 64w\" sizes=\"(max-width: 778px) 100vw, 778px\" \/>\t\t\t\t\t\t\t\t\t<\/div>\n\t\t\t\t\t\t\t\t\t\t\t\t\t\t\t\t\t\t\t\t\t\t\t\t<span class=\"elementskit-profile-info\">\n\t\t\t\t\t\t\t\t\t<strong class=\"elementskit-author-name\">Voiture<\/strong>\n\t\t\t\t\t\t\t\t\t<span class=\"elementskit-author-des\">Batteries de d\u00e9marrage pour voitures, berlines, minibus, etc.<\/span>\n\t\t\t\t\t\t\t\t<\/span>\n\t\t\t\t\t\t\t<\/div>\n\t\t\t\t\t\t\t\t\t\t\t\t\t<\/div>\n\t\t\t\t\t<\/div>\n\t\t\t\t<\/div>\n\t\t\t<\/div>\n\t\t\t\t\t\t<div class=\"swiper-slide\">\n\t\t\t\t<div class=\"swiper-slide-inner\">\n\t\t\t\t\t<div class=\"elementskit-testimonial-inner\" >\n\t\t\t\t\t\t<div class=\"elementskit-single-testimonial-slider  ekit_testimonial_style_2\">\n\t\t\t\t\t\t\t<div class=\"elementskit-commentor-content\">\n\t\t\t\t\t\t\t\t\t\t\t\t\t\t\t\t\t<div class=\"elementskit-client_logo\">\n\t\t\t\t\t\t\t\t\t\t\t\t\t\t\t\t\t\t\t\t<img decoding=\"async\" width=\"294\" height=\"177\" src=\"https:\/\/vtpower.es\/wp-content\/uploads\/2021\/05\/camion-mini.jpg\" class=\"elementskit-testimonial-client-logo\" alt=\"\" srcset=\"https:\/\/vtpower.es\/wp-content\/uploads\/2021\/05\/camion-mini.jpg 294w, https:\/\/vtpower.es\/wp-content\/uploads\/2021\/05\/camion-mini-16x10.jpg 16w, https:\/\/vtpower.es\/wp-content\/uploads\/2021\/05\/camion-mini-64x39.jpg 64w\" sizes=\"(max-width: 294px) 100vw, 294px\" \/>\t\t\t\t\t\t\t\t\t<\/div>\n\t\t\t\t\t\t\t\t\t\t\t\t\t\t\t\t\t\t\t\t\t\t\t\t<span class=\"elementskit-profile-info\">\n\t\t\t\t\t\t\t\t\t<strong class=\"elementskit-author-name\">Camions<\/strong>\n\t\t\t\t\t\t\t\t\t<span class=\"elementskit-author-des\">Batteries de d\u00e9marrage pour camions, camionnettes, etc.<\/span>\n\t\t\t\t\t\t\t\t<\/span>\n\t\t\t\t\t\t\t<\/div>\n\t\t\t\t\t\t\t\t\t\t\t\t\t<\/div>\n\t\t\t\t\t<\/div>\n\t\t\t\t<\/div>\n\t\t\t<\/div>\n\t\t\t\t\t\t<div class=\"swiper-slide\">\n\t\t\t\t<div class=\"swiper-slide-inner\">\n\t\t\t\t\t<div class=\"elementskit-testimonial-inner\" >\n\t\t\t\t\t\t<div class=\"elementskit-single-testimonial-slider  ekit_testimonial_style_2\">\n\t\t\t\t\t\t\t<div class=\"elementskit-commentor-content\">\n\t\t\t\t\t\t\t\t\t\t\t\t\t\t\t\t\t<div class=\"elementskit-client_logo\">\n\t\t\t\t\t\t\t\t\t\t\t\t\t\t\t\t\t\t\t\t<img decoding=\"async\" width=\"643\" height=\"362\" src=\"https:\/\/vtpower.es\/wp-content\/uploads\/2021\/05\/moto-mini.jpg\" class=\"elementskit-testimonial-client-logo\" alt=\"\" srcset=\"https:\/\/vtpower.es\/wp-content\/uploads\/2021\/05\/moto-mini.jpg 643w, https:\/\/vtpower.es\/wp-content\/uploads\/2021\/05\/moto-mini-300x169.jpg 300w, https:\/\/vtpower.es\/wp-content\/uploads\/2021\/05\/moto-mini-16x9.jpg 16w, https:\/\/vtpower.es\/wp-content\/uploads\/2021\/05\/moto-mini-600x338.jpg 600w, https:\/\/vtpower.es\/wp-content\/uploads\/2021\/05\/moto-mini-64x36.jpg 64w\" sizes=\"(max-width: 643px) 100vw, 643px\" \/>\t\t\t\t\t\t\t\t\t<\/div>\n\t\t\t\t\t\t\t\t\t\t\t\t\t\t\t\t\t\t\t\t\t\t\t\t<span class=\"elementskit-profile-info\">\n\t\t\t\t\t\t\t\t\t<strong class=\"elementskit-author-name\">Moto<\/strong>\n\t\t\t\t\t\t\t\t\t<span class=\"elementskit-author-des\">Batteries de d\u00e9marrage pour motos<\/span>\n\t\t\t\t\t\t\t\t<\/span>\n\t\t\t\t\t\t\t<\/div>\n\t\t\t\t\t\t\t\t\t\t\t\t\t<\/div>\n\t\t\t\t\t<\/div>\n\t\t\t\t<\/div>\n\t\t\t<\/div>\n\t\t\t\t\t<\/div>\n\n\t\t\n\t\t\t<\/div>\n<\/div>\n<\/div>\t\t\t\t<\/div>\n\t\t\t\t<\/div>\n\t\t\t\t<div class=\"elementor-element elementor-element-96e8080 elementor-widget elementor-widget-spacer\" data-id=\"96e8080\" data-element_type=\"widget\" data-e-type=\"widget\" data-widget_type=\"spacer.default\">\n\t\t\t\t<div class=\"elementor-widget-container\">\n\t\t\t\t\t\t\t<div class=\"elementor-spacer\">\n\t\t\t<div class=\"elementor-spacer-inner\"><\/div>\n\t\t<\/div>\n\t\t\t\t\t\t<\/div>\n\t\t\t\t<\/div>\n\t\t\t\t\t<\/div>\n\t\t<\/div>\n\t\t\t\t\t<\/div>\n\t\t<\/section>\n\t\t\t\t<section class=\"elementor-section elementor-top-section elementor-element elementor-element-06a9def elementor-section-boxed elementor-section-height-default elementor-section-height-default\" data-id=\"06a9def\" data-element_type=\"section\" data-e-type=\"section\">\n\t\t\t\t\t\t<div class=\"elementor-container elementor-column-gap-default\">\n\t\t\t\t\t<div class=\"elementor-column elementor-col-100 elementor-top-column elementor-element elementor-element-47d2ef0\" data-id=\"47d2ef0\" data-element_type=\"column\" data-e-type=\"column\">\n\t\t\t<div class=\"elementor-widget-wrap elementor-element-populated\">\n\t\t\t\t\t\t<div class=\"elementor-element elementor-element-6b3c60e elementor-widget elementor-widget-heading\" data-id=\"6b3c60e\" data-element_type=\"widget\" data-e-type=\"widget\" data-widget_type=\"heading.default\">\n\t\t\t\t<div class=\"elementor-widget-container\">\n\t\t\t\t\t<h2 class=\"elementor-heading-title elementor-size-default\">Nos propres marques :<\/h2>\t\t\t\t<\/div>\n\t\t\t\t<\/div>\n\t\t\t\t<div class=\"elementor-element elementor-element-6b8862f elementor-widget-divider--view-line elementor-widget elementor-widget-divider\" data-id=\"6b8862f\" data-element_type=\"widget\" data-e-type=\"widget\" data-widget_type=\"divider.default\">\n\t\t\t\t<div class=\"elementor-widget-container\">\n\t\t\t\t\t\t\t<div class=\"elementor-divider\">\n\t\t\t<span class=\"elementor-divider-separator\">\n\t\t\t\t\t\t<\/span>\n\t\t<\/div>\n\t\t\t\t\t\t<\/div>\n\t\t\t\t<\/div>\n\t\t\t\t<div class=\"elementor-element elementor-element-e769d8d elementor-grid-4 elementor-grid-tablet-2 elementor-grid-mobile-1 elementor-widget elementor-widget-pp-logo-grid\" data-id=\"e769d8d\" data-element_type=\"widget\" data-e-type=\"widget\" data-widget_type=\"pp-logo-grid.default\">\n\t\t\t\t<div class=\"elementor-widget-container\">\n\t\t\t\t\t\t\t<div class=\"pp-logo-grid elementor-grid\">\n\t\t\t\t\t\t\t\t<div class=\"elementor-grid-item elementor-repeater-item-b8f2572\">\n\t\t\t\t\t\t<div class=\"pp-logo-wrap\">\n\t\t\t\t\t\t<img decoding=\"async\" src=\"https:\/\/vtpower.es\/wp-content\/uploads\/2021\/04\/VTPower.png\" alt=\"VTPower\" \/>\t\t\t\t\t\t<\/div>\n\t\t\t\t\t\t\t\t\t\t\t<\/div>\n\t\t\t\t\t\t\t\t\t\t<div class=\"elementor-grid-item elementor-repeater-item-a8dd85e\">\n\t\t\t\t\t\t<div class=\"pp-logo-wrap\">\n\t\t\t\t\t\t<img decoding=\"async\" src=\"https:\/\/vtpower.es\/wp-content\/uploads\/2021\/04\/VT-PREMIUM.png\" alt=\"VT PREMIUM\" \/>\t\t\t\t\t\t<\/div>\n\t\t\t\t\t\t\t\t\t\t\t<\/div>\n\t\t\t\t\t\t\t\t\t\t<div class=\"elementor-grid-item elementor-repeater-item-f58e43c\">\n\t\t\t\t\t\t<div class=\"pp-logo-wrap\">\n\t\t\t\t\t\t<img decoding=\"async\" src=\"https:\/\/vtpower.es\/wp-content\/uploads\/2021\/04\/Vulcan.png\" alt=\"Vulcain\" \/>\t\t\t\t\t\t<\/div>\n\t\t\t\t\t\t\t\t\t\t\t<\/div>\n\t\t\t\t\t\t\t\t\t\t<div class=\"elementor-grid-item elementor-repeater-item-9e4207d\">\n\t\t\t\t\t\t<div class=\"pp-logo-wrap\">\n\t\t\t\t\t\t<img decoding=\"async\" src=\"https:\/\/vtpower.es\/wp-content\/uploads\/2021\/04\/GIGA.png\" alt=\"GIGA\" \/>\t\t\t\t\t\t<\/div>\n\t\t\t\t\t\t\t\t\t\t\t<\/div>\n\t\t\t\t\t\t\t<\/div>\n\t\t\t\t\t\t<\/div>\n\t\t\t\t<\/div>\n\t\t\t\t<div class=\"elementor-element elementor-element-cd3056b elementor-widget elementor-widget-spacer\" data-id=\"cd3056b\" data-element_type=\"widget\" data-e-type=\"widget\" data-widget_type=\"spacer.default\">\n\t\t\t\t<div class=\"elementor-widget-container\">\n\t\t\t\t\t\t\t<div class=\"elementor-spacer\">\n\t\t\t<div class=\"elementor-spacer-inner\"><\/div>\n\t\t<\/div>\n\t\t\t\t\t\t<\/div>\n\t\t\t\t<\/div>\n\t\t\t\t\t<\/div>\n\t\t<\/div>\n\t\t\t\t\t<\/div>\n\t\t<\/section>\n\t\t\t\t<section class=\"elementor-section elementor-top-section elementor-element elementor-element-0e1bf7c elementor-section-boxed elementor-section-height-default elementor-section-height-default\" data-id=\"0e1bf7c\" data-element_type=\"section\" data-e-type=\"section\">\n\t\t\t\t\t\t<div class=\"elementor-container elementor-column-gap-default\">\n\t\t\t\t\t<div class=\"elementor-column elementor-col-100 elementor-top-column elementor-element elementor-element-dae1497\" data-id=\"dae1497\" data-element_type=\"column\" data-e-type=\"column\">\n\t\t\t<div class=\"elementor-widget-wrap elementor-element-populated\">\n\t\t\t\t\t\t<div class=\"elementor-element elementor-element-727e669 elementor-widget elementor-widget-heading\" data-id=\"727e669\" data-element_type=\"widget\" data-e-type=\"widget\" data-widget_type=\"heading.default\">\n\t\t\t\t<div class=\"elementor-widget-container\">\n\t\t\t\t\t<h2 class=\"elementor-heading-title elementor-size-default\">Nos marques phares :<\/h2>\t\t\t\t<\/div>\n\t\t\t\t<\/div>\n\t\t\t\t\t<\/div>\n\t\t<\/div>\n\t\t\t\t\t<\/div>\n\t\t<\/section>\n\t\t\t\t<section class=\"elementor-section elementor-top-section elementor-element elementor-element-fe7fef8 elementor-section-boxed elementor-section-height-default elementor-section-height-default\" data-id=\"fe7fef8\" data-element_type=\"section\" data-e-type=\"section\">\n\t\t\t\t\t\t<div class=\"elementor-container elementor-column-gap-default\">\n\t\t\t\t\t<div class=\"elementor-column elementor-col-100 elementor-top-column elementor-element elementor-element-7be8a8e\" data-id=\"7be8a8e\" data-element_type=\"column\" data-e-type=\"column\">\n\t\t\t<div class=\"elementor-widget-wrap elementor-element-populated\">\n\t\t\t\t\t\t<div class=\"elementor-element elementor-element-73800af elementor-widget-divider--view-line elementor-widget elementor-widget-divider\" data-id=\"73800af\" data-element_type=\"widget\" data-e-type=\"widget\" data-widget_type=\"divider.default\">\n\t\t\t\t<div class=\"elementor-widget-container\">\n\t\t\t\t\t\t\t<div class=\"elementor-divider\">\n\t\t\t<span class=\"elementor-divider-separator\">\n\t\t\t\t\t\t<\/span>\n\t\t<\/div>\n\t\t\t\t\t\t<\/div>\n\t\t\t\t<\/div>\n\t\t\t\t<div class=\"elementor-element elementor-element-59e71ff elementor-grid-4 elementor-grid-tablet-2 elementor-grid-mobile-1 elementor-widget elementor-widget-pp-logo-grid\" data-id=\"59e71ff\" data-element_type=\"widget\" data-e-type=\"widget\" data-widget_type=\"pp-logo-grid.default\">\n\t\t\t\t<div class=\"elementor-widget-container\">\n\t\t\t\t\t\t\t<div class=\"pp-logo-grid elementor-grid\">\n\t\t\t\t\t\t\t\t<div class=\"elementor-grid-item elementor-repeater-item-b8f2572\">\n\t\t\t\t\t\t<div class=\"pp-logo-wrap\">\n\t\t\t\t\t\t<img decoding=\"async\" src=\"https:\/\/vtpower.es\/wp-content\/uploads\/2021\/04\/VartaLogo.png\" alt=\"VartaLogo\" \/>\t\t\t\t\t\t<\/div>\n\t\t\t\t\t\t\t\t\t\t\t<\/div>\n\t\t\t\t\t\t\t\t\t\t<div class=\"elementor-grid-item elementor-repeater-item-a8dd85e\">\n\t\t\t\t\t\t<div class=\"pp-logo-wrap\">\n\t\t\t\t\t\t\t\t\t\t\t\t\t<a href=\"http:\/\/vtpower.es\/fr\/marcas\/exide\/\" target=\"_blank\">\n\t\t\t\t\t\t\t<img decoding=\"async\" src=\"https:\/\/vtpower.es\/wp-content\/uploads\/2021\/04\/Exide-1.png\" alt=\"Exide\" \/>\t\t\t\t\t\t\t<\/a>\n\t\t\t\t\t\t\t\t\t\t\t\t\t<\/div>\n\t\t\t\t\t\t\t\t\t\t\t<\/div>\n\t\t\t\t\t\t\t\t\t\t<div class=\"elementor-grid-item elementor-repeater-item-f58e43c\">\n\t\t\t\t\t\t<div class=\"pp-logo-wrap\">\n\t\t\t\t\t\t<img decoding=\"async\" src=\"https:\/\/vtpower.es\/wp-content\/uploads\/2021\/04\/Lucas-Verde.png\" alt=\"Lucas Green\" \/>\t\t\t\t\t\t<\/div>\n\t\t\t\t\t\t\t\t\t\t\t<\/div>\n\t\t\t\t\t\t\t\t\t\t<div class=\"elementor-grid-item elementor-repeater-item-9e4207d\">\n\t\t\t\t\t\t<div class=\"pp-logo-wrap\">\n\t\t\t\t\t\t<img decoding=\"async\" src=\"https:\/\/vtpower.es\/wp-content\/uploads\/2021\/04\/Hyundai-Sungwoo-Solite.png\" alt=\"Hyundai Sungwoo Solite\" \/>\t\t\t\t\t\t<\/div>\n\t\t\t\t\t\t\t\t\t\t\t<\/div>\n\t\t\t\t\t\t\t\t\t\t<div class=\"elementor-grid-item elementor-repeater-item-15b785f\">\n\t\t\t\t\t\t<div class=\"pp-logo-wrap\">\n\t\t\t\t\t\t<img decoding=\"async\" src=\"https:\/\/vtpower.es\/wp-content\/uploads\/2021\/04\/Hankook.png\" alt=\"Hankook\" \/>\t\t\t\t\t\t<\/div>\n\t\t\t\t\t\t\t\t\t\t\t<\/div>\n\t\t\t\t\t\t\t\t\t\t<div class=\"elementor-grid-item elementor-repeater-item-3f1e864\">\n\t\t\t\t\t\t<div class=\"pp-logo-wrap\">\n\t\t\t\t\t\t<img decoding=\"async\" src=\"https:\/\/vtpower.es\/wp-content\/uploads\/2021\/04\/TUDOR-BATTERIES.png\" alt=\"BATTERIES TUDOR\" \/>\t\t\t\t\t\t<\/div>\n\t\t\t\t\t\t\t\t\t\t\t<\/div>\n\t\t\t\t\t\t\t\t\t\t<div class=\"elementor-grid-item elementor-repeater-item-52c5d53\">\n\t\t\t\t\t\t<div class=\"pp-logo-wrap\">\n\t\t\t\t\t\t<img decoding=\"async\" src=\"https:\/\/vtpower.es\/wp-content\/uploads\/2021\/04\/OPTIMA-2.png\" alt=\"OPTIMA (2)\" \/>\t\t\t\t\t\t<\/div>\n\t\t\t\t\t\t\t\t\t\t\t<\/div>\n\t\t\t\t\t\t\t\t\t\t<div class=\"elementor-grid-item elementor-repeater-item-1c79bc9\">\n\t\t\t\t\t\t<div class=\"pp-logo-wrap\">\n\t\t\t\t\t\t<img decoding=\"async\" src=\"https:\/\/vtpower.es\/wp-content\/uploads\/2021\/04\/Alma.png\" alt=\"Alma\" \/>\t\t\t\t\t\t<\/div>\n\t\t\t\t\t\t\t\t\t\t\t<\/div>\n\t\t\t\t\t\t\t<\/div>\n\t\t\t\t\t\t<\/div>\n\t\t\t\t<\/div>\n\t\t\t\t\t<\/div>\n\t\t<\/div>\n\t\t\t\t\t<\/div>\n\t\t<\/section>\n\t\t\t\t<section class=\"elementor-section elementor-top-section elementor-element elementor-element-c92d4eb elementor-section-boxed elementor-section-height-default elementor-section-height-default\" data-id=\"c92d4eb\" data-element_type=\"section\" data-e-type=\"section\">\n\t\t\t\t\t\t<div class=\"elementor-container elementor-column-gap-default\">\n\t\t\t\t\t<div class=\"elementor-column elementor-col-100 elementor-top-column elementor-element elementor-element-2a1efa7\" data-id=\"2a1efa7\" data-element_type=\"column\" data-e-type=\"column\">\n\t\t\t<div class=\"elementor-widget-wrap elementor-element-populated\">\n\t\t\t\t\t\t<div class=\"elementor-element elementor-element-0b99d97 elementor-widget elementor-widget-spacer\" data-id=\"0b99d97\" data-element_type=\"widget\" data-e-type=\"widget\" data-widget_type=\"spacer.default\">\n\t\t\t\t<div class=\"elementor-widget-container\">\n\t\t\t\t\t\t\t<div class=\"elementor-spacer\">\n\t\t\t<div class=\"elementor-spacer-inner\"><\/div>\n\t\t<\/div>\n\t\t\t\t\t\t<\/div>\n\t\t\t\t<\/div>\n\t\t\t\t\t<\/div>\n\t\t<\/div>\n\t\t\t\t\t<\/div>\n\t\t<\/section>\n\t\t\t\t<\/div>","protected":false},"excerpt":{"rendered":"<p>Elit scripta volumus cu vim, cum no vidit prodesset interesset. Mollis legendos ne est, ex pri latine euismod apeirian. Nec molestie senserit an, eos no eirmod salutatus.<\/p>\n<p>Pro mucius everti ponderum at, vix reque scaevola eu. Ex nam veniam veniam munere, at dico dictas mei. Ius ei assum assueverit. Nam ut assum nominavi.<\/p>","protected":false},"author":1,"featured_media":0,"parent":0,"menu_order":0,"comment_status":"closed","ping_status":"closed","template":"","meta":{"footnotes":""},"class_list":["post-1587","page","type-page","status-publish","hentry"],"_links":{"self":[{"href":"https:\/\/vtpower.es\/fr\/wp-json\/wp\/v2\/pages\/1587","targetHints":{"allow":["GET"]}}],"collection":[{"href":"https:\/\/vtpower.es\/fr\/wp-json\/wp\/v2\/pages"}],"about":[{"href":"https:\/\/vtpower.es\/fr\/wp-json\/wp\/v2\/types\/page"}],"author":[{"embeddable":true,"href":"https:\/\/vtpower.es\/fr\/wp-json\/wp\/v2\/users\/1"}],"replies":[{"embeddable":true,"href":"https:\/\/vtpower.es\/fr\/wp-json\/wp\/v2\/comments?post=1587"}],"version-history":[{"count":34,"href":"https:\/\/vtpower.es\/fr\/wp-json\/wp\/v2\/pages\/1587\/revisions"}],"predecessor-version":[{"id":25576,"href":"https:\/\/vtpower.es\/fr\/wp-json\/wp\/v2\/pages\/1587\/revisions\/25576"}],"wp:attachment":[{"href":"https:\/\/vtpower.es\/fr\/wp-json\/wp\/v2\/media?parent=1587"}],"curies":[{"name":"wp","href":"https:\/\/api.w.org\/{rel}","templated":true}]}}