{"id":1848,"date":"2021-04-15T15:41:37","date_gmt":"2021-04-15T15:41:37","guid":{"rendered":"http:\/\/vtpower.es\/?page_id=1848"},"modified":"2022-05-25T13:55:08","modified_gmt":"2022-05-25T13:55:08","slug":"baterias-de-traccion-semitraccion","status":"publish","type":"page","link":"https:\/\/vtpower.es\/fr\/baterias-de-traccion-semitraccion\/","title":{"rendered":"Batteries de traction \/ semi-traction"},"content":{"rendered":"<div data-elementor-type=\"wp-page\" data-elementor-id=\"1848\" class=\"elementor elementor-1848\" data-elementor-post-type=\"page\">\n\t\t\t\t\t\t<section class=\"elementor-section elementor-top-section elementor-element elementor-element-57684d7 elementor-section-boxed elementor-section-height-default elementor-section-height-default\" data-id=\"57684d7\" data-element_type=\"section\" data-e-type=\"section\">\n\t\t\t\t\t\t<div class=\"elementor-container elementor-column-gap-default\">\n\t\t\t\t\t<div class=\"elementor-column elementor-col-66 elementor-top-column elementor-element elementor-element-fb289e0\" data-id=\"fb289e0\" data-element_type=\"column\" data-e-type=\"column\">\n\t\t\t<div class=\"elementor-widget-wrap elementor-element-populated\">\n\t\t\t\t\t\t<div class=\"elementor-element elementor-element-0baada6 elementor-widget elementor-widget-text-editor\" data-id=\"0baada6\" data-element_type=\"widget\" data-e-type=\"widget\" data-widget_type=\"text-editor.default\">\n\t\t\t\t<div class=\"elementor-widget-container\">\n\t\t\t\t\t\t\t\t\t<p>Sp\u00e9cialement con\u00e7u pour alimenter les machines \u00e9lectriques.<br>Les batteries de traction sont con\u00e7ues pour fournir des quantit\u00e9s relativement faibles de courant pendant de longues p\u00e9riodes, en r\u00e9sistant \u00e0 un grand nombre de cycles de charge et de d\u00e9charge profondes.<\/p>\n<p>VT BATTERIES dispose de la plus large gamme de batteries pour les applications cycliques, telles que les machines de nettoyage, les plateformes \u00e9l\u00e9vatrices, les syst\u00e8mes de transport sans conducteur, les chariots \u00e9l\u00e9vateurs, les caravanes\/bateaux, les voitures de golf, les v\u00e9hicules \u00e9lectriques et les scooters ou fauteuils pour personnes \u00e0 mobilit\u00e9 r\u00e9duite, etc.<\/p>\n<p>Les batteries de traction et de semi-traction peuvent \u00eatre class\u00e9es en batteries industrielles, pour les chariots \u00e9l\u00e9vateurs, les \u00e9purateurs, les plates-formes et autres, en batteries de golf, pour les voiturettes de golf, et en batteries marines, pour les bateaux.<\/p>\t\t\t\t\t\t\t\t<\/div>\n\t\t\t\t<\/div>\n\t\t\t\t\t<\/div>\n\t\t<\/div>\n\t\t\t\t<div class=\"elementor-column elementor-col-33 elementor-top-column elementor-element elementor-element-c50828d\" data-id=\"c50828d\" data-element_type=\"column\" data-e-type=\"column\">\n\t\t\t<div class=\"elementor-widget-wrap elementor-element-populated\">\n\t\t\t\t\t\t<div class=\"elementor-element elementor-element-c83baa0 elementor-widget elementor-widget-image\" data-id=\"c83baa0\" data-element_type=\"widget\" data-e-type=\"widget\" data-widget_type=\"image.default\">\n\t\t\t\t<div class=\"elementor-widget-container\">\n\t\t\t\t\t\t\t\t\t\t\t\t\t\t\t<img fetchpriority=\"high\" decoding=\"async\" width=\"640\" height=\"550\" src=\"https:\/\/vtpower.es\/wp-content\/uploads\/2021\/04\/27-TMH_TROJAN-768x660-1.jpg\" class=\"attachment-large size-large wp-image-1854\" alt=\"\" srcset=\"https:\/\/vtpower.es\/wp-content\/uploads\/2021\/04\/27-TMH_TROJAN-768x660-1.jpg 768w, https:\/\/vtpower.es\/wp-content\/uploads\/2021\/04\/27-TMH_TROJAN-768x660-1-300x258.jpg 300w, https:\/\/vtpower.es\/wp-content\/uploads\/2021\/04\/27-TMH_TROJAN-768x660-1-14x12.jpg 14w, https:\/\/vtpower.es\/wp-content\/uploads\/2021\/04\/27-TMH_TROJAN-768x660-1-600x516.jpg 600w\" sizes=\"(max-width: 640px) 100vw, 640px\" \/>\t\t\t\t\t\t\t\t\t\t\t\t\t\t\t<\/div>\n\t\t\t\t<\/div>\n\t\t\t\t\t<\/div>\n\t\t<\/div>\n\t\t\t\t\t<\/div>\n\t\t<\/section>\n\t\t\t\t<section class=\"elementor-section elementor-top-section elementor-element elementor-element-fe7fef8 elementor-section-boxed elementor-section-height-default elementor-section-height-default\" data-id=\"fe7fef8\" data-element_type=\"section\" data-e-type=\"section\">\n\t\t\t\t\t\t<div class=\"elementor-container elementor-column-gap-default\">\n\t\t\t\t\t<div class=\"elementor-column elementor-col-100 elementor-top-column elementor-element elementor-element-7be8a8e\" data-id=\"7be8a8e\" data-element_type=\"column\" data-e-type=\"column\">\n\t\t\t<div class=\"elementor-widget-wrap elementor-element-populated\">\n\t\t\t\t\t\t<div class=\"elementor-element elementor-element-d8d53cb elementor-widget elementor-widget-heading\" data-id=\"d8d53cb\" data-element_type=\"widget\" data-e-type=\"widget\" data-widget_type=\"heading.default\">\n\t\t\t\t<div class=\"elementor-widget-container\">\n\t\t\t\t\t<h2 class=\"elementor-heading-title elementor-size-xl\">GOLF<\/h2>\t\t\t\t<\/div>\n\t\t\t\t<\/div>\n\t\t\t\t<section class=\"elementor-section elementor-inner-section elementor-element elementor-element-55922d3 elementor-section-boxed elementor-section-height-default elementor-section-height-default\" data-id=\"55922d3\" data-element_type=\"section\" data-e-type=\"section\">\n\t\t\t\t\t\t<div class=\"elementor-container elementor-column-gap-default\">\n\t\t\t\t\t<div class=\"elementor-column elementor-col-50 elementor-inner-column elementor-element elementor-element-b92859e\" data-id=\"b92859e\" data-element_type=\"column\" data-e-type=\"column\">\n\t\t\t<div class=\"elementor-widget-wrap elementor-element-populated\">\n\t\t\t\t\t\t<div class=\"elementor-element elementor-element-d442370 elementor-widget elementor-widget-text-editor\" data-id=\"d442370\" data-element_type=\"widget\" data-e-type=\"widget\" data-widget_type=\"text-editor.default\">\n\t\t\t\t<div class=\"elementor-widget-container\">\n\t\t\t\t\t\t\t\t\t<p>Sp\u00e9cialement con\u00e7u pour alimenter les machines \u00e9lectriques.<br \/>Les batteries de traction sont con\u00e7ues pour fournir des quantit\u00e9s relativement faibles de courant pendant de longues p\u00e9riodes, en r\u00e9sistant \u00e0 un grand nombre de cycles de charge et de d\u00e9charge profondes.<\/p><p>VT BATTERIES dispose de la plus large gamme de batteries pour les applications cycliques, telles que les machines de nettoyage, les plates-formes de levage, les syst\u00e8mes de transport sans conducteur, les chariots \u00e9l\u00e9vateurs, les caravanes \/ bateaux, les voitures de golf, les v\u00e9hicules \u00e9lectriques et les scooters ou les chaises pour personnes \u00e0 mobilit\u00e9 r\u00e9duite, etc.<\/p><p>Les batteries de traction et de semi-traction peuvent \u00eatre class\u00e9es en batteries industrielles, pour les chariots \u00e9l\u00e9vateurs, les \u00e9purateurs, les plates-formes et autres, en batteries de golf, pour les voiturettes de golf, et en batteries marines, pour les bateaux.<\/p>\t\t\t\t\t\t\t\t<\/div>\n\t\t\t\t<\/div>\n\t\t\t\t\t<\/div>\n\t\t<\/div>\n\t\t\t\t<div class=\"elementor-column elementor-col-50 elementor-inner-column elementor-element elementor-element-185f0de\" data-id=\"185f0de\" data-element_type=\"column\" data-e-type=\"column\">\n\t\t\t<div class=\"elementor-widget-wrap elementor-element-populated\">\n\t\t\t\t\t\t<div class=\"elementor-element elementor-element-7d69f24 elementor-widget elementor-widget-image\" data-id=\"7d69f24\" data-element_type=\"widget\" data-e-type=\"widget\" data-widget_type=\"image.default\">\n\t\t\t\t<div class=\"elementor-widget-container\">\n\t\t\t\t\t\t\t\t\t\t\t\t\t\t\t<img decoding=\"async\" width=\"640\" height=\"640\" src=\"https:\/\/vtpower.es\/wp-content\/uploads\/2021\/04\/VT_golf_24-768x768.png\" class=\"attachment-medium_large size-medium_large wp-image-1856\" alt=\"\" srcset=\"https:\/\/vtpower.es\/wp-content\/uploads\/2021\/04\/VT_golf_24-768x768.png 768w, https:\/\/vtpower.es\/wp-content\/uploads\/2021\/04\/VT_golf_24-300x300.png 300w, https:\/\/vtpower.es\/wp-content\/uploads\/2021\/04\/VT_golf_24-150x150.png 150w, https:\/\/vtpower.es\/wp-content\/uploads\/2021\/04\/VT_golf_24-12x12.png 12w, https:\/\/vtpower.es\/wp-content\/uploads\/2021\/04\/VT_golf_24-400x400.png 400w, https:\/\/vtpower.es\/wp-content\/uploads\/2021\/04\/VT_golf_24-100x100.png 100w, https:\/\/vtpower.es\/wp-content\/uploads\/2021\/04\/VT_golf_24-600x600.png 600w, https:\/\/vtpower.es\/wp-content\/uploads\/2021\/04\/VT_golf_24.png 1024w\" sizes=\"(max-width: 640px) 100vw, 640px\" \/>\t\t\t\t\t\t\t\t\t\t\t\t\t\t\t<\/div>\n\t\t\t\t<\/div>\n\t\t\t\t\t<\/div>\n\t\t<\/div>\n\t\t\t\t\t<\/div>\n\t\t<\/section>\n\t\t\t\t<div class=\"elementor-element elementor-element-2392e3e elementor-widget-divider--view-line elementor-widget elementor-widget-divider\" data-id=\"2392e3e\" data-element_type=\"widget\" data-e-type=\"widget\" data-widget_type=\"divider.default\">\n\t\t\t\t<div class=\"elementor-widget-container\">\n\t\t\t\t\t\t\t<div class=\"elementor-divider\">\n\t\t\t<span class=\"elementor-divider-separator\">\n\t\t\t\t\t\t<\/span>\n\t\t<\/div>\n\t\t\t\t\t\t<\/div>\n\t\t\t\t<\/div>\n\t\t\t\t\t<\/div>\n\t\t<\/div>\n\t\t\t\t\t<\/div>\n\t\t<\/section>\n\t\t\t\t<section class=\"elementor-section elementor-top-section elementor-element elementor-element-8d680c7 elementor-section-boxed elementor-section-height-default elementor-section-height-default\" data-id=\"8d680c7\" data-element_type=\"section\" data-e-type=\"section\">\n\t\t\t\t\t\t<div class=\"elementor-container elementor-column-gap-default\">\n\t\t\t\t\t<div class=\"elementor-column elementor-col-100 elementor-top-column elementor-element elementor-element-0aa9d58\" data-id=\"0aa9d58\" data-element_type=\"column\" data-e-type=\"column\">\n\t\t\t<div class=\"elementor-widget-wrap elementor-element-populated\">\n\t\t\t\t\t\t<div class=\"elementor-element elementor-element-58ee2fb elementor-widget elementor-widget-heading\" data-id=\"58ee2fb\" data-element_type=\"widget\" data-e-type=\"widget\" data-widget_type=\"heading.default\">\n\t\t\t\t<div class=\"elementor-widget-container\">\n\t\t\t\t\t<h2 class=\"elementor-heading-title elementor-size-xl\">MARINA<\/h2>\t\t\t\t<\/div>\n\t\t\t\t<\/div>\n\t\t\t\t<section class=\"elementor-section elementor-inner-section elementor-element elementor-element-c50eed2 elementor-section-boxed elementor-section-height-default elementor-section-height-default\" data-id=\"c50eed2\" data-element_type=\"section\" data-e-type=\"section\">\n\t\t\t\t\t\t<div class=\"elementor-container elementor-column-gap-default\">\n\t\t\t\t\t<div class=\"elementor-column elementor-col-50 elementor-inner-column elementor-element elementor-element-9dbdce0\" data-id=\"9dbdce0\" data-element_type=\"column\" data-e-type=\"column\">\n\t\t\t<div class=\"elementor-widget-wrap elementor-element-populated\">\n\t\t\t\t\t\t<div class=\"elementor-element elementor-element-31c3ded elementor-widget elementor-widget-text-editor\" data-id=\"31c3ded\" data-element_type=\"widget\" data-e-type=\"widget\" data-widget_type=\"text-editor.default\">\n\t\t\t\t<div class=\"elementor-widget-container\">\n\t\t\t\t\t\t\t\t\t<p style=\"font-style: inherit;font-weight: inherit\">VT BATTERIES dispose de batteries pour les applications cycliques dans le domaine maritime, comme les bateaux et les navires de tous types et de toutes tailles, les bateaux \u00e0 moteur, les vedettes, la logistique maritime, avec des conditions de fonctionnement exigeantes, une puissance de d\u00e9marrage \u00e9lev\u00e9e et un cycle profond, bas\u00e9es sur la technologie AGM, Gel Monoblock et plomb ouvert semi-traction.<\/p>\t\t\t\t\t\t\t\t<\/div>\n\t\t\t\t<\/div>\n\t\t\t\t\t<\/div>\n\t\t<\/div>\n\t\t\t\t<div class=\"elementor-column elementor-col-50 elementor-inner-column elementor-element elementor-element-f969d6a\" data-id=\"f969d6a\" data-element_type=\"column\" data-e-type=\"column\">\n\t\t\t<div class=\"elementor-widget-wrap elementor-element-populated\">\n\t\t\t\t\t\t<div class=\"elementor-element elementor-element-3b0513e elementor-widget elementor-widget-image\" data-id=\"3b0513e\" data-element_type=\"widget\" data-e-type=\"widget\" data-widget_type=\"image.default\">\n\t\t\t\t<div class=\"elementor-widget-container\">\n\t\t\t\t\t\t\t\t\t\t\t\t\t\t\t<img decoding=\"async\" width=\"500\" height=\"300\" src=\"https:\/\/vtpower.es\/wp-content\/uploads\/2021\/04\/embarcacion-mini.jpg\" class=\"attachment-medium_large size-medium_large wp-image-1857\" alt=\"\" srcset=\"https:\/\/vtpower.es\/wp-content\/uploads\/2021\/04\/embarcacion-mini.jpg 500w, https:\/\/vtpower.es\/wp-content\/uploads\/2021\/04\/embarcacion-mini-300x180.jpg 300w, https:\/\/vtpower.es\/wp-content\/uploads\/2021\/04\/embarcacion-mini-16x10.jpg 16w\" sizes=\"(max-width: 500px) 100vw, 500px\" \/>\t\t\t\t\t\t\t\t\t\t\t\t\t\t\t<\/div>\n\t\t\t\t<\/div>\n\t\t\t\t\t<\/div>\n\t\t<\/div>\n\t\t\t\t\t<\/div>\n\t\t<\/section>\n\t\t\t\t\t<\/div>\n\t\t<\/div>\n\t\t\t\t\t<\/div>\n\t\t<\/section>\n\t\t\t\t<section class=\"elementor-section elementor-top-section elementor-element elementor-element-068f446 elementor-section-boxed elementor-section-height-default elementor-section-height-default\" data-id=\"068f446\" data-element_type=\"section\" data-e-type=\"section\">\n\t\t\t\t\t\t<div class=\"elementor-container elementor-column-gap-default\">\n\t\t\t\t\t<div class=\"elementor-column elementor-col-100 elementor-top-column elementor-element elementor-element-634b918\" data-id=\"634b918\" data-element_type=\"column\" data-e-type=\"column\">\n\t\t\t<div class=\"elementor-widget-wrap elementor-element-populated\">\n\t\t\t\t\t\t<div class=\"elementor-element elementor-element-d07a074 elementor-widget-divider--view-line elementor-widget elementor-widget-divider\" data-id=\"d07a074\" data-element_type=\"widget\" data-e-type=\"widget\" data-widget_type=\"divider.default\">\n\t\t\t\t<div class=\"elementor-widget-container\">\n\t\t\t\t\t\t\t<div class=\"elementor-divider\">\n\t\t\t<span class=\"elementor-divider-separator\">\n\t\t\t\t\t\t<\/span>\n\t\t<\/div>\n\t\t\t\t\t\t<\/div>\n\t\t\t\t<\/div>\n\t\t\t\t<div class=\"elementor-element elementor-element-573f6c6 elementor-widget elementor-widget-heading\" data-id=\"573f6c6\" data-element_type=\"widget\" data-e-type=\"widget\" data-widget_type=\"heading.default\">\n\t\t\t\t<div class=\"elementor-widget-container\">\n\t\t\t\t\t<h2 class=\"elementor-heading-title elementor-size-xl\">MARQUES :<\/h2>\t\t\t\t<\/div>\n\t\t\t\t<\/div>\n\t\t\t\t<div class=\"elementor-element elementor-element-c0fb65e elementor-grid-4 elementor-grid-tablet-2 elementor-grid-mobile-1 elementor-widget elementor-widget-pp-logo-grid\" data-id=\"c0fb65e\" data-element_type=\"widget\" data-e-type=\"widget\" data-widget_type=\"pp-logo-grid.default\">\n\t\t\t\t<div class=\"elementor-widget-container\">\n\t\t\t\t\t\t\t<div class=\"pp-logo-grid elementor-grid\">\n\t\t\t\t\t\t\t\t<div class=\"elementor-grid-item elementor-repeater-item-b8f2572\">\n\t\t\t\t\t\t<div class=\"pp-logo-wrap\">\n\t\t\t\t\t\t\t\t\t\t\t\t\t<a href=\"http:\/\/vtpower.es\/fr\/marcas\/aokly\/\">\n\t\t\t\t\t\t\t<img decoding=\"async\" src=\"https:\/\/vtpower.es\/wp-content\/uploads\/2021\/04\/Aokly.png\" alt=\"Aokly\" \/>\t\t\t\t\t\t\t<\/a>\n\t\t\t\t\t\t\t\t\t\t\t\t\t<\/div>\n\t\t\t\t\t\t\t\t\t\t\t<\/div>\n\t\t\t\t\t\t\t\t\t\t<div class=\"elementor-grid-item elementor-repeater-item-f58e43c\">\n\t\t\t\t\t\t<div class=\"pp-logo-wrap\">\n\t\t\t\t\t\t\t\t\t\t\t\t\t<a href=\"http:\/\/vtpower.es\/fr\/marcas\/aces\/\">\n\t\t\t\t\t\t\t<img decoding=\"async\" src=\"https:\/\/vtpower.es\/wp-content\/uploads\/2021\/04\/ACES-logo.png\" alt=\"Logo ACES\" \/>\t\t\t\t\t\t\t<\/a>\n\t\t\t\t\t\t\t\t\t\t\t\t\t<\/div>\n\t\t\t\t\t\t\t\t\t\t\t<\/div>\n\t\t\t\t\t\t\t\t\t\t<div class=\"elementor-grid-item elementor-repeater-item-9e4207d\">\n\t\t\t\t\t\t<div class=\"pp-logo-wrap\">\n\t\t\t\t\t\t\t\t\t\t\t\t\t<a href=\"http:\/\/vtpower.es\/fr\/marcas\/bater\/\">\n\t\t\t\t\t\t\t<img decoding=\"async\" src=\"https:\/\/vtpower.es\/wp-content\/uploads\/2021\/04\/Bater.png\" alt=\"Batterie\" \/>\t\t\t\t\t\t\t<\/a>\n\t\t\t\t\t\t\t\t\t\t\t\t\t<\/div>\n\t\t\t\t\t\t\t\t\t\t\t<\/div>\n\t\t\t\t\t\t\t\t\t\t<div class=\"elementor-grid-item elementor-repeater-item-a8dd85e\">\n\t\t\t\t\t\t<div class=\"pp-logo-wrap\">\n\t\t\t\t\t\t\t\t\t\t\t\t\t<a href=\"http:\/\/vtpower.es\/fr\/marcas\/exide\/\" target=\"_blank\">\n\t\t\t\t\t\t\t<img decoding=\"async\" src=\"https:\/\/vtpower.es\/wp-content\/uploads\/2021\/04\/Exide-1.png\" alt=\"Exide\" \/>\t\t\t\t\t\t\t<\/a>\n\t\t\t\t\t\t\t\t\t\t\t\t\t<\/div>\n\t\t\t\t\t\t\t\t\t\t\t<\/div>\n\t\t\t\t\t\t\t\t\t\t<div class=\"elementor-grid-item elementor-repeater-item-15b785f\">\n\t\t\t\t\t\t<div class=\"pp-logo-wrap\">\n\t\t\t\t\t\t\t\t\t\t\t\t\t<a href=\"http:\/\/vtpower.es\/fr\/marcas\/noco\/\">\n\t\t\t\t\t\t\t<img decoding=\"async\" src=\"https:\/\/vtpower.es\/wp-content\/uploads\/2021\/04\/Noco-red.jpg\" alt=\"Noco rouge\" \/>\t\t\t\t\t\t\t<\/a>\n\t\t\t\t\t\t\t\t\t\t\t\t\t<\/div>\n\t\t\t\t\t\t\t\t\t\t\t<\/div>\n\t\t\t\t\t\t\t\t\t\t<div class=\"elementor-grid-item elementor-repeater-item-3f1e864\">\n\t\t\t\t\t\t<div class=\"pp-logo-wrap\">\n\t\t\t\t\t\t\t\t\t\t\t\t\t<a href=\"http:\/\/vtpower.es\/fr\/marcas\/optima\/\">\n\t\t\t\t\t\t\t<img decoding=\"async\" src=\"https:\/\/vtpower.es\/wp-content\/uploads\/2021\/04\/OPTIMA-2.png\" alt=\"OPTIMA (2)\" \/>\t\t\t\t\t\t\t<\/a>\n\t\t\t\t\t\t\t\t\t\t\t\t\t<\/div>\n\t\t\t\t\t\t\t\t\t\t\t<\/div>\n\t\t\t\t\t\t\t\t\t\t<div class=\"elementor-grid-item elementor-repeater-item-1c79bc9\">\n\t\t\t\t\t\t<div class=\"pp-logo-wrap\">\n\t\t\t\t\t\t\t\t\t\t\t\t\t<a href=\"http:\/\/vtpower.es\/fr\/marcas\/qbatteries\/\">\n\t\t\t\t\t\t\t<img decoding=\"async\" src=\"https:\/\/vtpower.es\/wp-content\/uploads\/2021\/03\/Q-Batteries_1.png\" alt=\"Q-Batteries_1\" \/>\t\t\t\t\t\t\t<\/a>\n\t\t\t\t\t\t\t\t\t\t\t\t\t<\/div>\n\t\t\t\t\t\t\t\t\t\t\t<\/div>\n\t\t\t\t\t\t\t\t\t\t<div class=\"elementor-grid-item elementor-repeater-item-2ef9e89\">\n\t\t\t\t\t\t<div class=\"pp-logo-wrap\">\n\t\t\t\t\t\t\t\t\t\t\t\t\t<a href=\"http:\/\/vtpower.es\/fr\/marcas\/spe\/\">\n\t\t\t\t\t\t\t<img decoding=\"async\" src=\"https:\/\/vtpower.es\/wp-content\/uploads\/2021\/04\/SPE.png\" alt=\"SPE\" \/>\t\t\t\t\t\t\t<\/a>\n\t\t\t\t\t\t\t\t\t\t\t\t\t<\/div>\n\t\t\t\t\t\t\t\t\t\t\t<\/div>\n\t\t\t\t\t\t\t\t\t\t<div class=\"elementor-grid-item elementor-repeater-item-9a9efc7\">\n\t\t\t\t\t\t<div class=\"pp-logo-wrap\">\n\t\t\t\t\t\t\t\t\t\t\t\t\t<a href=\"http:\/\/vtpower.es\/fr\/marcas\/varta\/\">\n\t\t\t\t\t\t\t<img decoding=\"async\" src=\"https:\/\/vtpower.es\/wp-content\/uploads\/2021\/04\/VartaLogo.png\" alt=\"VartaLogo\" \/>\t\t\t\t\t\t\t<\/a>\n\t\t\t\t\t\t\t\t\t\t\t\t\t<\/div>\n\t\t\t\t\t\t\t\t\t\t\t<\/div>\n\t\t\t\t\t\t\t\t\t\t<div class=\"elementor-grid-item elementor-repeater-item-70fd63e\">\n\t\t\t\t\t\t<div class=\"pp-logo-wrap\">\n\t\t\t\t\t\t\t\t\t\t\t\t\t<a href=\"http:\/\/vtpower.es\/fr\/marcas\/zenith\/\">\n\t\t\t\t\t\t\t<img decoding=\"async\" src=\"https:\/\/vtpower.es\/wp-content\/uploads\/2021\/04\/Zenith.png\" alt=\"Z\u00e9nith\" \/>\t\t\t\t\t\t\t<\/a>\n\t\t\t\t\t\t\t\t\t\t\t\t\t<\/div>\n\t\t\t\t\t\t\t\t\t\t\t<\/div>\n\t\t\t\t\t\t\t<\/div>\n\t\t\t\t\t\t<\/div>\n\t\t\t\t<\/div>\n\t\t\t\t\t<\/div>\n\t\t<\/div>\n\t\t\t\t\t<\/div>\n\t\t<\/section>\n\t\t\t\t<\/div>","protected":false},"excerpt":{"rendered":"<p>Elit scripta volumus cu vim, cum no vidit prodesset interesset. Mollis legendos ne est, ex pri latine euismod apeirian. Nec molestie senserit an, eos no eirmod salutatus.<\/p>\n<p>Pro mucius everti ponderum at, vix reque scaevola eu. Ex nam veniam veniam munere, at dico dictas mei. Ius ei assum assueverit. Nam ut assum nominavi.<\/p>","protected":false},"author":1,"featured_media":0,"parent":0,"menu_order":0,"comment_status":"closed","ping_status":"closed","template":"","meta":{"footnotes":""},"class_list":["post-1848","page","type-page","status-publish","hentry"],"_links":{"self":[{"href":"https:\/\/vtpower.es\/fr\/wp-json\/wp\/v2\/pages\/1848","targetHints":{"allow":["GET"]}}],"collection":[{"href":"https:\/\/vtpower.es\/fr\/wp-json\/wp\/v2\/pages"}],"about":[{"href":"https:\/\/vtpower.es\/fr\/wp-json\/wp\/v2\/types\/page"}],"author":[{"embeddable":true,"href":"https:\/\/vtpower.es\/fr\/wp-json\/wp\/v2\/users\/1"}],"replies":[{"embeddable":true,"href":"https:\/\/vtpower.es\/fr\/wp-json\/wp\/v2\/comments?post=1848"}],"version-history":[{"count":11,"href":"https:\/\/vtpower.es\/fr\/wp-json\/wp\/v2\/pages\/1848\/revisions"}],"predecessor-version":[{"id":12920,"href":"https:\/\/vtpower.es\/fr\/wp-json\/wp\/v2\/pages\/1848\/revisions\/12920"}],"wp:attachment":[{"href":"https:\/\/vtpower.es\/fr\/wp-json\/wp\/v2\/media?parent=1848"}],"curies":[{"name":"wp","href":"https:\/\/api.w.org\/{rel}","templated":true}]}}