{"id":1867,"date":"2021-04-15T15:50:23","date_gmt":"2021-04-15T15:50:23","guid":{"rendered":"http:\/\/vtpower.es\/?page_id=1867"},"modified":"2026-04-27T12:16:58","modified_gmt":"2026-04-27T12:16:58","slug":"aviso-legal","status":"publish","type":"page","link":"https:\/\/vtpower.es\/fr\/aviso-legal\/","title":{"rendered":"Mention L\u00e9gale"},"content":{"rendered":"<div data-elementor-type=\"wp-page\" data-elementor-id=\"1867\" class=\"elementor elementor-1867\" data-elementor-post-type=\"page\">\n\t\t\t\t\t\t<section class=\"elementor-section elementor-top-section elementor-element elementor-element-2355fa6 elementor-section-boxed elementor-section-height-default elementor-section-height-default\" data-id=\"2355fa6\" data-element_type=\"section\" data-e-type=\"section\">\n\t\t\t\t\t\t<div class=\"elementor-container elementor-column-gap-default\">\n\t\t\t\t\t<div class=\"elementor-column elementor-col-100 elementor-top-column elementor-element elementor-element-327b2a1\" data-id=\"327b2a1\" data-element_type=\"column\" data-e-type=\"column\">\n\t\t\t<div class=\"elementor-widget-wrap elementor-element-populated\">\n\t\t\t\t\t\t<div class=\"elementor-element elementor-element-0b3545a elementor-widget elementor-widget-text-editor\" data-id=\"0b3545a\" data-element_type=\"widget\" data-e-type=\"widget\" data-widget_type=\"text-editor.default\">\n\t\t\t\t<div class=\"elementor-widget-container\">\n\t\t\t\t\t\t\t\t\t<p>Conform\u00e9ment \u00e0 l'obligation d'information contenue dans l'article 10 de la loi 34\/2002, du 11 juillet, sur les services de la soci\u00e9t\u00e9 de l'information et le commerce \u00e9lectronique, nous vous informons que l'URL www.vtpower.es (ci-apr\u00e8s le PORTAIL) est un domaine :<\/p><p>Propri\u00e9t\u00e9 de : VT BATTERIES, S.L.<\/p><p>NIF : B09538950<\/p><p>Domicile : C\/ Valle de Tobalina, n\u00ba 10 ; 09001 Burgos<\/p><p>T\u00e9l\u00e9phone : 947 070 021<\/p><p>Courriel : sistemas@vtpower.es<\/p><p>Donn\u00e9es d'enregistrement : Inscrite au registre du commerce de Burgos, Tome 655, Livre 446, Page 59, Feuille BU 14693, Inscription 1\u00e8re, sous le nom de VT BATTERIES, S.L.<\/p><p>Toutes les marques, noms commerciaux ou logos de toute nature qui apparaissent sur le PORTAIL sont la propri\u00e9t\u00e9 de VT BATTERIES, S.L. (ci-apr\u00e8s LA SOCI\u00c9T\u00c9) ou de tiers, sans qu'il soit entendu que l'utilisation ou l'acc\u00e8s au site et \/ ou des services, donne \u00e0 l'utilisateur tout droit sur ces marques, noms commerciaux et \/ ou logos.<\/p><p>De m\u00eame, les contenus publi\u00e9s sur le site web, leur conception graphique, leurs images, leurs bases de donn\u00e9es et leur code source sont la propri\u00e9t\u00e9 intellectuelle de L'ENTIT\u00c9 ou de tiers, sans que les droits d'exploitation existants ou futurs sur ces contenus puissent \u00eatre c\u00e9d\u00e9s \u00e0 l'utilisateur, en vertu de ce qui est \u00e9tabli dans cet Avis L\u00e9gal, au-del\u00e0 de ce qui est strictement n\u00e9cessaire pour l'utilisation correcte du PORTAIL et des services qui y sont fournis.<\/p><p>L'acc\u00e8s \u00e0 ce site web est de la seule responsabilit\u00e9 des utilisateurs. Le simple acc\u00e8s au PORTAIL n'implique aucune relation commerciale entre L'ENTIT\u00c9 et l'utilisateur. En y acc\u00e9dant, vous acceptez les Conditions G\u00e9n\u00e9rales d'Utilisation.<\/p>\t\t\t\t\t\t\t\t<\/div>\n\t\t\t\t<\/div>\n\t\t\t\t\t<\/div>\n\t\t<\/div>\n\t\t\t\t\t<\/div>\n\t\t<\/section>\n\t\t\t\t<\/div>","protected":false},"excerpt":{"rendered":"<p>Elit scripta volumus cu vim, cum no vidit prodesset interesset. Mollis legendos ne est, ex pri latine euismod apeirian. Nec molestie senserit an, eos no eirmod salutatus.<\/p>\n<p>Pro mucius everti ponderum at, vix reque scaevola eu. Ex nam veniam veniam munere, at dico dictas mei. Ius ei assum assueverit. Nam ut assum nominavi.<\/p>","protected":false},"author":1,"featured_media":0,"parent":0,"menu_order":0,"comment_status":"closed","ping_status":"closed","template":"","meta":{"footnotes":""},"class_list":["post-1867","page","type-page","status-publish","hentry"],"_links":{"self":[{"href":"https:\/\/vtpower.es\/fr\/wp-json\/wp\/v2\/pages\/1867","targetHints":{"allow":["GET"]}}],"collection":[{"href":"https:\/\/vtpower.es\/fr\/wp-json\/wp\/v2\/pages"}],"about":[{"href":"https:\/\/vtpower.es\/fr\/wp-json\/wp\/v2\/types\/page"}],"author":[{"embeddable":true,"href":"https:\/\/vtpower.es\/fr\/wp-json\/wp\/v2\/users\/1"}],"replies":[{"embeddable":true,"href":"https:\/\/vtpower.es\/fr\/wp-json\/wp\/v2\/comments?post=1867"}],"version-history":[{"count":15,"href":"https:\/\/vtpower.es\/fr\/wp-json\/wp\/v2\/pages\/1867\/revisions"}],"predecessor-version":[{"id":29575,"href":"https:\/\/vtpower.es\/fr\/wp-json\/wp\/v2\/pages\/1867\/revisions\/29575"}],"wp:attachment":[{"href":"https:\/\/vtpower.es\/fr\/wp-json\/wp\/v2\/media?parent=1867"}],"curies":[{"name":"wp","href":"https:\/\/api.w.org\/{rel}","templated":true}]}}