{"id":396,"date":"2016-07-20T16:29:30","date_gmt":"2016-07-20T16:29:30","guid":{"rendered":"http:\/\/demo.hashthemes.com\/total\/?page_id=7"},"modified":"2026-04-28T08:06:49","modified_gmt":"2026-04-28T08:06:49","slug":"inicio","status":"publish","type":"page","link":"https:\/\/vtpower.es\/fr\/","title":{"rendered":"ACCUEIL"},"content":{"rendered":"\t\t<div data-elementor-type=\"wp-page\" data-elementor-id=\"396\" class=\"elementor elementor-396\" data-elementor-post-type=\"page\">\n\t\t\t\t<div class=\"elementor-element elementor-element-61bc2b0 e-con-full e-flex e-con e-parent\" data-id=\"61bc2b0\" data-element_type=\"container\" data-e-type=\"container\" data-settings=\"{&quot;background_background&quot;:&quot;video&quot;,&quot;background_video_link&quot;:&quot;https:\\\/\\\/youtu.be\\\/qc4F2kBuRX8&quot;,&quot;background_video_start&quot;:20,&quot;background_video_end&quot;:50,&quot;background_play_on_mobile&quot;:&quot;yes&quot;}\">\n\t\t<div class=\"elementor-background-video-container\">\n\t\t\t\t\t\t\t<div class=\"elementor-background-video-embed\" role=\"presentation\"><\/div>\n\t\t\t\t\t\t<\/div>\t\t<div class=\"elementor-element elementor-element-fd97ca9 elementor-widget elementor-widget-html\" data-id=\"fd97ca9\" data-element_type=\"widget\" data-e-type=\"widget\" data-widget_type=\"html.default\">\n\t\t\t\t<div class=\"elementor-widget-container\">\n\t\t\t\t\t<style>\r\n.vt-hero-wrap{\r\n  padding:100px 40px 120px;\r\n  text-align:center;\r\n  position:relative;\r\n  z-index:2;\r\n  width:100%;\r\n}\r\n.vt-hero-eyebrow{\r\n  font-family:'Poppins',sans-serif;\r\n  font-size:11px;\r\n  font-weight:700;\r\n  letter-spacing:5px;\r\n  text-transform:uppercase;\r\n  color:rgba(255,255,255,0.65);\r\n  display:block;\r\n  margin-bottom:20px;\r\n}\r\n.vt-hero-wrap h1{\r\n  font-family:'Poppins',sans-serif;\r\n  font-size:clamp(26px,4.5vw,50px);\r\n  font-weight:800;\r\n  text-transform:uppercase;\r\n  color:#ffffff;\r\n  line-height:1.1;\r\n  letter-spacing:-1px;\r\n  margin:0 0 22px;\r\n  text-shadow:0 2px 24px rgba(0,0,0,0.5);\r\n}\r\n.vt-hero-animated-line{\r\n  font-family:'Poppins',sans-serif;\r\n  font-size:clamp(16px,2.8vw,28px);\r\n  font-weight:600;\r\n  color:#f5a623;\r\n  min-height:44px;\r\n  display:block;\r\n  margin-bottom:32px;\r\n}\r\n.vt-hero-btns{\r\n  display:flex;\r\n  gap:14px;\r\n  flex-wrap:wrap;\r\n  justify-content:center;\r\n}\r\n.vt-hero-btn1{\r\n  display:inline-block;\r\n  background:#00577c;\r\n  color:#fff;\r\n  font-family:'Poppins',sans-serif;\r\n  font-size:12px;\r\n  font-weight:700;\r\n  letter-spacing:2px;\r\n  text-transform:uppercase;\r\n  padding:14px 36px;\r\n  border-radius:4px;\r\n  text-decoration:none;\r\n  border:2px solid #00577c;\r\n  transition:background .2s,transform .15s;\r\n}\r\n.vt-hero-btn1:hover{background:#00446a;border-color:#00446a;transform:translateY(-2px);color:#fff;text-decoration:none;}\r\n.vt-hero-btn2{\r\n  display:inline-block;\r\n  background:#f5a623;\r\n  color:#fff;\r\n  font-family:'Poppins',sans-serif;\r\n  font-size:12px;\r\n  font-weight:700;\r\n  letter-spacing:2px;\r\n  text-transform:uppercase;\r\n  padding:14px 36px;\r\n  border-radius:4px;\r\n  text-decoration:none;\r\n  border:2px solid #f5a623;\r\n  transition:background .2s,border-color .2s,transform .15s;\r\n}\r\n.vt-hero-btn2:hover{background:#d4891a;border-color:#d4891a;transform:translateY(-2px);color:#fff;text-decoration:none;}\r\n<\/style>\r\n\r\n<div class=\"vt-hero-wrap\">\r\n  <h1>Especialistas en<br>acumuladores de energ\u00eda<\/h1>\r\n  <span class=\"vt-hero-animated-line\" id=\"vtTyped\"><\/span>\r\n  <div class=\"vt-hero-btns\">\r\n    <a href=\"https:\/\/vtpower.es\/contacto\/\" class=\"vt-hero-btn1\">Contactar ahora<\/a>\r\n  <\/div>\r\n<\/div>\r\n\r\n<script>\r\n(function(){\r\n  var phrases = [\r\n    'Damos soluciones a cualquier necesidad de acumuladores de energ\u00eda',\r\n    'Bater\u00edas de arranque, tracci\u00f3n, semitracci\u00f3n, estacionarias, fotovoltaicas',\r\n    'Distribuci\u00f3n en m\u00e1s de 60 pa\u00edses',\r\n    'M\u00e1s de 12 a\u00f1os de experiencia en el sector'\r\n  ];\r\n  var el = document.getElementById('vtTyped');\r\n  if(!el) return;\r\n  var pi = 0, ci = 0, deleting = false, paused = false;\r\n  function tick(){\r\n    var phrase = phrases[pi];\r\n    if(paused){ setTimeout(tick, 2200); paused=false; return; }\r\n    if(!deleting){\r\n      el.textContent = phrase.substring(0, ci+1);\r\n      ci++;\r\n      if(ci === phrase.length){ paused=true; deleting=true; setTimeout(tick, 80); return; }\r\n      setTimeout(tick, 55);\r\n    } else {\r\n      el.textContent = phrase.substring(0, ci-1);\r\n      ci--;\r\n      if(ci === 0){ deleting=false; pi=(pi+1)%phrases.length; setTimeout(tick, 400); return; }\r\n      setTimeout(tick, 28);\r\n    }\r\n  }\r\n  setTimeout(tick, 800);\r\n})();\r\n<\/script>\t\t\t\t<\/div>\n\t\t\t\t<\/div>\n\t\t\t\t<\/div>\n\t\t<div class=\"elementor-element elementor-element-9708782 e-con-full e-flex e-con e-parent\" data-id=\"9708782\" data-element_type=\"container\" data-e-type=\"container\">\n\t\t\t\t<div class=\"elementor-element elementor-element-5ff0279 elementor-widget elementor-widget-html\" data-id=\"5ff0279\" data-element_type=\"widget\" data-e-type=\"widget\" data-widget_type=\"html.default\">\n\t\t\t\t<div class=\"elementor-widget-container\">\n\t\t\t\t\t<style>\r\n.vt-flip-section{\r\n  padding:60px 40px;\r\n  background:#ffffff;\r\n}\r\n.vt-flip-header{\r\n  text-align:center;\r\n  margin-bottom:44px;\r\n}\r\n.vt-flip-eyebrow{\r\n  font-family:'Poppins',sans-serif;\r\n  font-size:11px;\r\n  font-weight:700;\r\n  letter-spacing:4px;\r\n  text-transform:uppercase;\r\n  color:#00577c;\r\n  display:block;\r\n  margin-bottom:10px;\r\n}\r\n.vt-flip-header h2{\r\n  font-family:'Poppins',sans-serif;\r\n  font-size:28px;\r\n  font-weight:800;\r\n  text-transform:uppercase;\r\n  color:#111;\r\n  margin:0 0 14px;\r\n  letter-spacing:-0.5px;\r\n}\r\n.vt-flip-header h2 em{font-style:normal;color:#00577c;}\r\n.vt-flip-rule{\r\n  width:48px;height:3px;\r\n  background:#00577c;\r\n  margin:0 auto;\r\n  border-radius:2px;\r\n}\r\n.vt-flip-grid{\r\n  display:grid;\r\n  grid-template-columns:repeat(4,1fr);\r\n  gap:0;\r\n  max-width:1200px;\r\n  margin:0 auto;\r\n}\r\n@media(max-width:900px){.vt-flip-grid{grid-template-columns:1fr 1fr;}}\r\n@media(max-width:500px){.vt-flip-grid{grid-template-columns:1fr;}}\r\n.vt-flip-card{\r\n  position:relative;\r\n  height:450px;\r\n  overflow:hidden;\r\n  cursor:pointer;\r\n  display:block;\r\n  text-decoration:none;\r\n}\r\n.vt-flip-card-img{\r\n  position:absolute;\r\n  inset:0;\r\n  width:100%;\r\n  height:100%;\r\n  object-fit:cover;\r\n  object-position:center;\r\n  background:none;\r\n  padding:0;\r\n  transition:transform .5s ease;\r\n}\r\n.vt-flip-card:hover .vt-flip-card-img{\r\n  transform:scale(1.08);\r\n}\r\n.vt-flip-card-overlay{\r\n  position:absolute;\r\n  inset:0;\r\n  background:rgba(0,40,60,0.2);\r\n  transition:background .4s ease;\r\n  z-index:1;\r\n}\r\n.vt-flip-card:hover .vt-flip-card-overlay{\r\n  background:rgba(0,40,60,0.88);\r\n}\r\n.vt-flip-card-front{\r\n  position:absolute;\r\n  bottom:0;left:0;right:0;\r\n  padding:28px 26px;\r\n  background:linear-gradient(to top, rgba(0,0,0,0.75) 0%, transparent 100%);\r\n  z-index:2;\r\n  transition:opacity .3s ease;\r\n}\r\n.vt-flip-card:hover .vt-flip-card-front{\r\n  opacity:0;\r\n}\r\n.vt-flip-card-front-tag{\r\n  font-family:'Poppins',sans-serif;\r\n  font-size:14px;\r\n  font-weight:800;\r\n  letter-spacing:3px;\r\n  text-transform:uppercase;\r\n  color:#ffffff;\r\n}\r\n.vt-flip-card-back{\r\n  position:absolute;\r\n  inset:0;\r\n  display:flex;\r\n  flex-direction:column;\r\n  align-items:center;\r\n  justify-content:center;\r\n  padding:36px;\r\n  z-index:3;\r\n  opacity:0;\r\n  transform:translateY(16px);\r\n  transition:opacity .35s ease, transform .35s ease;\r\n  text-align:center;\r\n}\r\n.vt-flip-card:hover .vt-flip-card-back{\r\n  opacity:1;\r\n  transform:translateY(0);\r\n}\r\n.vt-flip-card-back-title{\r\n  font-family:'Poppins',sans-serif;\r\n  font-size:24px;\r\n  font-weight:800;\r\n  text-transform:uppercase;\r\n  color:#ffffff;\r\n  letter-spacing:0.5px;\r\n  margin-bottom:14px;\r\n  line-height:1.2;\r\n}\r\n.vt-flip-card-back-desc{\r\n  font-family:'Poppins',sans-serif;\r\n  font-size:14px;\r\n  font-weight:300;\r\n  color:rgba(255,255,255,0.85);\r\n  line-height:1.75;\r\n  margin-bottom:24px;\r\n}\r\n.vt-flip-card-back-btn{\r\n  display:inline-block;\r\n  background:#00577c;\r\n  color:#fff;\r\n  font-family:'Poppins',sans-serif;\r\n  font-size:11px;\r\n  font-weight:700;\r\n  letter-spacing:2px;\r\n  text-transform:uppercase;\r\n  padding:11px 26px;\r\n  border-radius:4px;\r\n  text-decoration:none;\r\n  transition:background .2s;\r\n}\r\n.vt-flip-card-back-btn:hover{background:#00446a;}\r\n<\/style>\r\n\r\n<div class=\"vt-flip-section\">\r\n  <div class=\"vt-flip-header\">\r\n    <span class=\"vt-flip-eyebrow\">Nuestro cat\u00e1logo<\/span>\r\n    <h2>Soluciones para <em>cada aplicaci\u00f3n<\/em><\/h2>\r\n    <div class=\"vt-flip-rule\"><\/div>\r\n  <\/div>\r\n\r\n  <div class=\"vt-flip-grid\">\r\n\r\n    <a href=\"https:\/\/vtpower.es\/etiqueta\/arranque\/\" class=\"vt-flip-card\">\r\n      <img decoding=\"async\" class=\"vt-flip-card-img\" src=\"https:\/\/vtpower.es\/wp-content\/uploads\/2025\/02\/Diseno-sin-titulo-93.png\" alt=\"Arranque\">\r\n      <div class=\"vt-flip-card-overlay\"><\/div>\r\n      <div class=\"vt-flip-card-front\">\r\n        <span class=\"vt-flip-card-front-tag\">Arranque<\/span>\r\n      <\/div>\r\n      <div class=\"vt-flip-card-back\">\r\n        <div class=\"vt-flip-card-back-title\">Arranque<\/div>\r\n        <div class=\"vt-flip-card-back-desc\">Start Stop, EFB, asi\u00e1tico e industrial. Automoci\u00f3n, camiones y moto.<\/div>\r\n        <span class=\"vt-flip-card-back-btn\">Ver productos<\/span>\r\n      <\/div>\r\n    <\/a>\r\n\r\n    <a href=\"https:\/\/vtindustrial.es\/products.html\" target=\"_blank\" class=\"vt-flip-card\" rel=\"noopener\">\r\n      <img decoding=\"async\" class=\"vt-flip-card-img\" src=\"https:\/\/vtpower.es\/wp-content\/uploads\/2022\/05\/27-AGM_TROJAN.png\" alt=\"Tracci\u00f3n\">\r\n      <div class=\"vt-flip-card-overlay\"><\/div>\r\n      <div class=\"vt-flip-card-front\">\r\n        <span class=\"vt-flip-card-front-tag\">Tracci\u00f3n<\/span>\r\n      <\/div>\r\n      <div class=\"vt-flip-card-back\">\r\n        <div class=\"vt-flip-card-back-title\">Tracci\u00f3n<\/div>\r\n        <div class=\"vt-flip-card-back-desc\">M\u00e1quinas de limpieza, plataformas elevadoras y carretillas.<\/div>\r\n        <span class=\"vt-flip-card-back-btn\">Ver productos<\/span>\r\n      <\/div>\r\n    <\/a>\r\n\r\n    <a href=\"https:\/\/vtpower.es\/etiqueta\/estacionaria\/\" class=\"vt-flip-card\">\r\n      <img decoding=\"async\" class=\"vt-flip-card-img\" src=\"https:\/\/vtpower.es\/wp-content\/uploads\/2022\/10\/12LH-36_QB.png\" alt=\"Estacionaria\">\r\n      <div class=\"vt-flip-card-overlay\"><\/div>\r\n      <div class=\"vt-flip-card-front\">\r\n        <span class=\"vt-flip-card-front-tag\">Estacionaria<\/span>\r\n      <\/div>\r\n      <div class=\"vt-flip-card-back\">\r\n        <div class=\"vt-flip-card-back-title\">Estacionaria<\/div>\r\n        <div class=\"vt-flip-card-back-desc\">Alarmas, alumbrado de emergencia y acumulaci\u00f3n de energ\u00eda renovable.<\/div>\r\n        <span class=\"vt-flip-card-back-btn\">Ver productos<\/span>\r\n      <\/div>\r\n    <\/a>\r\n\r\n    <a href=\"https:\/\/vtpower.es\/etiqueta\/fotovoltaica\/\" class=\"vt-flip-card\">\r\n      <img decoding=\"async\" class=\"vt-flip-card-img\" src=\"https:\/\/vtpower.es\/wp-content\/uploads\/2021\/06\/LDP12-12_VT.png\" alt=\"Fotovoltaica\">\r\n      <div class=\"vt-flip-card-overlay\"><\/div>\r\n      <div class=\"vt-flip-card-front\">\r\n        <span class=\"vt-flip-card-front-tag\">Fotovoltaica<\/span>\r\n      <\/div>\r\n      <div class=\"vt-flip-card-back\">\r\n        <div class=\"vt-flip-card-back-title\">Fotovoltaica<\/div>\r\n        <div class=\"vt-flip-card-back-desc\">Instalaciones llave en mano con paneles solares e integraci\u00f3n de bater\u00edas.<\/div>\r\n        <span class=\"vt-flip-card-back-btn\">Ver productos<\/span>\r\n      <\/div>\r\n    <\/a>\r\n\r\n  <\/div>\r\n<\/div>\t\t\t\t<\/div>\n\t\t\t\t<\/div>\n\t\t\t\t<\/div>\n\t\t\t\t<section class=\"elementor-section elementor-top-section elementor-element elementor-element-da2d1eb elementor-section-boxed elementor-section-height-default elementor-section-height-default\" data-id=\"da2d1eb\" data-element_type=\"section\" data-e-type=\"section\" data-settings=\"{&quot;background_background&quot;:&quot;classic&quot;}\">\n\t\t\t\t\t\t<div class=\"elementor-container elementor-column-gap-default\">\n\t\t\t\t\t<div class=\"elementor-column elementor-col-100 elementor-top-column elementor-element elementor-element-4914a83\" data-id=\"4914a83\" data-element_type=\"column\" data-e-type=\"column\">\n\t\t\t<div class=\"elementor-widget-wrap elementor-element-populated\">\n\t\t\t\t\t\t<div class=\"elementor-element elementor-element-78956e9 elementor-widget__width-inherit elementor-widget elementor-widget-square-plus-logo-carousel\" data-id=\"78956e9\" data-element_type=\"widget\" data-e-type=\"widget\" data-widget_type=\"square-plus-logo-carousel.default\">\n\t\t\t\t<div class=\"elementor-widget-container\">\n\t\t\t\t\t        <div class=\"he-client-logo-slider owl-carousel\" data-params='{\"autoplay\":true,\"pause\":5000,\"items\":9,\"items_tablet\":2,\"items_mobile\":1,\"margin\":25,\"margin_tablet\":30,\"margin_mobile\":30,\"dots\":false}'>\n            <div class=\"he-logo-slide\"><img decoding=\"async\" src=\"https:\/\/vtpower.es\/wp-content\/uploads\/2025\/01\/AOKLY.png\" alt=\"AOKLY\" \/><\/div><div class=\"he-logo-slide\"><img decoding=\"async\" src=\"https:\/\/vtpower.es\/wp-content\/uploads\/2025\/01\/VTPOWER.png\" alt=\"VTPOWER\" \/><\/div><div class=\"he-logo-slide\"><img decoding=\"async\" src=\"https:\/\/vtpower.es\/wp-content\/uploads\/2025\/01\/1.png\" alt=\"1\" \/><\/div><div class=\"he-logo-slide\"><img decoding=\"async\" src=\"https:\/\/vtpower.es\/wp-content\/uploads\/2025\/01\/LUCAS.png\" alt=\"LUCAS\" \/><\/div><div class=\"he-logo-slide\"><img decoding=\"async\" src=\"https:\/\/vtpower.es\/wp-content\/uploads\/2025\/01\/SOLITE.png\" alt=\"SOLITE\" \/><\/div><div class=\"he-logo-slide\"><img decoding=\"async\" src=\"https:\/\/vtpower.es\/wp-content\/uploads\/2025\/01\/QBATTERIES.png\" alt=\"QBATTERIES\" \/><\/div><div class=\"he-logo-slide\"><img decoding=\"async\" src=\"https:\/\/vtpower.es\/wp-content\/uploads\/2025\/01\/TROJAN.png\" alt=\"TROJAN\" \/><\/div><div class=\"he-logo-slide\"><img decoding=\"async\" src=\"https:\/\/vtpower.es\/wp-content\/uploads\/2025\/01\/EXIDE.png\" alt=\"EXIDE\" \/><\/div><div class=\"he-logo-slide\"><img decoding=\"async\" src=\"https:\/\/vtpower.es\/wp-content\/uploads\/2025\/01\/DURACELL.png\" alt=\"DURACELL\" \/><\/div><div class=\"he-logo-slide\"><img decoding=\"async\" src=\"https:\/\/vtpower.es\/wp-content\/uploads\/2025\/01\/VTINDUSTRIAL.png\" alt=\"VTINDUSTRIAL\" \/><\/div><div class=\"he-logo-slide\"><img decoding=\"async\" src=\"https:\/\/vtpower.es\/wp-content\/uploads\/2025\/01\/WILLARD.png\" alt=\"WILLARD\" \/><\/div><div class=\"he-logo-slide\"><img decoding=\"async\" src=\"https:\/\/vtpower.es\/wp-content\/uploads\/2025\/01\/VARTA.png\" alt=\"VARTA\" \/><\/div>        <\/div>\n        \t\t\t\t<\/div>\n\t\t\t\t<\/div>\n\t\t\t\t\t<\/div>\n\t\t<\/div>\n\t\t\t\t\t<\/div>\n\t\t<\/section>\n\t\t<div class=\"elementor-element elementor-element-73eb20c e-flex e-con-boxed e-con e-parent\" data-id=\"73eb20c\" data-element_type=\"container\" data-e-type=\"container\">\n\t\t\t\t\t<div class=\"e-con-inner\">\n\t\t\t\t<div class=\"elementor-element elementor-element-579f868 elementor-widget elementor-widget-spacer\" data-id=\"579f868\" data-element_type=\"widget\" data-e-type=\"widget\" data-widget_type=\"spacer.default\">\n\t\t\t\t<div class=\"elementor-widget-container\">\n\t\t\t\t\t\t\t<div class=\"elementor-spacer\">\n\t\t\t<div class=\"elementor-spacer-inner\"><\/div>\n\t\t<\/div>\n\t\t\t\t\t\t<\/div>\n\t\t\t\t<\/div>\n\t\t\t\t\t<\/div>\n\t\t\t\t<\/div>\n\t\t\t\t<section class=\"elementor-section elementor-top-section elementor-element elementor-element-81a2499 elementor-section-boxed elementor-section-height-default elementor-section-height-default\" data-id=\"81a2499\" data-element_type=\"section\" data-e-type=\"section\" data-settings=\"{&quot;background_background&quot;:&quot;classic&quot;}\">\n\t\t\t\t\t\t\t<div class=\"elementor-background-overlay\"><\/div>\n\t\t\t\t\t\t\t<div class=\"elementor-container elementor-column-gap-narrow\">\n\t\t\t\t\t<div class=\"elementor-column elementor-col-25 elementor-top-column elementor-element elementor-element-7fcc657\" data-id=\"7fcc657\" data-element_type=\"column\" data-e-type=\"column\">\n\t\t\t<div class=\"elementor-widget-wrap elementor-element-populated\">\n\t\t\t\t\t\t<div class=\"elementor-element elementor-element-c669a87 e-transform elementor-widget elementor-widget-total-counter-block\" data-id=\"c669a87\" data-element_type=\"widget\" data-e-type=\"widget\" data-settings=\"{&quot;_transform_rotateZ_effect&quot;:{&quot;unit&quot;:&quot;px&quot;,&quot;size&quot;:0,&quot;sizes&quot;:[]},&quot;_transform_rotateZ_effect_tablet&quot;:{&quot;unit&quot;:&quot;deg&quot;,&quot;size&quot;:&quot;&quot;,&quot;sizes&quot;:[]},&quot;_transform_rotateZ_effect_mobile&quot;:{&quot;unit&quot;:&quot;deg&quot;,&quot;size&quot;:&quot;&quot;,&quot;sizes&quot;:[]}}\" data-widget_type=\"total-counter-block.default\">\n\t\t\t\t<div class=\"elementor-widget-container\">\n\t\t\t\t\t        <div class=\"het-counter\">\n            <div class=\"het-counter-icon\">\n                <i aria-hidden=\"true\" class=\"far fa-calendar-check\"><\/i>            <\/div>\n\n            <div class=\"het-counter-count odometer\" data-count=\"12\">\n                99\n            <\/div>\n\n            <h6 class=\"het-counter-title\">\n                A\u00f1os de experiencia            <\/h6>\n        <\/div>\n        \t\t\t\t<\/div>\n\t\t\t\t<\/div>\n\t\t\t\t\t<\/div>\n\t\t<\/div>\n\t\t\t\t<div class=\"elementor-column elementor-col-25 elementor-top-column elementor-element elementor-element-e71d56b\" data-id=\"e71d56b\" data-element_type=\"column\" data-e-type=\"column\">\n\t\t\t<div class=\"elementor-widget-wrap elementor-element-populated\">\n\t\t\t\t\t\t<div class=\"elementor-element elementor-element-c700ebc elementor-widget elementor-widget-total-counter-block\" data-id=\"c700ebc\" data-element_type=\"widget\" data-e-type=\"widget\" data-widget_type=\"total-counter-block.default\">\n\t\t\t\t<div class=\"elementor-widget-container\">\n\t\t\t\t\t        <div class=\"het-counter\">\n            <div class=\"het-counter-icon\">\n                <i aria-hidden=\"true\" class=\"fas fa-check-circle\"><\/i>            <\/div>\n\n            <div class=\"het-counter-count odometer\" data-count=\"2000\">\n                99\n            <\/div>\n\n            <h6 class=\"het-counter-title\">\n                Clientes satisfechos            <\/h6>\n        <\/div>\n        \t\t\t\t<\/div>\n\t\t\t\t<\/div>\n\t\t\t\t\t<\/div>\n\t\t<\/div>\n\t\t\t\t<div class=\"elementor-column elementor-col-25 elementor-top-column elementor-element elementor-element-84f9614\" data-id=\"84f9614\" data-element_type=\"column\" data-e-type=\"column\">\n\t\t\t<div class=\"elementor-widget-wrap elementor-element-populated\">\n\t\t\t\t\t\t<div class=\"elementor-element elementor-element-20fc98c elementor-widget elementor-widget-total-counter-block\" data-id=\"20fc98c\" data-element_type=\"widget\" data-e-type=\"widget\" data-widget_type=\"total-counter-block.default\">\n\t\t\t\t<div class=\"elementor-widget-container\">\n\t\t\t\t\t        <div class=\"het-counter\">\n            <div class=\"het-counter-icon\">\n                <i aria-hidden=\"true\" class=\"far fa-map\"><\/i>            <\/div>\n\n            <div class=\"het-counter-count odometer\" data-count=\"60\">\n                99\n            <\/div>\n\n            <h6 class=\"het-counter-title\">\n                paises            <\/h6>\n        <\/div>\n        \t\t\t\t<\/div>\n\t\t\t\t<\/div>\n\t\t\t\t\t<\/div>\n\t\t<\/div>\n\t\t\t\t<div class=\"elementor-column elementor-col-25 elementor-top-column elementor-element elementor-element-8311a64\" data-id=\"8311a64\" data-element_type=\"column\" data-e-type=\"column\">\n\t\t\t<div class=\"elementor-widget-wrap elementor-element-populated\">\n\t\t\t\t\t\t<div class=\"elementor-element elementor-element-88f0f25 elementor-widget elementor-widget-total-counter-block\" data-id=\"88f0f25\" data-element_type=\"widget\" data-e-type=\"widget\" data-widget_type=\"total-counter-block.default\">\n\t\t\t\t<div class=\"elementor-widget-container\">\n\t\t\t\t\t        <div class=\"het-counter\">\n            <div class=\"het-counter-icon\">\n                <i aria-hidden=\"true\" class=\"fas fa-people-arrows\"><\/i>            <\/div>\n\n            <div class=\"het-counter-count odometer\" data-count=\"58\">\n                99\n            <\/div>\n\n            <h6 class=\"het-counter-title\">\n                empleados            <\/h6>\n        <\/div>\n        \t\t\t\t<\/div>\n\t\t\t\t<\/div>\n\t\t\t\t\t<\/div>\n\t\t<\/div>\n\t\t\t\t\t<\/div>\n\t\t<\/section>\n\t\t\t\t<\/div>\n\t\t","protected":false},"excerpt":{"rendered":"<p>Especialistas enacumuladores de energ\u00eda Contactar ahora Nuestro cat\u00e1logo Soluciones para cada aplicaci\u00f3n Arranque Arranque Start Stop, EFB, asi\u00e1tico e industrial. Automoci\u00f3n, camiones y moto. Ver productos Tracci\u00f3n Tracci\u00f3n M\u00e1quinas de [&hellip;]<\/p>\n","protected":false},"author":1,"featured_media":0,"parent":0,"menu_order":0,"comment_status":"closed","ping_status":"closed","template":"elementor_header_footer","meta":{"footnotes":""},"class_list":["post-396","page","type-page","status-publish","hentry"],"_links":{"self":[{"href":"https:\/\/vtpower.es\/fr\/wp-json\/wp\/v2\/pages\/396","targetHints":{"allow":["GET"]}}],"collection":[{"href":"https:\/\/vtpower.es\/fr\/wp-json\/wp\/v2\/pages"}],"about":[{"href":"https:\/\/vtpower.es\/fr\/wp-json\/wp\/v2\/types\/page"}],"author":[{"embeddable":true,"href":"https:\/\/vtpower.es\/fr\/wp-json\/wp\/v2\/users\/1"}],"replies":[{"embeddable":true,"href":"https:\/\/vtpower.es\/fr\/wp-json\/wp\/v2\/comments?post=396"}],"version-history":[{"count":609,"href":"https:\/\/vtpower.es\/fr\/wp-json\/wp\/v2\/pages\/396\/revisions"}],"predecessor-version":[{"id":29604,"href":"https:\/\/vtpower.es\/fr\/wp-json\/wp\/v2\/pages\/396\/revisions\/29604"}],"wp:attachment":[{"href":"https:\/\/vtpower.es\/fr\/wp-json\/wp\/v2\/media?parent=396"}],"curies":[{"name":"wp","href":"https:\/\/api.w.org\/{rel}","templated":true}]}}