{"id":4628,"date":"2021-05-31T07:43:21","date_gmt":"2021-05-31T07:43:21","guid":{"rendered":"http:\/\/vtpower.es\/?page_id=4628"},"modified":"2025-01-20T13:40:13","modified_gmt":"2025-01-20T13:40:13","slug":"tudor","status":"publish","type":"page","link":"https:\/\/vtpower.es\/fr\/vtglobal\/tudor\/","title":{"rendered":"TUDOR"},"content":{"rendered":"<div data-elementor-type=\"wp-page\" data-elementor-id=\"4628\" class=\"elementor elementor-4628\" data-elementor-post-type=\"page\">\n\t\t\t\t\t\t<section class=\"elementor-section elementor-top-section elementor-element elementor-element-18980ad elementor-section-boxed elementor-section-height-default elementor-section-height-default\" data-id=\"18980ad\" data-element_type=\"section\" data-e-type=\"section\">\n\t\t\t\t\t\t<div class=\"elementor-container elementor-column-gap-default\">\n\t\t\t\t\t<div class=\"elementor-column elementor-col-100 elementor-top-column elementor-element elementor-element-7978b4b\" data-id=\"7978b4b\" data-element_type=\"column\" data-e-type=\"column\">\n\t\t\t<div class=\"elementor-widget-wrap\">\n\t\t\t\t\t\t\t<\/div>\n\t\t<\/div>\n\t\t\t\t\t<\/div>\n\t\t<\/section>\n\t\t\t\t<section class=\"elementor-section elementor-top-section elementor-element elementor-element-57684d7 elementor-section-boxed elementor-section-height-default elementor-section-height-default\" data-id=\"57684d7\" data-element_type=\"section\" data-e-type=\"section\">\n\t\t\t\t\t\t<div class=\"elementor-container elementor-column-gap-default\">\n\t\t\t\t\t<div class=\"elementor-column elementor-col-100 elementor-top-column elementor-element elementor-element-c50828d\" data-id=\"c50828d\" data-element_type=\"column\" data-e-type=\"column\">\n\t\t\t<div class=\"elementor-widget-wrap elementor-element-populated\">\n\t\t\t\t\t\t<div class=\"elementor-element elementor-element-30bcf7e elementor-widget elementor-widget-image\" data-id=\"30bcf7e\" data-element_type=\"widget\" data-e-type=\"widget\" data-widget_type=\"image.default\">\n\t\t\t\t<div class=\"elementor-widget-container\">\n\t\t\t\t\t\t\t\t\t\t\t\t\t\t\t<img fetchpriority=\"high\" decoding=\"async\" width=\"640\" height=\"212\" src=\"https:\/\/vtpower.es\/wp-content\/uploads\/2021\/04\/TUDOR-BATTERIES-1024x339.png\" class=\"attachment-large size-large wp-image-1612\" alt=\"\" srcset=\"https:\/\/vtpower.es\/wp-content\/uploads\/2021\/04\/TUDOR-BATTERIES-1024x339.png 1024w, https:\/\/vtpower.es\/wp-content\/uploads\/2021\/04\/TUDOR-BATTERIES-300x99.png 300w, https:\/\/vtpower.es\/wp-content\/uploads\/2021\/04\/TUDOR-BATTERIES-768x254.png 768w, https:\/\/vtpower.es\/wp-content\/uploads\/2021\/04\/TUDOR-BATTERIES-16x5.png 16w, https:\/\/vtpower.es\/wp-content\/uploads\/2021\/04\/TUDOR-BATTERIES-600x199.png 600w, https:\/\/vtpower.es\/wp-content\/uploads\/2021\/04\/TUDOR-BATTERIES.png 1129w\" sizes=\"(max-width: 640px) 100vw, 640px\" \/>\t\t\t\t\t\t\t\t\t\t\t\t\t\t\t<\/div>\n\t\t\t\t<\/div>\n\t\t\t\t<div class=\"elementor-element elementor-element-656129e elementor-widget elementor-widget-spacer\" data-id=\"656129e\" data-element_type=\"widget\" data-e-type=\"widget\" data-widget_type=\"spacer.default\">\n\t\t\t\t<div class=\"elementor-widget-container\">\n\t\t\t\t\t\t\t<div class=\"elementor-spacer\">\n\t\t\t<div class=\"elementor-spacer-inner\"><\/div>\n\t\t<\/div>\n\t\t\t\t\t\t<\/div>\n\t\t\t\t<\/div>\n\t\t\t\t\t<\/div>\n\t\t<\/div>\n\t\t\t\t\t<\/div>\n\t\t<\/section>\n\t\t\t\t<section class=\"elementor-section elementor-top-section elementor-element elementor-element-c2be47e elementor-section-boxed elementor-section-height-default elementor-section-height-default\" data-id=\"c2be47e\" data-element_type=\"section\" data-e-type=\"section\">\n\t\t\t\t\t\t<div class=\"elementor-container elementor-column-gap-default\">\n\t\t\t\t\t<div class=\"elementor-column elementor-col-100 elementor-top-column elementor-element elementor-element-2f6c0c6\" data-id=\"2f6c0c6\" data-element_type=\"column\" data-e-type=\"column\">\n\t\t\t<div class=\"elementor-widget-wrap elementor-element-populated\">\n\t\t\t\t\t\t<div class=\"elementor-element elementor-element-e434b5d elementor-widget elementor-widget-text-editor\" data-id=\"e434b5d\" data-element_type=\"widget\" data-e-type=\"widget\" data-widget_type=\"text-editor.default\">\n\t\t\t\t<div class=\"elementor-widget-container\">\n\t\t\t\t\t\t\t\t\t<p>Fond\u00e9e en 1897 en Espagne,\u00a0<strong>TUDOR<\/strong>\u00a0est l'une des marques centenaires les plus reconnues dans le secteur des batteries. En 1992, dans le cadre de son expansion en Europe, TUDOR a \u00e9t\u00e9 int\u00e9gr\u00e9 \u00e0 l'Union europ\u00e9enne.\u00a0<strong>Groupe EXIDE<\/strong>et consolide sa position de r\u00e9f\u00e9rence sur le march\u00e9 international.<\/p><p>Par la suite, EXIDE a poursuivi sa croissance mondiale avec l'acquisition de\u00a0<strong>TECHNOLOGIES GNB<\/strong>pour \u00eatre connu sous le nom de\u00a0<strong>EXIDE TECHNOLOGIES<\/strong>. Cette expansion a renforc\u00e9 la pr\u00e9sence de TUDOR sur la sc\u00e8ne internationale, aux c\u00f4t\u00e9s d'autres marques de premier plan telles que\u00a0<strong>DETA<\/strong>\u00a0(Allemagne),\u00a0<strong>FULMEN<\/strong>\u00a0(France),\u00a0<strong>CENTRA<\/strong>\u00a0(Pologne et Russie) et\u00a0<strong>SONNAK<\/strong>\u00a0(pays nordiques).<\/p><p>Actuellement,\u00a0<strong>TUDOR<\/strong>\u00a0y\u00a0<strong>BATTERIES VT<\/strong>\u00a0maintenir des accords commerciaux strat\u00e9giques pour la distribution de batteries en Europe, en Afrique et en Am\u00e9rique, en se concentrant sur les march\u00e9s \u00e0 forte croissance et en soutenant le d\u00e9veloppement international de la marque.<\/p><p>TUDOR est l'une des principales marques mondiales dans le domaine de la fabrication et de la vente de batteries destin\u00e9es \u00e0 un large \u00e9ventail d'applications, notamment dans les secteurs de l'automobile, de la moto, des v\u00e9hicules utilitaires, des caravanes et de la marine. Ses produits se distinguent par leur excellence technologique, leurs normes de qualit\u00e9 \u00e9lev\u00e9es, leurs performances sup\u00e9rieures et leur longue dur\u00e9e de vie, faisant de TUDOR un synonyme de fiabilit\u00e9 et d'innovation dans l'industrie.<\/p>\t\t\t\t\t\t\t\t<\/div>\n\t\t\t\t<\/div>\n\t\t\t\t\t<\/div>\n\t\t<\/div>\n\t\t\t\t\t<\/div>\n\t\t<\/section>\n\t\t\t\t<section class=\"elementor-section elementor-top-section elementor-element elementor-element-62653a3 elementor-section-boxed elementor-section-height-default elementor-section-height-default\" data-id=\"62653a3\" data-element_type=\"section\" data-e-type=\"section\">\n\t\t\t\t\t\t<div class=\"elementor-container elementor-column-gap-default\">\n\t\t\t\t\t<div class=\"elementor-column elementor-col-100 elementor-top-column elementor-element elementor-element-f164cae\" data-id=\"f164cae\" data-element_type=\"column\" data-e-type=\"column\">\n\t\t\t<div class=\"elementor-widget-wrap elementor-element-populated\">\n\t\t\t\t\t\t<div class=\"elementor-element elementor-element-2c3ca5c elementor-widget elementor-widget-spacer\" data-id=\"2c3ca5c\" data-element_type=\"widget\" data-e-type=\"widget\" data-widget_type=\"spacer.default\">\n\t\t\t\t<div class=\"elementor-widget-container\">\n\t\t\t\t\t\t\t<div class=\"elementor-spacer\">\n\t\t\t<div class=\"elementor-spacer-inner\"><\/div>\n\t\t<\/div>\n\t\t\t\t\t\t<\/div>\n\t\t\t\t<\/div>\n\t\t\t\t\t<\/div>\n\t\t<\/div>\n\t\t\t\t\t<\/div>\n\t\t<\/section>\n\t\t\t\t<\/div>","protected":false},"excerpt":{"rendered":"<p>Elit scripta volumus cu vim, cum no vidit prodesset interesset. Mollis legendos ne est, ex pri latine euismod apeirian. Nec molestie senserit an, eos no eirmod salutatus.<\/p>\n<p>Pro mucius everti ponderum at, vix reque scaevola eu. Ex nam veniam veniam munere, at dico dictas mei. Ius ei assum assueverit. Nam ut assum nominavi.<\/p>","protected":false},"author":1,"featured_media":0,"parent":4621,"menu_order":0,"comment_status":"closed","ping_status":"closed","template":"","meta":{"footnotes":""},"class_list":["post-4628","page","type-page","status-publish","hentry"],"_links":{"self":[{"href":"https:\/\/vtpower.es\/fr\/wp-json\/wp\/v2\/pages\/4628","targetHints":{"allow":["GET"]}}],"collection":[{"href":"https:\/\/vtpower.es\/fr\/wp-json\/wp\/v2\/pages"}],"about":[{"href":"https:\/\/vtpower.es\/fr\/wp-json\/wp\/v2\/types\/page"}],"author":[{"embeddable":true,"href":"https:\/\/vtpower.es\/fr\/wp-json\/wp\/v2\/users\/1"}],"replies":[{"embeddable":true,"href":"https:\/\/vtpower.es\/fr\/wp-json\/wp\/v2\/comments?post=4628"}],"version-history":[{"count":37,"href":"https:\/\/vtpower.es\/fr\/wp-json\/wp\/v2\/pages\/4628\/revisions"}],"predecessor-version":[{"id":25610,"href":"https:\/\/vtpower.es\/fr\/wp-json\/wp\/v2\/pages\/4628\/revisions\/25610"}],"up":[{"embeddable":true,"href":"https:\/\/vtpower.es\/fr\/wp-json\/wp\/v2\/pages\/4621"}],"wp:attachment":[{"href":"https:\/\/vtpower.es\/fr\/wp-json\/wp\/v2\/media?parent=4628"}],"curies":[{"name":"wp","href":"https:\/\/api.w.org\/{rel}","templated":true}]}}