{"id":1341,"date":"2021-04-15T10:19:38","date_gmt":"2021-04-15T10:19:38","guid":{"rendered":"http:\/\/vtpower.es\/producto\/bateria-exide-start-pro-dg1355-135ah-1000aen-12v-514x175x210mm\/"},"modified":"2021-04-20T11:44:28","modified_gmt":"2021-04-20T11:44:28","slug":"bateria-exide-start-pro-dg1355-135ah-1000aen-12v-514x175x210mm","status":"publish","type":"product","link":"https:\/\/vtpower.es\/fr\/sku\/bateria-exide-start-pro-dg1355-135ah-1000aen-12v-514x175x210mm\/","title":{"rendered":"Batterie Exide Start Pro DG1355. 135Ah - 1000A(EN) 12V. (514x175x210mm)"},"content":{"rendered":"<p>Batterie de d\u00e9marrage Exide. Avec un C20 de 135Ah et un CCA de 1000 Amp\u00e8res et 12 Volts.<br \/>\nLa gamme de batteries Exide, fabriqu\u00e9e en Europe, est positionn\u00e9e sur le march\u00e9 comme une marque leader dans le domaine des batteries de d\u00e9marrage, garantissant la meilleure qualit\u00e9 et les meilleures caract\u00e9ristiques techniques, sans compromis sur le prix, offrant toujours ce qu'il y a de mieux au client final.<\/p>\n<p>Les batteries de d\u00e9marrage, utilis\u00e9es pour d\u00e9marrer les moteurs des v\u00e9hicules, camions, jet skis,... ont un courant de d\u00e9marrage \u00e0 froid ou CCA important, puisque l'important est de pouvoir fournir l'\u00e9nergie n\u00e9cessaire au d\u00e9marrage du moteur.<br \/>\nDimensions : 514x175x210mm<\/p>","protected":false},"excerpt":{"rendered":"<p>Exide Start Pro Battery - 135Ah (C20) 1000A 12V\/E<br \/>\nEAN\/GTIN :<br \/>\nDimensions (mm) : 514x175x210<\/p>","protected":false},"featured_media":0,"template":"","meta":[],"product_brand":[],"product_cat":[475],"product_tag":[473],"class_list":{"0":"post-1341","1":"product","2":"type-product","3":"status-publish","5":"product_cat-exide","6":"product_tag-arranque","8":"first","9":"outofstock","10":"shipping-taxable","11":"purchasable","12":"product-type-simple"},"_links":{"self":[{"href":"https:\/\/vtpower.es\/fr\/wp-json\/wp\/v2\/product\/1341","targetHints":{"allow":["GET"]}}],"collection":[{"href":"https:\/\/vtpower.es\/fr\/wp-json\/wp\/v2\/product"}],"about":[{"href":"https:\/\/vtpower.es\/fr\/wp-json\/wp\/v2\/types\/product"}],"wp:attachment":[{"href":"https:\/\/vtpower.es\/fr\/wp-json\/wp\/v2\/media?parent=1341"}],"wp:term":[{"taxonomy":"product_brand","embeddable":true,"href":"https:\/\/vtpower.es\/fr\/wp-json\/wp\/v2\/product_brand?post=1341"},{"taxonomy":"product_cat","embeddable":true,"href":"https:\/\/vtpower.es\/fr\/wp-json\/wp\/v2\/product_cat?post=1341"},{"taxonomy":"product_tag","embeddable":true,"href":"https:\/\/vtpower.es\/fr\/wp-json\/wp\/v2\/product_tag?post=1341"}],"curies":[{"name":"wp","href":"https:\/\/api.w.org\/{rel}","templated":true}]}}