{"id":2434,"date":"2021-04-15T16:52:38","date_gmt":"2021-04-15T16:52:38","guid":{"rendered":"http:\/\/vtpower.es\/sku\/bateria-varta-motocicleta-yb7l-b-12v\/"},"modified":"2021-06-08T07:43:40","modified_gmt":"2021-06-08T07:43:40","slug":"bateria-varta-motocicleta-yb7l-b-12v","status":"publish","type":"product","link":"https:\/\/vtpower.es\/fr\/sku\/bateria-varta-motocicleta-yb7l-b-12v\/","title":{"rendered":"Batterie moto Varta YB7L-B. 12V."},"content":{"rendered":"<p>Batterie de d\u00e9marrage Varta. 12 Volts.<br \/>\nAvec plus de 130 ans d\u2019exp\u00e9rience sur le march\u00e9, VARTA est l\u2019une des marques de batteries de d\u00e9marrage les plus prestigieuses dans le monde entier. Les s\u00e9ries Black, Blue et Silver couvrent la totalit\u00e9 des besoins du parc automobile actuels.<br \/>\nCes derni\u00e8res ann\u00e9es, avec l\u2019apparition de la technologie START STOP, Varta a apport\u00e9 aussi, ses solutions sp\u00e9cifiques en technologie AGM et EFB, pr\u00e9servant de cette fa\u00e7on le r\u00f4le de leader dans le secteur des batteries automobiles.<\/p>\n<p>Les batteries de d\u00e9marrage sont con\u00e7ues pour fournir des intensit\u00e9s de courant \u00e9lev\u00e9es \u00e0 des demandes d'\u00e9nergie instantan\u00e9es.<br \/>\nLes innovations dans le domaine de l'automobile rendent n\u00e9cessaire l'adaptation des performances \u00e9lectriques aux exigences de plus en plus \u00e9lev\u00e9es de la derni\u00e8re g\u00e9n\u00e9ration de v\u00e9hicules.<br \/>\nEAN\/GTIN : 4016987140437<\/p>","protected":false},"excerpt":{"rendered":"<p>Batterie de moto Varta - 12V\/E<br \/>\nEAN\/GTIN:4016987140437<br \/>\nDimensions (mm):xx<\/p>","protected":false},"featured_media":0,"template":"","meta":[],"product_brand":[],"product_cat":[474],"product_tag":[473],"class_list":{"0":"post-2434","1":"product","2":"type-product","3":"status-publish","5":"product_cat-varta","6":"product_tag-arranque","8":"first","9":"outofstock","10":"shipping-taxable","11":"purchasable","12":"product-type-simple"},"_links":{"self":[{"href":"https:\/\/vtpower.es\/fr\/wp-json\/wp\/v2\/product\/2434","targetHints":{"allow":["GET"]}}],"collection":[{"href":"https:\/\/vtpower.es\/fr\/wp-json\/wp\/v2\/product"}],"about":[{"href":"https:\/\/vtpower.es\/fr\/wp-json\/wp\/v2\/types\/product"}],"wp:attachment":[{"href":"https:\/\/vtpower.es\/fr\/wp-json\/wp\/v2\/media?parent=2434"}],"wp:term":[{"taxonomy":"product_brand","embeddable":true,"href":"https:\/\/vtpower.es\/fr\/wp-json\/wp\/v2\/product_brand?post=2434"},{"taxonomy":"product_cat","embeddable":true,"href":"https:\/\/vtpower.es\/fr\/wp-json\/wp\/v2\/product_cat?post=2434"},{"taxonomy":"product_tag","embeddable":true,"href":"https:\/\/vtpower.es\/fr\/wp-json\/wp\/v2\/product_tag?post=2434"}],"curies":[{"name":"wp","href":"https:\/\/api.w.org\/{rel}","templated":true}]}}