{"id":4372,"date":"2021-05-05T12:45:15","date_gmt":"2021-05-05T12:45:15","guid":{"rendered":"https:\/\/vtpower.es\/sku\/cargador-noco-g1100-12v\/"},"modified":"2021-06-08T07:39:04","modified_gmt":"2021-06-08T07:39:04","slug":"cargador-noco-g1100-12v","status":"publish","type":"product","link":"https:\/\/vtpower.es\/fr\/sku\/cargador-noco-g1100-12v\/","title":{"rendered":"Chargeur Noco G1100. 12V."},"content":{"rendered":"<p><a href='https:\/\/vtpower.es\/wp-content\/uploads\/fichatecnica\/G1100_NOCO.pdf'>Ouvrir la fiche technique<\/a><br \/>\nBatterie de chargeur Noco. 12 Volt.<br \/>\nSous la devise \u201cStart Dead Batteries\u201d, Noco offre une large gamme de chargeurs et de d\u00e9marreurs. La versatilit\u00e9 de la gamme permet de travailler tant les batteries d\u00e9charg\u00e9es pour l'usage continu et intense que les charges de rafraichissement dans lesquelles ils accumulent du temps sans donner service.  <\/p>\n<p>VT BATTERIES dispose de chargeurs pour plomb-acide, avec lesquels il est possible de charger tous les types de batteries, qu'elles soient \u00e9tanches, ouvertes, herm\u00e9tiques, 6, 12 et 24 volts.<br \/>\nLes chargeurs utilisent la courbe de charge IUoU pour obtenir une charge r\u00e9guli\u00e8re et progressive de la batterie. Lorsque le chargeur d\u00e9tecte une batterie pleine, il passe automatiquement en charge d'entretien \u00e0 tension constante pour \u00e9viter toute surcharge.<\/p>","protected":false},"excerpt":{"rendered":"<p>Batterie Noco - 12V\/E<br \/>\nEAN\/GTIN :<br \/>\nDimensions (mm):xx<\/p>","protected":false},"featured_media":4496,"template":"","meta":[],"product_brand":[],"product_cat":[797],"product_tag":[482],"class_list":{"0":"post-4372","1":"product","2":"type-product","3":"status-publish","4":"has-post-thumbnail","6":"product_cat-noco","7":"product_tag-cargadores","9":"first","10":"instock","11":"shipping-taxable","12":"purchasable","13":"product-type-simple"},"_links":{"self":[{"href":"https:\/\/vtpower.es\/fr\/wp-json\/wp\/v2\/product\/4372","targetHints":{"allow":["GET"]}}],"collection":[{"href":"https:\/\/vtpower.es\/fr\/wp-json\/wp\/v2\/product"}],"about":[{"href":"https:\/\/vtpower.es\/fr\/wp-json\/wp\/v2\/types\/product"}],"wp:featuredmedia":[{"embeddable":true,"href":"https:\/\/vtpower.es\/fr\/wp-json\/wp\/v2\/media\/4496"}],"wp:attachment":[{"href":"https:\/\/vtpower.es\/fr\/wp-json\/wp\/v2\/media?parent=4372"}],"wp:term":[{"taxonomy":"product_brand","embeddable":true,"href":"https:\/\/vtpower.es\/fr\/wp-json\/wp\/v2\/product_brand?post=4372"},{"taxonomy":"product_cat","embeddable":true,"href":"https:\/\/vtpower.es\/fr\/wp-json\/wp\/v2\/product_cat?post=4372"},{"taxonomy":"product_tag","embeddable":true,"href":"https:\/\/vtpower.es\/fr\/wp-json\/wp\/v2\/product_tag?post=4372"}],"curies":[{"name":"wp","href":"https:\/\/api.w.org\/{rel}","templated":true}]}}