{"id":1867,"date":"2021-04-15T15:50:23","date_gmt":"2021-04-15T15:50:23","guid":{"rendered":"http:\/\/vtpower.es\/?page_id=1867"},"modified":"2026-04-27T12:16:58","modified_gmt":"2026-04-27T12:16:58","slug":"aviso-legal","status":"publish","type":"page","link":"https:\/\/vtpower.es\/pt\/aviso-legal\/","title":{"rendered":"Aviso Legal"},"content":{"rendered":"<div data-elementor-type=\"wp-page\" data-elementor-id=\"1867\" class=\"elementor elementor-1867\" data-elementor-post-type=\"page\">\n\t\t\t\t\t\t<section class=\"elementor-section elementor-top-section elementor-element elementor-element-2355fa6 elementor-section-boxed elementor-section-height-default elementor-section-height-default\" data-id=\"2355fa6\" data-element_type=\"section\" data-e-type=\"section\">\n\t\t\t\t\t\t<div class=\"elementor-container elementor-column-gap-default\">\n\t\t\t\t\t<div class=\"elementor-column elementor-col-100 elementor-top-column elementor-element elementor-element-327b2a1\" data-id=\"327b2a1\" data-element_type=\"column\" data-e-type=\"column\">\n\t\t\t<div class=\"elementor-widget-wrap elementor-element-populated\">\n\t\t\t\t\t\t<div class=\"elementor-element elementor-element-0b3545a elementor-widget elementor-widget-text-editor\" data-id=\"0b3545a\" data-element_type=\"widget\" data-e-type=\"widget\" data-widget_type=\"text-editor.default\">\n\t\t\t\t<div class=\"elementor-widget-container\">\n\t\t\t\t\t\t\t\t\t<p>En cumplimiento con el deber de informaci\u00f3n recogido en el art\u00edculo 10 de la Ley 34\/2002, de 11 de julio, de Servicios de la Sociedad de la Informaci\u00f3n y de Comercio Electr\u00f3nico, le informamos que la URL www.vtpower.es (en adelante el PORTAL) es un dominio:<\/p><p>Propiedad de: VT BATTERIES, S.L.<\/p><p>NIF: B09538950<\/p><p>Domicilio: C\/ Valle de Tobalina, n\u00ba 10; 09001 Burgos<\/p><p>Tel\u00e9fono: 947 070 021<\/p><p>Correo electr\u00f3nico: sistemas@vtpower.es<\/p><p>Datos registrales: Inscrita en el Registro Mercantil de Burgos, Tomo 655, Libro 446, Folio 59, Hoja BU 14693, Inscripci\u00f3n 1\u00aa, como VT BATTERIES, S.L.<\/p><p>Todas las marcas, nombres comerciales o signos distintivos de cualquier clase que aparecen en el PORTAL son propiedad de VT BATTERIES, S.L. (en adelante LA ENTIDAD) o de terceros, sin que pueda entenderse que el uso o acceso al sitio y\/o a los servicios, atribuya al usuario derecho alguno sobre las citadas marcas, nombres comerciales y\/o signos distintivos.<\/p><p>Asimismo, los contenidos publicados en la web, su dise\u00f1o gr\u00e1fico, im\u00e1genes, bases de datos y c\u00f3digo fuente son propiedad intelectual de LA ENTIDAD o de terceros, sin que puedan entenderse cedidos al usuario, en virtud de lo establecido en este Aviso Legal, ninguno de los derechos de explotaci\u00f3n que existen o puedan existir sobre dichos contenidos m\u00e1s all\u00e1 de lo estrictamente necesario para el correcto uso del PORTAL y de los servicios que se prestan a trav\u00e9s de \u00e9l.<\/p><p>El acceso a este web site es responsabilidad exclusiva de los usuarios. El simple acceso al PORTAL no supone entablar ning\u00fan tipo de relaci\u00f3n de car\u00e1cter comercial entre LA ENTIDAD y el usuario. Accediendo a \u00e9l acepta las Condiciones Generales de Uso.<\/p>\t\t\t\t\t\t\t\t<\/div>\n\t\t\t\t<\/div>\n\t\t\t\t\t<\/div>\n\t\t<\/div>\n\t\t\t\t\t<\/div>\n\t\t<\/section>\n\t\t\t\t<\/div>","protected":false},"excerpt":{"rendered":"<p>Elit scripta volumus cu vim, cum no vidit prodesset interesset. Mollis legendos ne est, ex pri latine euismod apeirian. Nec molestie senserit an, eos no eirmod salutatus.<\/p>\n<p>Pro mucius everti ponderum at, vix reque scaevola eu. Ex nam veniam munere, at dico dictas mei. Ius ei assum assueverit. Nam ut assum nominavi.<\/p>","protected":false},"author":1,"featured_media":0,"parent":0,"menu_order":0,"comment_status":"closed","ping_status":"closed","template":"","meta":{"footnotes":""},"class_list":["post-1867","page","type-page","status-publish","hentry"],"_links":{"self":[{"href":"https:\/\/vtpower.es\/pt\/wp-json\/wp\/v2\/pages\/1867","targetHints":{"allow":["GET"]}}],"collection":[{"href":"https:\/\/vtpower.es\/pt\/wp-json\/wp\/v2\/pages"}],"about":[{"href":"https:\/\/vtpower.es\/pt\/wp-json\/wp\/v2\/types\/page"}],"author":[{"embeddable":true,"href":"https:\/\/vtpower.es\/pt\/wp-json\/wp\/v2\/users\/1"}],"replies":[{"embeddable":true,"href":"https:\/\/vtpower.es\/pt\/wp-json\/wp\/v2\/comments?post=1867"}],"version-history":[{"count":15,"href":"https:\/\/vtpower.es\/pt\/wp-json\/wp\/v2\/pages\/1867\/revisions"}],"predecessor-version":[{"id":29575,"href":"https:\/\/vtpower.es\/pt\/wp-json\/wp\/v2\/pages\/1867\/revisions\/29575"}],"wp:attachment":[{"href":"https:\/\/vtpower.es\/pt\/wp-json\/wp\/v2\/media?parent=1867"}],"curies":[{"name":"wp","href":"https:\/\/api.w.org\/{rel}","templated":true}]}}