{"id":1882,"date":"2021-04-15T15:58:45","date_gmt":"2021-04-15T15:58:45","guid":{"rendered":"http:\/\/vtpower.es\/?page_id=1882"},"modified":"2026-04-27T12:18:45","modified_gmt":"2026-04-27T12:18:45","slug":"condiciones-generales-de-uso","status":"publish","type":"page","link":"https:\/\/vtpower.es\/pt\/condiciones-generales-de-uso\/","title":{"rendered":"Condi\u00e7\u00f5es Gerais de Utiliza\u00e7\u00e3o"},"content":{"rendered":"<div data-elementor-type=\"wp-page\" data-elementor-id=\"1882\" class=\"elementor elementor-1882\" data-elementor-post-type=\"page\">\n\t\t\t\t\t\t<section class=\"elementor-section elementor-top-section elementor-element elementor-element-2355fa6 elementor-section-boxed elementor-section-height-default elementor-section-height-default\" data-id=\"2355fa6\" data-element_type=\"section\" data-e-type=\"section\">\n\t\t\t\t\t\t<div class=\"elementor-container elementor-column-gap-default\">\n\t\t\t\t\t<div class=\"elementor-column elementor-col-100 elementor-top-column elementor-element elementor-element-327b2a1\" data-id=\"327b2a1\" data-element_type=\"column\" data-e-type=\"column\">\n\t\t\t<div class=\"elementor-widget-wrap elementor-element-populated\">\n\t\t\t\t\t\t<div class=\"elementor-element elementor-element-0b3545a elementor-widget elementor-widget-text-editor\" data-id=\"0b3545a\" data-element_type=\"widget\" data-e-type=\"widget\" data-widget_type=\"text-editor.default\">\n\t\t\t\t<div class=\"elementor-widget-container\">\n\t\t\t\t\t\t\t\t\t<p>En cumplimiento con el deber de informaci\u00f3n recogido en art\u00edculo 10 de la Ley 34\/2002, de 11 de Julio, de Servicios de la Sociedad de la Informaci\u00f3n y del Comercio Electr\u00f3nico, le informamos que el Sitio Web (en adelante, la \u201cWeb\u201d) es titularidad de VT BATTERIES, S.L., con domicilio social en C\/ VALLE DE TOBALINA, N\u00ba 10; 09001 BURGOS y NIF B09538950.<\/p><p>1. IDENTIFICACI\u00d3N DE LAS PARTES<\/p><p>Las presentes Condiciones Generales de uso de los servicios ofrecidos en la URL www.vtpower.es (en adelante el PORTAL), son suscritas por el titular del dominio, VT BATTERIES, S.L. (en adelante LA ENTIDAD), cuyo correo electr\u00f3nico de contacto es: sistemas@vtpower.es.<\/p><p>Se considera USUARIO, a las personas f\u00edsicas con capacidad para suscribir v\u00e1lidamente un contrato de acuerdo con la ley aplicable.<\/p><p>Ud. no podr\u00e1 utilizar el sitio web y no podr\u00e1 aceptar las Condiciones si:<\/p><p>\u00b7 No es mayor de edad y no puede formalizar un contrato vinculante conforme a derecho, o<\/p><p>\u00b7 No reviste la calidad de USUARIO seg\u00fan lo expuesto.<\/p><p>2. PERFECCIONAMIENTO DEL ACUERDO<\/p><p>Para utilizar el PORTAL, deben aceptarse las presentes condiciones generales (en adelante, las Condiciones), as\u00ed como aquellas estipulaciones particulares recogidas para la utilizaci\u00f3n y\/o contrataci\u00f3n de servicios concretos. En caso contrario, deber\u00e1 abandonarse el PORTAL.<\/p><p>Ud. podr\u00e1 aceptar las Condiciones:<\/p><p>\u00b7 Haciendo clic en el bot\u00f3n de aceptaci\u00f3n de las Condiciones, cuando se le ofrezca esta opci\u00f3n en la interfaz de usuario; o<\/p><p>\u00b7 Utilizando de forma efectiva el sitio web.<\/p><p>Se aconseja al USUARIO leer con detenimiento las presentes condiciones. Podr\u00e1 guardarlas o imprimirlas si as\u00ed lo desea.<\/p><p>3. \u00c1MBITO DE APLICACI\u00d3N<\/p><p>Las presentes condiciones generales ser\u00e1n de aplicaci\u00f3n a todos los servicios\/productos recogidos en la web www.vtpower.es.<\/p><p>Los siguientes documentos se entienden incorporados a las presentes Condiciones por remisi\u00f3n desde las mismas:<\/p><p>\u00b7 Aviso Legal<\/p><p>\u00b7 Pol\u00edtica de Privacidad<\/p><p>4. USUARIOS Y SERVICIOS OFRECIDOS<\/p><p>El PORTAL presenta servicios abiertos a la totalidad del p\u00fablico que lo visita, y servicios restringidos, de acceso exclusivo para USUARIOS registrados actual o posteriormente.<\/p><p>El uso de los servicios ofrecidos en el web site queda sujeto a la previa aceptaci\u00f3n y cumplimiento de las<\/p><p>Condiciones por el USUARIO.<\/p><p>La calidad de USUARIO Registrado en su caso se adquiere completando el Formulario de Registro alojado en el sitio. Los datos all\u00ed recogidos formar\u00e1n parte de la base de datos de LA ENTIDAD, que los utilizar\u00e1 conforme se describe en la Pol\u00edtica de Privacidad.<\/p><p>El acceso a la web es de car\u00e1cter libre y gratuito, la utilizaci\u00f3n de la Web supone la aceptaci\u00f3n sin reservas de la totalidad de las Condiciones de Uso. Si no estuviera de acuerdo con estas condiciones debe abstenerse de utilizar esta p\u00e1gina.<\/p><p>5. POL\u00cdTICA DE PRIVACIDAD<\/p><p>Los datos de car\u00e1cter personal facilitados a trav\u00e9s del PORTAL, ser\u00e1n tratados por LA ENTIDAD para las finalidades descritas en las condiciones recogidas en la Pol\u00edtica de Privacidad, que queda incorporada a las presentes Condiciones de Uso por remisi\u00f3n desde este apartado.<\/p><p>6. POL\u00cdTICA DE COOKIES<\/p><p>Los datos personales recabados a trav\u00e9s de cookies ser\u00e1n tratados por LA ENTIDAD en los t\u00e9rminos indicados en su Pol\u00edtica de Cookies, que queda incorporada a las presentes Condiciones Generales por remisi\u00f3n desde este apartado.<\/p><p>7. CANCELACI\u00d3N DE LOS SERVICIOS<\/p><p>Los servicios prestados por el portal para la generalidad de los usuarios son gratuitos y meramente informativos, por lo que no requieren acci\u00f3n alguna para su cese, tan s\u00f3lo la mera voluntad del usuario de no visitar el PORTAL.<\/p><p>Respecto de los servicios de acceso restringido si los hubiese, deber\u00e1 ejercerse el derecho de cancelaci\u00f3n para dejar de formar parte de los ficheros de LA ENTIDAD, siguiendo el procedimiento descrito en la Pol\u00edtica de Privacidad.<\/p><p>8. RESPONSABILIDADES<\/p><p>Del portal:<\/p><p>No se har\u00e1 responsable, directa ni subsidiariamente de:<\/p><p>\u2022 La calidad del servicio, pues se prestan \u201ctal cual\u201d y LA ENTIDAD no otorga ninguna garant\u00eda con respecto a los mismos.<\/p><p>\u2022 Los da\u00f1os que puedan causarse en los equipos del usuario por la utilizaci\u00f3n del portal.<\/p><p>\u2022 Los vicios y defectos de toda clase de los contenidos transmitidos, difundidos, almacenados o puestos a disposici\u00f3n.<\/p><p>\u2022 Excluye toda responsabilidad por las decisiones que el Usuario pueda tomar basado en esta informaci\u00f3n, as\u00ed como por los posibles errores tipogr\u00e1ficos que puedan contener los documentos. La informaci\u00f3n est\u00e1 sometida a posibles cambios peri\u00f3dicos sin previo aviso de su contenido por ampliaci\u00f3n, mejora, correcci\u00f3n o actualizaci\u00f3n de los Contenidos.<\/p><p>La ENTIDAD se hace responsable de los cambios en los precios de los productos\/servicios que ofrezca y de notificar a los usuarios\/clientes en el plazo m\u00e1s breve posible por comunicaci\u00f3n personal o a trav\u00e9s de la actualizaci\u00f3n de los contenidos en el PORTAL.<\/p><p>Del usuario:<\/p><p>El usuario\/cliente ser\u00e1 responsable:<\/p><p>\u2022 De los datos e informaciones introducidos y enviados a LA ENTIDAD en los formularios disponibles.<\/p><p>\u2022 De la realizaci\u00f3n de cualquier tipo de actuaci\u00f3n il\u00edcita, lesiva de derechos, nociva y\/o perjudicial.<\/p><p>9. PROPIEDAD INTELECTUAL E INDUSTRIAL<\/p><p>La totalidad de esta web: texto, im\u00e1genes, marcas, gr\u00e1ficos, logotipos, botones, archivos de software, combinaciones de colores, estructura, selecci\u00f3n, ordenaci\u00f3n y presentaci\u00f3n de sus contenidos, c\u00f3digos objeto y fuente; son propiedad de LA ENTIDAD o de terceros, quedando prohibida su reproducci\u00f3n, distribuci\u00f3n, comunicaci\u00f3n p\u00fablica y transformaci\u00f3n, salvo para uso personal y privado, debiendo el USUARIO respetar lo estipulado en el Aviso Legal que consta en el PORTAL, y que queda incorporado a las presentes Condiciones por remisi\u00f3n desde este apartado. LA ENTIDAD se reserva en todo caso el ejercicio de cuantos medios o acciones legales le correspondan en defensa de sus leg\u00edtimos derechos de propiedad intelectual e industrial.<\/p><p>10. HIPERV\u00cdNCULOS<\/p><p>El USUARIO se obliga a no reproducir de ning\u00fan modo, ni siquiera mediante un hiperenlace o hiperv\u00ednculo, el PORTAL, as\u00ed como ninguno de sus contenidos, salvo autorizaci\u00f3n expresa y por escrito de LA ENTIDAD.<\/p><p>El PORTAL puede incluir enlaces a otros espacios web, gestionados por terceros, con objeto de facilitar el acceso del Usuario a la informaci\u00f3n de empresas colaboradoras y\/o patrocinadoras. Conforme a ello, LA ENTIDAD no se responsabiliza del contenido de dichos Espacios web, ni se sit\u00faa en una posici\u00f3n de garante ni\/o de parte ofertante de los servicios y\/o informaci\u00f3n que se puedan ofrecer a terceros a trav\u00e9s de los enlaces de terceros.<\/p><p>Se concede al USUARIO un derecho limitado, revocable y no exclusivo a crear enlaces a la p\u00e1gina principal del Espacio Web exclusivamente para uso privado y no comercial. Los Espacios web que incluyan enlace a nuestro PORTAL (i) no podr\u00e1n falsear su relaci\u00f3n ni afirmar que se ha autorizado tal enlace, ni incluir marcas, denominaciones, nombres comerciales, logotipos u otros signos distintivos de LA ENTIDAD; (ii) no podr\u00e1n incluir contenidos que puedan considerarse de mal gusto, obscenos, ofensivos, controvertidos, que inciten a la violencia o la discriminaci\u00f3n por raz\u00f3n de sexo, raza o religi\u00f3n, contrarios al orden p\u00fablico o il\u00edcitos; (iii) no podr\u00e1n enlazar a ninguna p\u00e1gina del Espacio Web distinta de la p\u00e1gina principal; (iv) deber\u00e1 enlazar con la propia direcci\u00f3n del Espacio Web, sin permitir que el Espacio web que realice el enlace reproduzca el Espacio Web como parte de su web o dentro de uno de sus \u201cframes\u201d o crear un \u201cbrowser\u201d sobre cualquiera de las p\u00e1ginas del Espacio Web. LA ENTIDAD podr\u00e1 solicitar, en cualquier momento, que elimine cualquier enlace al Espacio Web, despu\u00e9s de lo cual deber\u00e1 proceder de inmediato a su eliminaci\u00f3n.<\/p><p>LA ENTIDAD no puede controlar la informaci\u00f3n, contenidos, productos o servicios facilitados por otros Espacios web que tengan establecidos enlaces con destino al Espacio Web.<\/p><p>11. CALIDAD DE LA P\u00c1GINA<\/p><p>Dado el entorno din\u00e1mico y cambiante de la informaci\u00f3n y servicios que se suministran por medio de la P\u00e1gina, LA ENTIDAD realiza su mejor esfuerzo, pero no garantiza la completa veracidad y exactitud debido al cambio din\u00e1mico y r\u00e1pido de ellos, y se reserva el derecho de corregirla en cuanto se detecte un posible error en ellas.<\/p><p>12. NOTIFICACIONES<\/p><p>Todas las notificaciones y comunicaciones por parte de LA ENTIDAD al Usuario, realizadas por cualquier medio, se considerar\u00e1n eficaces a todos los efectos.<\/p><p>13. DISPONIBILIDAD DE LOS CONTENIDOS<\/p><p>La prestaci\u00f3n del servicio de la P\u00e1gina y de los Contenidos tiene, en principio, duraci\u00f3n indefinida. LA ENTIDAD, no obstante, queda autorizada para dar por terminada o suspender la prestaci\u00f3n del servicio de la P\u00e1gina y\/o de cualquiera de los Contenidos en cualquier momento. Cuando ello sea razonablemente posible, LA ENTIDAD advertir\u00e1 previamente la terminaci\u00f3n o suspensi\u00f3n de la P\u00e1gina.<\/p><p>14. MENORES DE EDAD<\/p><p>Las personas menores de edad deben solicitar y obtener el permiso de sus padres, tutor\/a o representante legal antes de poder acceder a los contenidos alojados en el PORTAL. Queda prohibido el acceso y uso del portal a menores de edad no autorizados.<\/p><p>LA ENTIDAD recuerda a las personas usuarias mayores de edad que tengan a su cargo menores, que ser\u00e1 de su exclusiva responsabilidad determinar qu\u00e9 servicios y\/o contenidos son apropiados para estos \u00faltimos; y les informa sobre la existencia de programas inform\u00e1ticos para acotar la navegaci\u00f3n, mediante el filtro o bloqueo a determinados contenidos.<\/p><p>15. FUERO<\/p><p>Las presentes condiciones est\u00e1n redactadas en espa\u00f1ol, y se encuentran sometidas a la legislaci\u00f3n espa\u00f1ola vigente. Para cualquier tipo de controversia derivada de la utilizaci\u00f3n de los servicios ofrecidos o de los contenidos propios del portal las partes, con la aceptaci\u00f3n de estas Condiciones, se someter\u00e1n a los Tribunales y Juzgados competentes del pa\u00eds donde LA ENTIDAD tiene su sede social.<\/p><p>16. CONDICIONES ADICIONALES<\/p><p>Si alguna disposici\u00f3n de estas Condiciones se considera inv\u00e1lida o inejecutable, dicha disposici\u00f3n ser\u00e1 eliminada quedando en vigor el resto del clausulado. Los t\u00edtulos de los apartados deben entenderse a los solos efectos de referencias, y de ning\u00fan modo definen, limitan, interpretan o describen el \u00e1mbito o extensi\u00f3n del apartado correspondiente.<\/p>\t\t\t\t\t\t\t\t<\/div>\n\t\t\t\t<\/div>\n\t\t\t\t\t<\/div>\n\t\t<\/div>\n\t\t\t\t\t<\/div>\n\t\t<\/section>\n\t\t\t\t<\/div>","protected":false},"excerpt":{"rendered":"<p>Elit scripta volumus cu vim, cum no vidit prodesset interesset. Mollis legendos ne est, ex pri latine euismod apeirian. Nec molestie senserit an, eos no eirmod salutatus.<\/p>\n<p>Pro mucius everti ponderum at, vix reque scaevola eu. Ex nam veniam munere, at dico dictas mei. Ius ei assum assueverit. Nam ut assum nominavi.<\/p>","protected":false},"author":1,"featured_media":0,"parent":0,"menu_order":0,"comment_status":"closed","ping_status":"closed","template":"","meta":{"footnotes":""},"class_list":["post-1882","page","type-page","status-publish","hentry"],"_links":{"self":[{"href":"https:\/\/vtpower.es\/pt\/wp-json\/wp\/v2\/pages\/1882","targetHints":{"allow":["GET"]}}],"collection":[{"href":"https:\/\/vtpower.es\/pt\/wp-json\/wp\/v2\/pages"}],"about":[{"href":"https:\/\/vtpower.es\/pt\/wp-json\/wp\/v2\/types\/page"}],"author":[{"embeddable":true,"href":"https:\/\/vtpower.es\/pt\/wp-json\/wp\/v2\/users\/1"}],"replies":[{"embeddable":true,"href":"https:\/\/vtpower.es\/pt\/wp-json\/wp\/v2\/comments?post=1882"}],"version-history":[{"count":16,"href":"https:\/\/vtpower.es\/pt\/wp-json\/wp\/v2\/pages\/1882\/revisions"}],"predecessor-version":[{"id":29578,"href":"https:\/\/vtpower.es\/pt\/wp-json\/wp\/v2\/pages\/1882\/revisions\/29578"}],"wp:attachment":[{"href":"https:\/\/vtpower.es\/pt\/wp-json\/wp\/v2\/media?parent=1882"}],"curies":[{"name":"wp","href":"https:\/\/api.w.org\/{rel}","templated":true}]}}