{"id":4383,"date":"2021-05-05T12:45:21","date_gmt":"2021-05-05T12:45:21","guid":{"rendered":"https:\/\/vtpower.es\/sku\/cargador-noco-gb40-12v\/"},"modified":"2021-06-08T07:39:21","modified_gmt":"2021-06-08T07:39:21","slug":"cargador-noco-gb40-12v","status":"publish","type":"product","link":"https:\/\/vtpower.es\/pt\/sku\/cargador-noco-gb40-12v\/","title":{"rendered":"Cargador Noco GB40. 12V."},"content":{"rendered":"<p><a href='https:\/\/vtpower.es\/wp-content\/uploads\/fichatecnica\/GB40_NOCO.pdf'>Abrir ficha t\u00e9cnica<\/a><br \/>\nBater\u00eda de Cargadores de Noco. 12 Voltios.<br \/>\nBajo el lema \u201cStart Dead Batteries\u201d, Noco ofrece una completa gama de cargadores y arrancadores. La versatilidad de la gama permite trabajar tanto las bater\u00edas descargadas por uso continuado e intenso como cargas de refresco en las que acumulan tiempo sin dar servicio.  <\/p>\n<p>VT BATTERIES dispone de cargadores para plomo \u00e1cido, con los que se pueden cargar todo tipo de bater\u00edas, desde selladas, hasta abiertas, herm\u00e9ticas y de 6, 12 y 24 voltios.<br \/>\nLos cargadores utilizan la curva de carga IUoU para obtener una carga suave y progresiva de la bater\u00eda. Cuando el cargador detecta bater\u00eda llena pasa autom\u00e1ticamente a carga de mantenimiento en voltaje constante para evitar una sobrecarga.<\/p>","protected":false},"excerpt":{"rendered":"<p>Bater\u00eda de Noco &#8211;  12V\/E<br \/>\nEAN\/GTIN:<br \/>\nMedidas (mm):xx<\/p>","protected":false},"featured_media":4503,"template":"","meta":[],"product_brand":[],"product_cat":[797],"product_tag":[482],"class_list":{"0":"post-4383","1":"product","2":"type-product","3":"status-publish","4":"has-post-thumbnail","6":"product_cat-noco","7":"product_tag-cargadores","9":"first","10":"outofstock","11":"shipping-taxable","12":"purchasable","13":"product-type-simple"},"_links":{"self":[{"href":"https:\/\/vtpower.es\/pt\/wp-json\/wp\/v2\/product\/4383","targetHints":{"allow":["GET"]}}],"collection":[{"href":"https:\/\/vtpower.es\/pt\/wp-json\/wp\/v2\/product"}],"about":[{"href":"https:\/\/vtpower.es\/pt\/wp-json\/wp\/v2\/types\/product"}],"wp:featuredmedia":[{"embeddable":true,"href":"https:\/\/vtpower.es\/pt\/wp-json\/wp\/v2\/media\/4503"}],"wp:attachment":[{"href":"https:\/\/vtpower.es\/pt\/wp-json\/wp\/v2\/media?parent=4383"}],"wp:term":[{"taxonomy":"product_brand","embeddable":true,"href":"https:\/\/vtpower.es\/pt\/wp-json\/wp\/v2\/product_brand?post=4383"},{"taxonomy":"product_cat","embeddable":true,"href":"https:\/\/vtpower.es\/pt\/wp-json\/wp\/v2\/product_cat?post=4383"},{"taxonomy":"product_tag","embeddable":true,"href":"https:\/\/vtpower.es\/pt\/wp-json\/wp\/v2\/product_tag?post=4383"}],"curies":[{"name":"wp","href":"https:\/\/api.w.org\/{rel}","templated":true}]}}